{"id":8798,"date":"2025-05-19T12:14:59","date_gmt":"2025-05-19T15:14:59","guid":{"rendered":"https:\/\/agricultura.sp.gov.br\/cati\/?page_id=8798"},"modified":"2025-08-04T17:11:47","modified_gmt":"2025-08-04T20:11:47","slug":"apicultura-e-meliponicultura","status":"publish","type":"page","link":"https:\/\/agricultura.sp.gov.br\/cati\/apicultura-e-meliponicultura\/","title":{"rendered":"Apicultura e Meliponicultura"},"content":{"rendered":"\n<p><\/p>\n\n\n\n<figure class=\"wp-block-image size-large is-resized\"><img loading=\"lazy\" decoding=\"async\" width=\"1024\" height=\"236\" src=\"https:\/\/storage.googleapis.com\/saa-repositorio\/prd\/saa-sites\/cati\/imagens\/BANNERS-HOME-SITES-SAA-19-1024x236.png\" alt=\"\" class=\"wp-image-8804\" style=\"object-fit:cover;width:1300px;height:300px\"\/><\/figure>\n\n\n\n<h2 class=\"wp-block-heading has-medium-font-size\">As Abelhas e as Cadeias Produtivas da Apicultura e Meliponicultura<\/h2>\n\n\n\n<p>As abelhas s\u00e3o os principais polinizadores de diversas esp\u00e9cies vegetais, assumindo importante papel ao meio ambiente pela responsabilidade na perpetua\u00e7\u00e3o da nossa flora e fauna. Tamb\u00e9m s\u00e3o fundamentais para nossa alimenta\u00e7\u00e3o, influindo na qualidade dos vegetais que produzimos para consumo e na sua produtividade, al\u00e9m de nos fornecerem mel, geleia real, pr\u00f3polis, p\u00f3len e cera. <\/p>\n\n\n\n<p>De acordo com os dados oficiais, existem atualmente mais de 1.250 apicultores (177 mil col\u00f4nias de abelhas africanizadas) e 2.000 meliponicultores (com mais de 24 mil col\u00f4nias de abelhas nativas), muitos dos quais organizados em mais de 50 associa\u00e7\u00f5es e cooperativas distribu\u00eddas pelo Estado de S\u00e3o Paulo.<\/p>\n\n\n\n<hr class=\"wp-block-separator has-text-color has-white-color has-alpha-channel-opacity has-white-background-color has-background is-style-dots\"\/>\n\n\n\n<div class=\"wp-block-buttons is-layout-flex wp-block-buttons-is-layout-flex\">\n<div class=\"wp-block-button has-custom-width wp-block-button__width-50\"><a class=\"wp-block-button__link has-background wp-element-button\" href=\"https:\/\/agricultura.sp.gov.br\/cati\/apicultura\/\" style=\"background-color:#1c3d77\">Apicultura<\/a><\/div>\n\n\n\n<div class=\"wp-block-button has-custom-width wp-block-button__width-50\"><a class=\"wp-block-button__link has-background wp-element-button\" href=\"https:\/\/agricultura.sp.gov.br\/cati\/meliponicultura\/\" style=\"background-color:#1c3d77\">Meliponicultura<\/a><\/div>\n<\/div>\n\n\n\n<hr class=\"wp-block-separator has-text-color has-white-color has-alpha-channel-opacity has-white-background-color has-background is-style-dots\"\/>\n\n\n\n<h3 class=\"wp-block-heading has-text-align-center has-background has-medium-font-size\" style=\"background-color:#f8f9fa\">Atua\u00e7\u00e3o da&nbsp;CATI<\/h3>\n\n\n\n<p>A CATI conta com o&nbsp;<a href=\"https:\/\/drive.google.com\/file\/d\/1LNVtWhbo5wb3XG70bGlWnLQQy5Iuvan4\/view\" target=\"_blank\" rel=\"noreferrer noopener\">Grupo T\u00e9cnico de Apicultura e Meliponicultura<\/a>, composto por extensionistas de diversas regionais do Estado, e com o<a href=\"https:\/\/drive.google.com\/file\/d\/1ZRMcfUE9GF1bCb9yKIeNnvxTQRsvvMcA\/view?usp=sharing\" target=\"_blank\" rel=\"noreferrer noopener\">&nbsp;Centro de Agroecologia e Servi\u00e7os Ambientais<\/a>, do Departamento de Sustentabilidade Agroambiental para o desenvolvimento de a\u00e7\u00f5es e fortalecimento das cadeias produtivas da apicultura e meliponicultura em todo o Estado de S\u00e3o Paulo, com programas de capacita\u00e7\u00e3o, eventos e outras atividades. <\/p>\n\n\n\n<p>A CATI atua na orienta\u00e7\u00e3o para regulariza\u00e7\u00e3o da atividade, implanta\u00e7\u00e3o das boas pr\u00e1ticas de manejo, apoio e desenvolvimento de projetos e fortalecimento dos produtores, suas associa\u00e7\u00f5es e cooperativas para uma produ\u00e7\u00e3o sustent\u00e1vel e comercializa\u00e7\u00e3o dos produtos, focando na divulga\u00e7\u00e3o das tecnologias sustent\u00e1veis, Boas Pr\u00e1ticas e seguran\u00e7a alimentar.<\/p>\n\n\n\n<p>Embora a cria\u00e7\u00e3o de abelhas j\u00e1 seja pr\u00e1tica antiga e o mel seja considerado um alimento completo e tradicional, o consumo de mel&nbsp;<em>per capita<\/em>&nbsp;no Brasil ainda \u00e9 considerado muito baixo, o que se deve sobretudo a quest\u00f5es culturais. A CATI, por meio da campanha Mel Seguro, atua para estimular a produ\u00e7\u00e3o e o consumo do mel, realizando a\u00e7\u00f5es e eventos para divulga\u00e7\u00e3o do mel e de seus benef\u00edcios.<\/p>\n\n\n\n<p>Al\u00e9m da cria\u00e7\u00e3o zoot\u00e9cnica de abelhas para produ\u00e7\u00e3o de mel, p\u00f3len, cera e pr\u00f3polis, uma outra possibilidade para os produtores \u00e9 a poliniza\u00e7\u00e3o dirigida, com grande potencial de desenvolvimento, principalmente para culturas como o caf\u00e9, morango, mel\u00e3o, abacate e outras frut\u00edferas, dentre outras culturas. Tamb\u00e9m \u00e9 poss\u00edvel a incorpora\u00e7\u00e3o das abelhas em programas de recupera\u00e7\u00e3o ambiental e de cultivos sustent\u00e1veis (agroflorestas, Integra\u00e7\u00e3o Lavoura, Pecu\u00e1ria e Floresta &#8211; ILPF, agricultura org\u00e2nica, Programa de Regulariza\u00e7\u00e3o Ambiental &#8211; PRA, dentre outros).<\/p>\n\n\n\n<blockquote class=\"wp-block-quote is-layout-flow wp-block-quote-is-layout-flow\">\n<p>Baixe aqui a<a href=\"https:\/\/sigam.ambiente.sp.gov.br\/sigam3\/repositorio\/448\/documentos\/Especies%20031018.xlsx\" target=\"_blank\" rel=\"noreferrer noopener\">&nbsp;lista orientativa de esp\u00e9cies arb\u00f3reas e arbustivas para enriquecimento de pasto melit\u00f3filo<\/a>&nbsp;e projetos de restaura\u00e7\u00e3o ambiental. A lista consiste em uma planilha que permite a sele\u00e7\u00e3o de esp\u00e9cies arb\u00f3reas e arbustivas de acordo com a regi\u00e3o paulista, os recursos que elas fornecem para as abelhas (n\u00e9ctar, p\u00f3len, resinas) e a \u00e9poca de florescimento.<\/p>\n<\/blockquote>\n\n\n\n<h2 class=\"wp-block-heading has-text-align-center has-background has-medium-font-size\" style=\"background-color:#f8f9fa\">Regulariza\u00e7\u00e3o de api\u00e1rios e melipon\u00e1rios &#8211; Orienta\u00e7\u00f5es<\/h2>\n\n\n\n<blockquote class=\"wp-block-quote is-layout-flow wp-block-quote-is-layout-flow\">\n<p>&nbsp;Os cadastros e autoriza\u00e7\u00f5es referentes \u00e0 apicultura e meliponicultura podem ser realizados online e gratuitamente pelos criadores de abelhas.<\/p>\n\n\n\n<p>As abelhas Apis e as nativas s\u00e3o animais de peculiar interesse do Estado e insetos de interesse econ\u00f4mico, raz\u00f5es pelas quais \u00e9 necess\u00e1rio que suas cria\u00e7\u00f5es sejam cadastradas junto \u00e0 Defesa Agropecu\u00e1ria\/SAA, por meio do&nbsp;<a href=\"https:\/\/gedave.defesaagropecuaria.sp.gov.br\/\" target=\"_blank\" rel=\"noreferrer noopener\">sistema Gedave.<\/a><\/p>\n\n\n\n<p>As abelhas nativas, por serem animais da fauna silvestre, demandam tamb\u00e9m uma autoriza\u00e7\u00e3o do \u00f3rg\u00e3o ambiental para sua cria\u00e7\u00e3o, por meio do&nbsp;<a href=\"https:\/\/sigam.ambiente.sp.gov.br\/sigam3\/Default.aspx?idPagina=12244\" target=\"_blank\" rel=\"noreferrer noopener\">Sistema Gefau<\/a>.<\/p>\n\n\n\n<p>Veja<a href=\"https:\/\/drive.google.com\/file\/d\/1wHrameAVTL_emynNXnLPOeRc-M-HAU6-\/view?usp=sharing\" target=\"_blank\" rel=\"noreferrer noopener\">&nbsp;aqui o resumo dos cadastros e autoriza\u00e7\u00f5es necess\u00e1rios&nbsp;<\/a>para a apicultura e meliponicultura e a legisla\u00e7\u00e3o relacionada.<\/p>\n\n\n\n<p><strong>1) Autoriza\u00e7\u00f5es junto ao \u00d3rg\u00e3o Ambiental Estadual (Secretaria de Meio Ambiente, Infraestrutura e Log\u00edstica)<\/strong><\/p>\n\n\n\n<p>As autoriza\u00e7\u00f5es s\u00e3o necess\u00e1rias apenas para meliponicultura, por manejar animais silvestres, e devem ser requeridas pelo&nbsp;<a href=\"https:\/\/sigam.ambiente.sp.gov.br\/sigam3\/Default.aspx?idPagina=15709\" target=\"_blank\" rel=\"noreferrer noopener\">Sistema Gefau, dispon\u00edvel&nbsp;aqui.&nbsp;<\/a><\/p>\n\n\n\n<p>As autoriza\u00e7\u00f5es s\u00e3o necess\u00e1rias apenas para meliponicultura, por manejar animais silvestres, e devem ser requeridas pelo&nbsp;<a href=\"https:\/\/sigam.ambiente.sp.gov.br\/sigam3\/Default.aspx?idPagina=15709\" target=\"_blank\" rel=\"noreferrer noopener\">Sistema Gefau, dispon\u00edvel&nbsp;aqui.&nbsp;<\/a><\/p>\n\n\n\n<p>Suporte com<em>\u00a0links<\/em>\u00a0para passo a passo descritivo e\u00a0<em>lives<\/em>\u00a0sobre cada tema:\u00a0<a href=\"https:\/\/sigam.ambiente.sp.gov.br\/sigam3\/repositorio\/448\/documentos\/Manual_de_Operao_Gefau_-_Mdulo_Manejo_de_Abelhas_Nativas_v_5_15SET21.pdf\" target=\"_blank\" rel=\"noreferrer noopener\">Manual de Opera\u00e7\u00e3o do Gefau &#8211; M\u00f3dulo Meliponicultor<\/a> <\/p>\n<\/blockquote>\n\n\n\n<p><strong>a) Autoriza\u00e7\u00e3o de uso e manejo e regulariza\u00e7\u00e3o de plantel pr\u00e9-existente (data limite: 15\/12\/2023)<\/strong>\u00a0 <\/p>\n\n\n\n<blockquote class=\"wp-block-quote is-layout-flow wp-block-quote-is-layout-flow\">\n<p><em>1- Fichas com o passo-a-passo<\/em><\/p>\n<\/blockquote>\n\n\n\n<ul class=\"wp-block-list\">\n<li>1.1&#8211;<a href=\"https:\/\/drive.google.com\/file\/d\/1CnvYG3PicvrdWnbhDNLWX-0H02F_Dbzf\/view?usp=sharing\" target=\"_blank\" rel=\"noreferrer noopener\">Organiza\u00e7\u00e3o do plantel&nbsp;<\/a><\/li>\n\n\n\n<li>1.2&#8211;&nbsp;<a href=\"https:\/\/drive.google.com\/file\/d\/19FrZtnigHum7xS22xhAIR33aCKWQBY-_\/view?usp=sharing\" target=\"_blank\" rel=\"noreferrer noopener\">Autoriza\u00e7\u00e3o de Uso e Manejo&nbsp;<\/a><\/li>\n\n\n\n<li>1.3-&nbsp;<a href=\"https:\/\/drive.google.com\/file\/d\/163Z5jPucO0aJ133jigBlULvtcFld9gqd\/view?usp=sharing\" target=\"_blank\" rel=\"noreferrer noopener\">Regulariza\u00e7\u00e3o do plantel pr\u00e9-existente<\/a><\/li>\n<\/ul>\n\n\n\n<p><em>2- Tutorial em V\u00eddeo<\/em>:\u00a0<\/p>\n\n\n\n<figure class=\"wp-block-embed is-type-video is-provider-youtube wp-block-embed-youtube wp-embed-aspect-16-9 wp-has-aspect-ratio\"><div class=\"wp-block-embed__wrapper\">\n<iframe loading=\"lazy\" title=\"CATI - Tutorial Autoriza\u00e7\u00e3o de Uso e Manejo e Plantel Pr\u00e9 Existente de Abelhas Nativas Sem Ferr\u00e3o\" width=\"500\" height=\"281\" src=\"https:\/\/www.youtube.com\/embed\/M3QXEzBa8Og?feature=oembed\" frameborder=\"0\" allow=\"accelerometer; autoplay; clipboard-write; encrypted-media; gyroscope; picture-in-picture; web-share\" referrerpolicy=\"strict-origin-when-cross-origin\" allowfullscreen><\/iframe>\n<\/div><\/figure>\n\n\n\n<p><strong>b) Autoriza\u00e7\u00e3o de transporte e transfer\u00eancia entre melipon\u00e1rios pelo Gefau<\/strong><\/p>\n\n\n\n<ul class=\"wp-block-list\">\n<li>1-&nbsp;<a href=\"https:\/\/drive.google.com\/file\/d\/1nxPPQbGLdQ5S_4q6weh9ZTUZ2-aWjP-T\/view?usp=sharing\" target=\"_blank\" rel=\"noreferrer noopener\">Ficha com o passo-a-passo&nbsp;<\/a><\/li>\n\n\n\n<li>2-<a href=\"https:\/\/www.youtube.com\/watch?v=5fulkSSN46o\" target=\"_blank\" rel=\"noreferrer noopener\">Tutorial em V\u00eddeo<\/a><\/li>\n<\/ul>\n\n\n\n<p class=\"has-medium-font-size\"><br><strong>c) Autoriza\u00e7\u00e3o de transporte para atividades did\u00e1ticas<\/strong><\/p>\n\n\n\n<p>Consultar o&nbsp;<a href=\"https:\/\/www.cati.sp.gov.br\/portal\/cmsCati\/projetos-e-programas\/link%20https:\/sigam.ambiente.sp.gov.br\/sigam3\/repositorio\/448\/documentos\/Manual_de_Operao_Gefau_-_Mdulo_Manejo_de_Abelhas_Nativas_v_5_15SET21.pdf\" target=\"_blank\" rel=\"noreferrer noopener\">Manual GEFAU &#8211; Melipon\u00e1rio&nbsp;<\/a><\/p>\n\n\n\n<p class=\"has-medium-font-size\"><strong>d) Autoriza\u00e7\u00e3o de instala\u00e7\u00e3o de ninhos-isca<\/strong><\/p>\n\n\n\n<ul class=\"wp-block-list\">\n<li>1-&nbsp;<a href=\"https:\/\/drive.google.com\/file\/d\/1PhWmnZ4E08TiCaiMNfrXOKqIRwSx4PiS\/view?usp=sharing\" target=\"_blank\" rel=\"noreferrer noopener\">Ficha com o passo-a-passo<\/a><\/li>\n\n\n\n<li>2-<a href=\"https:\/\/www.youtube.com\/watch?v=kT-Dm2zIf3E\" target=\"_blank\" rel=\"noreferrer noopener\">Tutorial em V\u00eddeo<\/a><\/li>\n<\/ul>\n\n\n\n<p class=\"has-medium-font-size\"><strong>e)&nbsp;Atualiza\u00e7\u00e3o de plantel no Sistema Gefau \u2013 multiplica\u00e7\u00e3o de col\u00f4nias e baixas no plantel<\/strong><\/p>\n\n\n\n<ul class=\"wp-block-list\">\n<li><a href=\"https:\/\/www.cati.sp.gov.br\/portal\/themes\/unify\/arquivos\/projetos-e-programas\/7b%20Atualizacao%20planteL%20no%20GEFAU%20corr.pdf\" target=\"_blank\" rel=\"noreferrer noopener\">1- Ficha com o passo-a-passo<\/a><\/li>\n\n\n\n<li><a href=\"https:\/\/www.cati.sp.gov.br\/portal\/themes\/unify\/arquivos\/projetos-e-programas\/Declaracao-de-saida-do-plantel.docx\">2-&nbsp;Modelo de Declara\u00e7\u00e3o de sa\u00edda do plantel<\/a><\/li>\n<\/ul>\n\n\n\n<p><strong>2) Cadastro junto \u00e0 Defesa Agropecu\u00e1ria\/SAA: necess\u00e1rio para&nbsp;meliponicultura e apicultura, por se caracterizarem como atividades com animais de peculiar interesse do Estado.<\/strong><\/p>\n\n\n\n<p>i.&nbsp;<a href=\"https:\/\/www.defesa.agricultura.sp.gov.br\/www\/servicos\/?\/cadastro-de-apicultor-e-ou-meliponicultor-na-defesa-agropecuaria\/&amp;cod=113\" target=\"_blank\" rel=\"noreferrer noopener\">Orienta\u00e7\u00f5es da Defesa Agropecu\u00e1ria<\/a><\/p>\n\n\n\n<p>ii.&nbsp;<a href=\"https:\/\/gedave.defesaagropecuaria.sp.gov.br\/\" target=\"_blank\" rel=\"noreferrer noopener\">Cadastro<\/a><\/p>\n\n\n\n<p><strong>Suporte com links para passo a passo descritivo e lives sobre o tema:&nbsp;<\/strong><\/p>\n\n\n\n<p>a)<a href=\"https:\/\/www.youtube.com\/watch?v=QsP9ZbHyGw4\" target=\"_blank\" rel=\"noreferrer noopener\">Tutorial em v\u00eddeo para Cadastro no Gedave, Guia de tr\u00e2nsito animal (Gta) e atualiza\u00e7\u00e3o de plantel no sistema&nbsp;<\/a><\/p>\n\n\n\n<p>b)&nbsp;<a href=\"https:\/\/drive.google.com\/file\/d\/1FC30O2-pZ08lwTmc05KsQRWJwRQqT6Pt\/view?usp=sharing\" target=\"_blank\" rel=\"noreferrer noopener\">Ficha com passo a passo para cadastro<\/a><\/p>\n\n\n\n<p>c)&nbsp;<a href=\"https:\/\/drive.google.com\/file\/d\/1eIh6nJlEVFbHBzuCZ2T5uoYuQHyvH4gr\/view?usp=sharing\" target=\"_blank\" rel=\"noreferrer noopener\">Ficha com passo a passo para obten\u00e7\u00e3o de GTA, a cada transporte de col\u00f4nias&nbsp;<\/a><\/p>\n\n\n\n<p>d)&nbsp;<a href=\"https:\/\/drive.google.com\/file\/d\/1M3iVuKwGyXpLKYFyd99XKzOtp6w_HuEb\/view?usp=sharing\" target=\"_blank\" rel=\"noreferrer noopener\">Ficha com passo a passo para atualiza\u00e7\u00e3o do plantel no sistema Gedave<\/a><\/p>\n\n\n\n<p><strong>3)&nbsp;Cadastro junto ao&nbsp;Ibama<\/strong><\/p>\n\n\n\n<p>Cadastro ambiental junto ao \u00d3rg\u00e3o Federal, necess\u00e1rio para meliponicultores comerciais e meliponicultores com mais de 49 col\u00f4nias pelo&nbsp;<em>site<\/em>:&nbsp;<a href=\"https:\/\/www.gov.br\/ibama\/pt-br\/servicos\/cadastros\/ctf\/ctf-app\/ctf-app#formularios-de-inscricao\" target=\"_blank\" rel=\"noreferrer noopener\">https:\/\/www.gov.br\/ibama\/pt-br\/servicos\/cadastros\/ctf\/ctf-app\/ctf-app#formularios-de-inscricao&nbsp;<\/a><\/p>\n\n\n\n<figure class=\"wp-block-embed is-type-video is-provider-youtube wp-block-embed-youtube wp-embed-aspect-16-9 wp-has-aspect-ratio\"><div class=\"wp-block-embed__wrapper\">\n<iframe loading=\"lazy\" title=\"Cadastro T\u00e9cnico Federal para Meliponicultura - Abelhas sem Ferr\u00e3o\" width=\"500\" height=\"281\" src=\"https:\/\/www.youtube.com\/embed\/VsTqlX_pO4c?list=PL_gFM3tGc1asSh9nLK7sXfkolI2TsG9QX\" frameborder=\"0\" allow=\"accelerometer; autoplay; clipboard-write; encrypted-media; gyroscope; picture-in-picture; web-share\" referrerpolicy=\"strict-origin-when-cross-origin\" allowfullscreen><\/iframe>\n<\/div><\/figure>\n\n\n\n<blockquote class=\"wp-block-quote is-layout-flow wp-block-quote-is-layout-flow\">\n<p>Obs.: para anotar suas senhas, logins e outras informa\u00e7\u00f5es importantes de seus cadastros e autoriza\u00e7\u00f5es, disponibilizamos a \u201c<strong>Carteirinha do Meliponicultor<\/strong>\u201d, que pode ser baixada para impress\u00e3o&nbsp;<a href=\"https:\/\/drive.google.com\/file\/d\/15FJXdkfgrxYGqTnFXjtNUaDDTaSjV7sy\/view?usp=sharing\" target=\"_blank\" rel=\"noreferrer noopener\">clicando aqui.<\/a><\/p>\n<\/blockquote>\n\n\n\n<div class=\"wp-block-buttons is-layout-flex wp-block-buttons-is-layout-flex\">\n<div class=\"wp-block-button has-custom-width wp-block-button__width-50\"><a class=\"wp-block-button__link has-background wp-element-button\" href=\"https:\/\/agricultura.sp.gov.br\/cati\/programa-estadual-de-saude-das-abelhas-pesab\/\" style=\"background-color:#1c3d77\">Programa Estadual de Sa\u00fade das Abelhas (Pesab)<\/a><\/div>\n\n\n\n<div class=\"wp-block-button has-custom-width wp-block-button__width-50\"><a class=\"wp-block-button__link has-background wp-element-button\" href=\"https:\/\/agricultura.sp.gov.br\/cati\/campanha-mel-seguro\/\" style=\"background-color:#1c3d77\">Campanha Mel Seguro<\/a><\/div>\n<\/div>\n\n\n\n<hr class=\"wp-block-separator has-text-color has-white-color has-alpha-channel-opacity has-white-background-color has-background is-style-dots\"\/>\n\n\n\n<h3 class=\"wp-block-heading has-medium-font-size\">Regulariza\u00e7\u00e3o da produ\u00e7\u00e3o e comercializa\u00e7\u00e3o ap\u00edcola e melipon\u00edcola<\/h3>\n\n\n\n<p>Por se tratar de produtos de origem animal, a produ\u00e7\u00e3o e comercializa\u00e7\u00e3o de mel, pr\u00f3polis, p\u00f3len, geleia real e cera precisam seguir regulamenta\u00e7\u00e3o pr\u00f3pria e obter aprova\u00e7\u00e3o do servi\u00e7o de inspe\u00e7\u00e3o, quer seja federal, estadual ou municipal \u2013 SIF\/SISP\/SIM.<\/p>\n\n\n\n<p>Com a publica\u00e7\u00e3o da Lei n.\u00b0 17.453\/2021 e do Decreto n.\u00b0 66.523\/2022, o pequeno produtor paulista pode contar com o SISP Artesanal, que re\u00fane procedimentos simplificados para produ\u00e7\u00e3o e comercializa\u00e7\u00e3o de seus produtos.&nbsp;<a href=\"https:\/\/www.defesa.agricultura.sp.gov.br\/www\/servicos\/?\/sisp-registro-de-estabelecimento-sob-forma-artesanal\/&amp;cod=35\" target=\"_blank\" rel=\"noreferrer noopener\">Saiba mais aqui.<\/a><\/p>\n\n\n\n<p>Como possibilidade de ampliar a abrang\u00eancia da \u00e1rea de comercializa\u00e7\u00e3o dos produtos, existe a possibilidade de requerer o Selo Arte, conforme&nbsp;<a href=\"https:\/\/www.defesa.agricultura.sp.gov.br\/www\/servicos\/?\/sisp-selo-arte\/&amp;cod=56\" target=\"_blank\" rel=\"noreferrer noopener\">orienta\u00e7\u00f5es constantes no&nbsp;<em>link<\/em>&nbsp;<\/a><\/p>\n\n\n\n<h3 class=\"wp-block-heading has-medium-font-size\">Contatos e Informa\u00e7\u00f5es Adicionais:<\/h3>\n\n\n\n<p>Para mais orienta\u00e7\u00f5es, procure a Casa da Agricultura de seu munic\u00edpio ou Regional da CATI que o atende, conforme endere\u00e7os disponibilizados neste mesmo&nbsp;<em>site<\/em>.&nbsp;<\/p>\n\n\n\n<p><\/p>\n","protected":false},"excerpt":{"rendered":"<p>As Abelhas e as Cadeias Produtivas da Apicultura e Meliponicultura As abelhas s\u00e3o os principais polinizadores de diversas esp\u00e9cies vegetais, assumindo importante papel ao meio ambiente pela responsabilidade na perpetua\u00e7\u00e3o da nossa flora e fauna. Tamb\u00e9m s\u00e3o fundamentais para nossa alimenta\u00e7\u00e3o, influindo na qualidade dos vegetais que produzimos para consumo e na sua produtividade, al\u00e9m [&hellip;]<\/p>\n","protected":false},"author":1,"featured_media":0,"parent":0,"menu_order":0,"comment_status":"closed","ping_status":"closed","template":"","meta":{"_acf_changed":false,"footnotes":""},"class_list":["post-8798","page","type-page","status-publish","hentry"],"acf":[],"_links":{"self":[{"href":"https:\/\/agricultura.sp.gov.br\/cati\/wp-json\/wp\/v2\/pages\/8798","targetHints":{"allow":["GET"]}}],"collection":[{"href":"https:\/\/agricultura.sp.gov.br\/cati\/wp-json\/wp\/v2\/pages"}],"about":[{"href":"https:\/\/agricultura.sp.gov.br\/cati\/wp-json\/wp\/v2\/types\/page"}],"author":[{"embeddable":true,"href":"https:\/\/agricultura.sp.gov.br\/cati\/wp-json\/wp\/v2\/users\/1"}],"replies":[{"embeddable":true,"href":"https:\/\/agricultura.sp.gov.br\/cati\/wp-json\/wp\/v2\/comments?post=8798"}],"version-history":[{"count":19,"href":"https:\/\/agricultura.sp.gov.br\/cati\/wp-json\/wp\/v2\/pages\/8798\/revisions"}],"predecessor-version":[{"id":9139,"href":"https:\/\/agricultura.sp.gov.br\/cati\/wp-json\/wp\/v2\/pages\/8798\/revisions\/9139"}],"wp:attachment":[{"href":"https:\/\/agricultura.sp.gov.br\/cati\/wp-json\/wp\/v2\/media?parent=8798"}],"curies":[{"name":"wp","href":"https:\/\/api.w.org\/{rel}","templated":true}]}}