{"id":8779,"date":"2025-05-19T10:29:30","date_gmt":"2025-05-19T13:29:30","guid":{"rendered":"https:\/\/agricultura.sp.gov.br\/cati\/?page_id=8779"},"modified":"2026-04-13T15:33:31","modified_gmt":"2026-04-13T18:33:31","slug":"sementes-e-mudas-como-e-onde-comprar","status":"publish","type":"page","link":"https:\/\/agricultura.sp.gov.br\/cati\/sementes-e-mudas-como-e-onde-comprar\/","title":{"rendered":"Sementes e Mudas, como e onde comprar"},"content":{"rendered":"\n<hr class=\"wp-block-separator has-text-color has-white-color has-alpha-channel-opacity has-white-background-color has-background\"\/>\n\n\n\n<figure class=\"wp-block-image size-large is-resized\"><img loading=\"lazy\" decoding=\"async\" width=\"1024\" height=\"237\" src=\"https:\/\/storage.googleapis.com\/saa-repositorio\/prd\/saa-sites\/cati\/imagens\/2025_CATI-CECOR_ARTE_Banner-Novo-site-CATI-Paginas-1024-x-236-1-1024x237.jpg\" alt=\"\" class=\"wp-image-11212\" style=\"width:1300px\"\/><\/figure>\n\n\n\n<div style=\"height:43px\" aria-hidden=\"true\" class=\"wp-block-spacer\"><\/div>\n\n\n\n<p>Somos a CATI SEMENTES E MUDAS, uma coordenadoria da Diretoria de Assist\u00eancia T\u00e9cnica Integral &#8211; CATI, da Secretaria de Agricultura e Abastecimento do Estado de S\u00e3o Paulo, que produz e comercializa sementes e mudas com garantia de qualidade gen\u00e9tica, fisiol\u00f3gica e sanit\u00e1ria.<\/p>\n\n\n\n<p>Tamb\u00e9m produzimos e comercializamos sementes org\u00e2nicas de milho variedade. Oferecemos qualidade, baixo custo, adaptabilidade regional e rusticidade. Somos pioneiros em tratamento natural de sementes convencionais em larga escala.<\/p>\n\n\n\n<div style=\"height:43px\" aria-hidden=\"true\" class=\"wp-block-spacer\"><\/div>\n\n\n\n<h4 class=\"wp-block-heading\"><strong>As sementes e mudas s\u00e3o comercializadas nos seguintes locais:<\/strong><\/h4>\n\n\n\n<ul class=\"wp-block-list\">\n<li><a href=\"https:\/\/www.cati.sp.gov.br\/portal\/institucional\/enderecos\" target=\"_blank\" rel=\"noreferrer noopener\"><u>Casas da Agricultura<\/u>&nbsp;e CATI Regionais<\/a>;<\/li>\n\n\n\n<li><a href=\"https:\/\/www.cati.sp.gov.br\/portal\/themes\/unify\/arquivos\/produtos-e-servicos\/enderecos\/01.CATI-SMListaTelefonicaEndere%C3%A7osemailsNSM.pdf.pdf\" target=\"_blank\" rel=\"noreferrer noopener\">N\u00facleos de Produ\u00e7\u00e3o de Sementes e Mudas;<\/a><\/li>\n\n\n\n<li><a href=\"https:\/\/www.cati.sp.gov.br\/portal\/themes\/unify\/arquivos\/produtos-e-servicos\/enderecos\/Revendas_vinculadas_aos_NPS.pdf\">Revendas.<\/a><\/li>\n<\/ul>\n\n\n\n<div style=\"height:24px\" aria-hidden=\"true\" class=\"wp-block-spacer is-style-dots\"><\/div>\n\n\n\n<h2 class=\"wp-block-heading has-text-align-center\"><strong>Tabela de pre\u00e7os:<\/strong><\/h2>\n\n\n\n<hr class=\"wp-block-separator has-text-color has-white-color has-alpha-channel-opacity has-white-background-color has-background is-style-dots\"\/>\n\n\n\n<div class=\"wp-block-buttons is-content-justification-center is-layout-flex wp-container-core-buttons-is-layout-16018d1d wp-block-buttons-is-layout-flex\">\n<div class=\"wp-block-button has-custom-width wp-block-button__width-50\"><a class=\"wp-block-button__link has-background wp-element-button\" href=\"https:\/\/storage.googleapis.com\/saa-repositorio\/prd\/saa-sites\/cati\/documentos\/CATI-Sementes-Mudas-Preco-Sementes.pdf\" style=\"background-color:#1c3d77\"><strong>Tabela de Sementes<\/strong><\/a><\/div>\n\n\n\n<div class=\"wp-block-button has-custom-width wp-block-button__width-50\"><a class=\"wp-block-button__link has-background wp-element-button\" href=\"https:\/\/storage.googleapis.com\/saa-repositorio\/prd\/saa-sites\/cati\/documentos\/CATI-Sementes-Mudas-Preco-Mudas-1.pdf\" style=\"background-color:#1c3d77\"><strong>Tabela de Mudas<\/strong><\/a><\/div>\n<\/div>\n\n\n\n<hr class=\"wp-block-separator has-alpha-channel-opacity\"\/>\n\n\n\n<h2 class=\"wp-block-heading has-text-align-center\"><a href=\"https:\/\/storage.googleapis.com\/saa-repositorio\/prd\/saa-sites\/cati\/documentos\/cati_estoque_sementes_13.04.26.pdf\">ESTOQUE DE SEMENTES 13\/04\/2026<\/a><\/h2>\n\n\n\n<h2 class=\"wp-block-heading has-text-align-center\"><a href=\"https:\/\/storage.googleapis.com\/saa-repositorio\/prd\/saa-sites\/cati\/documentos\/Estoque-de-mudas-disponiveis-07-04-2026.pdf\">ESTOQUE DE MUDAS 07\/04\/2026<\/a><\/h2>\n\n\n\n<hr class=\"wp-block-separator has-alpha-channel-opacity\"\/>\n\n\n\n<h2 class=\"wp-block-heading\"><\/h2>\n\n\n\n<h4 class=\"wp-block-heading\"><strong><u><strong>Aten\u00e7\u00e3o:<\/strong><\/u><\/strong><\/h4>\n\n\n\n<ul class=\"wp-block-list\">\n<li>as esp\u00e9cies e cultivares de sementes e mudas produzidas variam conforme o ano e a safra;<\/li>\n\n\n\n<li>nossos pre\u00e7os de venda est\u00e3o sujeitos \u00e0 altera\u00e7\u00e3o sem pr\u00e9vio aviso. Consulte sempre os pontos de venda;<\/li>\n\n\n\n<li>as sementes de milho convencional e org\u00e2nico tamb\u00e9m s\u00e3o comercializadas em revendas.<\/li>\n<\/ul>\n\n\n\n<hr class=\"wp-block-separator has-text-color has-white-color has-alpha-channel-opacity has-white-background-color has-background is-style-dots\"\/>\n\n\n\n<h4 class=\"wp-block-heading\"><strong>Contato:<\/strong> <\/h4>\n\n\n<div class=\"wp-block-image\">\n<figure class=\"alignleft is-resized\"><a href=\"https:\/\/wa.me\/5519997908824\/?text=CATI%20-%20Sementes%20e%20Mudas%20Canal%20Vendas\"><img decoding=\"async\" src=\"https:\/\/www.cati.sp.gov.br\/portal\/themes\/unify\/arquivos\/produtos-e-servicos\/atendimento%20whatsapp%20%281%29.png\" alt=\"\" style=\"width:278px;height:auto\"\/><\/a><\/figure>\n<\/div>\n\n\n<p><\/p>\n\n\n\n<p><\/p>\n\n\n\n<h4 class=\"wp-block-heading\"><strong>Conhe\u00e7a o trabalho da CATI Sementes e Mudas:&nbsp;<\/strong><\/h4>\n\n\n\n<p><\/p>\n\n\n\n<figure class=\"wp-block-embed is-type-video is-provider-youtube wp-block-embed-youtube wp-embed-aspect-16-9 wp-has-aspect-ratio\"><div class=\"wp-block-embed__wrapper\">\n<iframe loading=\"lazy\" title=\"CATI - Sementes e Mudas\" width=\"500\" height=\"281\" src=\"https:\/\/www.youtube.com\/embed\/DWE6NpBSB04?feature=oembed\" frameborder=\"0\" allow=\"accelerometer; autoplay; clipboard-write; encrypted-media; gyroscope; picture-in-picture; web-share\" referrerpolicy=\"strict-origin-when-cross-origin\" allowfullscreen><\/iframe>\n<\/div><\/figure>\n\n\n\n<h4 class=\"wp-block-heading\"><\/h4>\n","protected":false},"excerpt":{"rendered":"<p>Somos a CATI SEMENTES E MUDAS, uma coordenadoria da Diretoria de Assist\u00eancia T\u00e9cnica Integral &#8211; CATI, da Secretaria de Agricultura e Abastecimento do Estado de S\u00e3o Paulo, que produz e comercializa sementes e mudas com garantia de qualidade gen\u00e9tica, fisiol\u00f3gica e sanit\u00e1ria. Tamb\u00e9m produzimos e comercializamos sementes org\u00e2nicas de milho variedade. Oferecemos qualidade, baixo custo, [&hellip;]<\/p>\n","protected":false},"author":1,"featured_media":0,"parent":0,"menu_order":0,"comment_status":"closed","ping_status":"closed","template":"","meta":{"_acf_changed":false,"footnotes":""},"class_list":["post-8779","page","type-page","status-publish","hentry"],"acf":[],"_links":{"self":[{"href":"https:\/\/agricultura.sp.gov.br\/cati\/wp-json\/wp\/v2\/pages\/8779","targetHints":{"allow":["GET"]}}],"collection":[{"href":"https:\/\/agricultura.sp.gov.br\/cati\/wp-json\/wp\/v2\/pages"}],"about":[{"href":"https:\/\/agricultura.sp.gov.br\/cati\/wp-json\/wp\/v2\/types\/page"}],"author":[{"embeddable":true,"href":"https:\/\/agricultura.sp.gov.br\/cati\/wp-json\/wp\/v2\/users\/1"}],"replies":[{"embeddable":true,"href":"https:\/\/agricultura.sp.gov.br\/cati\/wp-json\/wp\/v2\/comments?post=8779"}],"version-history":[{"count":66,"href":"https:\/\/agricultura.sp.gov.br\/cati\/wp-json\/wp\/v2\/pages\/8779\/revisions"}],"predecessor-version":[{"id":24189,"href":"https:\/\/agricultura.sp.gov.br\/cati\/wp-json\/wp\/v2\/pages\/8779\/revisions\/24189"}],"wp:attachment":[{"href":"https:\/\/agricultura.sp.gov.br\/cati\/wp-json\/wp\/v2\/media?parent=8779"}],"curies":[{"name":"wp","href":"https:\/\/api.w.org\/{rel}","templated":true}]}}