{"id":8212,"date":"2025-05-19T14:29:50","date_gmt":"2025-05-19T17:29:50","guid":{"rendered":"http:\/\/sitemodelo.agricultura.sp.gov.br?page_id=8212"},"modified":"2025-05-19T15:19:09","modified_gmt":"2025-05-19T18:19:09","slug":"solo-fertil","status":"publish","type":"page","link":"https:\/\/agricultura.sp.gov.br\/cati\/solo-fertil\/","title":{"rendered":"Solo + F\u00e9rtil"},"content":{"rendered":"\n<figure class=\"wp-block-image is-resized\"><img decoding=\"async\" src=\"https:\/\/www.cati.sp.gov.br\/portal\/themes\/unify\/arquivos\/projetos-e-programas\/LOGO_SOLO%20%2B%20F%C3%89RTIL%202023.png\" alt=\"\" style=\"width:262px;height:auto\"\/><\/figure>\n\n\n\n<p><em>O intuito \u00e9 elevar a produtividade de pequenos e m\u00e9dios produtores com uso da aduba\u00e7\u00e3o e calagem tecnicamente embasadas<\/em><\/p>\n\n\n\n<p>Acordo de coopera\u00e7\u00e3o t\u00e9cnica tem o objetivo de promover o interc\u00e2mbio de informa\u00e7\u00f5es, dados t\u00e9cnicos, experi\u00eancias e a coopera\u00e7\u00e3o t\u00e9cnica entre as partes, sensibilizando os agricultores da import\u00e2ncia da an\u00e1lise de solo, calagem e aduba\u00e7\u00e3o, em todas as unidades de produ\u00e7\u00e3o agropecu\u00e1rias.<\/p>\n\n\n\n<p><strong>O Programa<\/strong><\/p>\n\n\n\n<p>O Solo + F\u00e9rtil tem como objetivo promover a utiliza\u00e7\u00e3o da calagem e aduba\u00e7\u00e3o em todas as Unidades de Produ\u00e7\u00e3o Agropecu\u00e1ria do Estado, estimulando os agricultores, especialmente os de pequeno e m\u00e9dio portes, a utilizar a an\u00e1lise de solo, incentivando o uso de calc\u00e1rio para corrigir a acidez dos solos.<\/p>\n\n\n\n<p><\/p>\n","protected":false},"excerpt":{"rendered":"<p>O intuito \u00e9 elevar a produtividade de pequenos e m\u00e9dios produtores com uso da aduba\u00e7\u00e3o e calagem tecnicamente embasadas Acordo de coopera\u00e7\u00e3o t\u00e9cnica tem o objetivo de promover o interc\u00e2mbio de informa\u00e7\u00f5es, dados t\u00e9cnicos, experi\u00eancias e a coopera\u00e7\u00e3o t\u00e9cnica entre as partes, sensibilizando os agricultores da import\u00e2ncia da an\u00e1lise de solo, calagem e aduba\u00e7\u00e3o, em [&hellip;]<\/p>\n","protected":false},"author":1,"featured_media":8218,"parent":0,"menu_order":0,"comment_status":"closed","ping_status":"closed","template":"","meta":{"_acf_changed":false,"footnotes":""},"class_list":["post-8212","page","type-page","status-publish","has-post-thumbnail","hentry"],"acf":[],"_links":{"self":[{"href":"https:\/\/agricultura.sp.gov.br\/cati\/wp-json\/wp\/v2\/pages\/8212","targetHints":{"allow":["GET"]}}],"collection":[{"href":"https:\/\/agricultura.sp.gov.br\/cati\/wp-json\/wp\/v2\/pages"}],"about":[{"href":"https:\/\/agricultura.sp.gov.br\/cati\/wp-json\/wp\/v2\/types\/page"}],"author":[{"embeddable":true,"href":"https:\/\/agricultura.sp.gov.br\/cati\/wp-json\/wp\/v2\/users\/1"}],"replies":[{"embeddable":true,"href":"https:\/\/agricultura.sp.gov.br\/cati\/wp-json\/wp\/v2\/comments?post=8212"}],"version-history":[{"count":3,"href":"https:\/\/agricultura.sp.gov.br\/cati\/wp-json\/wp\/v2\/pages\/8212\/revisions"}],"predecessor-version":[{"id":8834,"href":"https:\/\/agricultura.sp.gov.br\/cati\/wp-json\/wp\/v2\/pages\/8212\/revisions\/8834"}],"wp:featuredmedia":[{"embeddable":true,"href":"https:\/\/agricultura.sp.gov.br\/cati\/wp-json\/wp\/v2\/media\/8218"}],"wp:attachment":[{"href":"https:\/\/agricultura.sp.gov.br\/cati\/wp-json\/wp\/v2\/media?parent=8212"}],"curies":[{"name":"wp","href":"https:\/\/api.w.org\/{rel}","templated":true}]}}