{"id":7887,"date":"2025-02-25T09:57:25","date_gmt":"2025-02-25T12:57:25","guid":{"rendered":"https:\/\/homologacao.agricultura.sp.gov.br\/?page_id=7887"},"modified":"2025-04-10T13:50:37","modified_gmt":"2025-04-10T16:50:37","slug":"ouvidoria","status":"publish","type":"page","link":"https:\/\/agricultura.sp.gov.br\/cati\/ouvidoria\/","title":{"rendered":"FALA SP"},"content":{"rendered":"\n<p> Ouvidoria da Secretaria de Agricultura e Abastecimento \u00e9 um canal disponibilizado pelo Governo do Estado de S\u00e3o Paulo, para que voc\u00ea, cidad\u00e3o, apresente suas d\u00favidas, sugest\u00f5es, reclama\u00e7\u00f5es, den\u00fancias ou elogios sobre os servi\u00e7os prestados por nossa Secretaria.<\/p>\n\n\n\n<p>Para encaminhar sua manifesta\u00e7\u00e3o \u00e0 Ouvidoria da Secretaria de Agricultura e Abastecimento&nbsp;<a href=\"http:\/\/www.fala.sp.gov.br\/\" rel=\"noreferrer noopener\" target=\"_blank\"><strong>clique aqui<\/strong><\/a><\/p>\n\n\n\n<p><strong>Ouvidora:&nbsp;<\/strong>Iraci Hirota Rocha<\/p>\n\n\n\n<p><strong>Telefone:<\/strong>&nbsp;(11) 5067-0060<\/p>\n\n\n\n<p><strong>Endere\u00e7o:&nbsp;<\/strong>Pra\u00e7a Ramos de Azevedo, n\u00ba 254, Centro, S\u00e3o Paulo, SP, CEP: 01037-912<\/p>\n\n\n\n<p><strong><a href=\"https:\/\/www.agricultura.sp.gov.br\/documents\/37444\/46679\/Roteiro+para+tramita%C3%A7%C3%A3o+de+demandas+da+Ouvidoria.pdf\/c0a3f1c9-27d7-96f9-7792-a3331f71b445?t=1730834950243\">Roteiro para <\/a><a href=\"https:\/\/storage.googleapis.com\/saa-repositorio\/prd\/saa-sites\/cati\/documentos\/Roteiro-para-tramitacao-de-demandas-da-Ouvidoria-na-Agricultura.pdf\" data-type=\"attachment\" data-id=\"8311\">tramita\u00e7\u00e3o <\/a><a href=\"https:\/\/www.agricultura.sp.gov.br\/documents\/37444\/46679\/Roteiro+para+tramita%C3%A7%C3%A3o+de+demandas+da+Ouvidoria.pdf\/c0a3f1c9-27d7-96f9-7792-a3331f71b445?t=1730834950243\">de demandas da Ouvidoria<\/a>.<\/strong>\u00a0<\/p>\n\n\n\n<div style=\"height:52px\" aria-hidden=\"true\" class=\"wp-block-spacer\"><\/div>\n\n\n\n<hr class=\"wp-block-separator has-alpha-channel-opacity\"\/>\n\n\n\n<p class=\"has-text-color has-link-color has-medium-font-size wp-elements-f9cb9ac76c98c64ab54ac8818463ca25\" style=\"color:#2c6a4a\"><strong>Relat\u00f3rios de Manifesta\u00e7\u00e3o<\/strong><\/p>\n\n\n\n<p>Em cumprimento ao disposto na Lei n\u00ba 10.294, de 20 de abril de 1999, que trata da prote\u00e7\u00e3o e defesa do usu\u00e1rio do servi\u00e7o p\u00fablico e, considerando o&nbsp;<a href=\"https:\/\/www.al.sp.gov.br\/repositorio\/legislacao\/decreto\/2023\/decreto-68156-09.12.2023.html\" target=\"_blank\" rel=\"noreferrer noopener\">Decreto n\u00ba 68.156, de 09 de dezembro de 2023<\/a>, seguem Relat\u00f3rios das Atividades desenvolvidas pela Ouvidoria da Secretaria de Agricultura e Abastecimento.<\/p>\n\n\n    <div class=\"documentos-container\">\n        <ul class=\"documentos-tabs\">\n                            <li class=\"tab\" data-ano=\"2016\">2016<\/li>\n                            <li class=\"tab\" data-ano=\"2017\">2017<\/li>\n                            <li class=\"tab\" data-ano=\"2018\">2018<\/li>\n                            <li class=\"tab\" data-ano=\"2019\">2019<\/li>\n                            <li class=\"tab\" data-ano=\"2020\">2020<\/li>\n                            <li class=\"tab\" data-ano=\"2021\">2021<\/li>\n                            <li class=\"tab\" data-ano=\"2022\">2022<\/li>\n                            <li class=\"tab\" data-ano=\"2023\">2023<\/li>\n                            <li class=\"tab\" data-ano=\"2024\">2024<\/li>\n                            <li class=\"tab\" data-ano=\"2025\">2025<\/li>\n                            <li class=\"tab\" data-ano=\"2026\">2026<\/li>\n                    <\/ul>\n        \n        <div class=\"documentos-conteudo\">\n                            <div class=\"documentos-ano\" id=\"ano-2016\" style=\"display: none;\">\n                    <h3>2016<\/h3>\n                    <div class=\"semestres\">\n                        <button class=\"semestre\" data-semestre=\"1\">1\u00ba Semestre<\/button>\n                        <button class=\"semestre\" data-semestre=\"2\">2\u00ba Semestre<\/button>\n                    <\/div>\n                    <div class=\"documentos-lista\"><\/div>\n                <\/div>\n                            <div class=\"documentos-ano\" id=\"ano-2017\" style=\"display: none;\">\n                    <h3>2017<\/h3>\n                    <div class=\"semestres\">\n                        <button class=\"semestre\" data-semestre=\"1\">1\u00ba Semestre<\/button>\n                        <button class=\"semestre\" data-semestre=\"2\">2\u00ba Semestre<\/button>\n                    <\/div>\n                    <div class=\"documentos-lista\"><\/div>\n                <\/div>\n                            <div class=\"documentos-ano\" id=\"ano-2018\" style=\"display: none;\">\n                    <h3>2018<\/h3>\n                    <div class=\"semestres\">\n                        <button class=\"semestre\" data-semestre=\"1\">1\u00ba Semestre<\/button>\n                        <button class=\"semestre\" data-semestre=\"2\">2\u00ba Semestre<\/button>\n                    <\/div>\n                    <div class=\"documentos-lista\"><\/div>\n                <\/div>\n                            <div class=\"documentos-ano\" id=\"ano-2019\" style=\"display: none;\">\n                    <h3>2019<\/h3>\n                    <div class=\"semestres\">\n                        <button class=\"semestre\" data-semestre=\"1\">1\u00ba Semestre<\/button>\n                        <button class=\"semestre\" data-semestre=\"2\">2\u00ba Semestre<\/button>\n                    <\/div>\n                    <div class=\"documentos-lista\"><\/div>\n                <\/div>\n                            <div class=\"documentos-ano\" id=\"ano-2020\" style=\"display: none;\">\n                    <h3>2020<\/h3>\n                    <div class=\"semestres\">\n                        <button class=\"semestre\" data-semestre=\"1\">1\u00ba Semestre<\/button>\n                        <button class=\"semestre\" data-semestre=\"2\">2\u00ba Semestre<\/button>\n                    <\/div>\n                    <div class=\"documentos-lista\"><\/div>\n                <\/div>\n                            <div class=\"documentos-ano\" id=\"ano-2021\" style=\"display: none;\">\n                    <h3>2021<\/h3>\n                    <div class=\"semestres\">\n                        <button class=\"semestre\" data-semestre=\"1\">1\u00ba Semestre<\/button>\n                        <button class=\"semestre\" data-semestre=\"2\">2\u00ba Semestre<\/button>\n                    <\/div>\n                    <div class=\"documentos-lista\"><\/div>\n                <\/div>\n                            <div class=\"documentos-ano\" id=\"ano-2022\" style=\"display: none;\">\n                    <h3>2022<\/h3>\n                    <div class=\"semestres\">\n                        <button class=\"semestre\" data-semestre=\"1\">1\u00ba Semestre<\/button>\n                        <button class=\"semestre\" data-semestre=\"2\">2\u00ba Semestre<\/button>\n                    <\/div>\n                    <div class=\"documentos-lista\"><\/div>\n                <\/div>\n                            <div class=\"documentos-ano\" id=\"ano-2023\" style=\"display: none;\">\n                    <h3>2023<\/h3>\n                    <div class=\"semestres\">\n                        <button class=\"semestre\" data-semestre=\"1\">1\u00ba Semestre<\/button>\n                        <button class=\"semestre\" data-semestre=\"2\">2\u00ba Semestre<\/button>\n                    <\/div>\n                    <div class=\"documentos-lista\"><\/div>\n                <\/div>\n                            <div class=\"documentos-ano\" id=\"ano-2024\" style=\"display: none;\">\n                    <h3>2024<\/h3>\n                    <div class=\"semestres\">\n                        <button class=\"semestre\" data-semestre=\"1\">1\u00ba Semestre<\/button>\n                        <button class=\"semestre\" data-semestre=\"2\">2\u00ba Semestre<\/button>\n                    <\/div>\n                    <div class=\"documentos-lista\"><\/div>\n                <\/div>\n                            <div class=\"documentos-ano\" id=\"ano-2025\" style=\"display: none;\">\n                    <h3>2025<\/h3>\n                    <div class=\"semestres\">\n                        <button class=\"semestre\" data-semestre=\"1\">1\u00ba Semestre<\/button>\n                        <button class=\"semestre\" data-semestre=\"2\">2\u00ba Semestre<\/button>\n                    <\/div>\n                    <div class=\"documentos-lista\"><\/div>\n                <\/div>\n                            <div class=\"documentos-ano\" id=\"ano-2026\" style=\"display: none;\">\n                    <h3>2026<\/h3>\n                    <div class=\"semestres\">\n                        <button class=\"semestre\" data-semestre=\"1\">1\u00ba Semestre<\/button>\n                        <button class=\"semestre\" data-semestre=\"2\">2\u00ba Semestre<\/button>\n                    <\/div>\n                    <div class=\"documentos-lista\"><\/div>\n                <\/div>\n                    <\/div>\n    <\/div>\n    <script>\n        document.addEventListener(\"DOMContentLoaded\", function() {\n            document.querySelectorAll(\".tab\").forEach(tab => {\n                tab.addEventListener(\"click\", function() {\n                    document.querySelectorAll(\".documentos-ano\").forEach(div => div.style.display = \"none\");\n                    document.getElementById(\"ano-\" + this.dataset.ano).style.display = \"block\";\n                });\n            });\n\n            document.querySelectorAll(\".semestre\").forEach(button => {\n                button.addEventListener(\"click\", function() {\n                    let ano = this.closest(\".documentos-ano\").id.replace(\"ano-\", \"\");\n                    let semestre = this.dataset.semestre;\n                    fetch(\"https:\/\/agricultura.sp.gov.br\/cati\/wp-admin\/admin-ajax.php?action=buscar_documentos&ano=\" + ano + \"&semestre=\" + semestre)\n                        .then(response => response.text())\n                        .then(data => {\n                            this.closest(\".documentos-ano\").querySelector(\".documentos-lista\").innerHTML = data;\n                        });\n                });\n            });\n        });\n    <\/script>\n    \n\n\n\n<div style=\"height:44px\" aria-hidden=\"true\" class=\"wp-block-spacer\"><\/div>\n\n\n\n<p class=\"has-text-color has-link-color has-medium-font-size wp-elements-d7c5f73517523221a0a67e6fa8fa60d0\" style=\"color:#2c6a4a\"><strong>Pesquisa de Satisfa\u00e7\u00e3o<\/strong><\/p>\n\n\n    <div class=\"pesquisa-container\">\n        <ul class=\"pesquisa-tabs\">\n                            <li class=\"tab-pesquisa\" data-ano=\"2016\">2016<\/li>\n                            <li class=\"tab-pesquisa\" data-ano=\"2017\">2017<\/li>\n                            <li class=\"tab-pesquisa\" data-ano=\"2018\">2018<\/li>\n                            <li class=\"tab-pesquisa\" data-ano=\"2019\">2019<\/li>\n                            <li class=\"tab-pesquisa\" data-ano=\"2020\">2020<\/li>\n                            <li class=\"tab-pesquisa\" data-ano=\"2021\">2021<\/li>\n                            <li class=\"tab-pesquisa\" data-ano=\"2022\">2022<\/li>\n                            <li class=\"tab-pesquisa\" data-ano=\"2023\">2023<\/li>\n                            <li class=\"tab-pesquisa\" data-ano=\"2024\">2024<\/li>\n                            <li class=\"tab-pesquisa\" data-ano=\"2025\">2025<\/li>\n                            <li class=\"tab-pesquisa\" data-ano=\"2026\">2026<\/li>\n                    <\/ul>\n        \n        <div class=\"pesquisa-conteudo\">\n                            <div class=\"pesquisa-ano\" id=\"pesquisa-ano-2016\" style=\"display: none;\">\n                    <h3>2016<\/h3>\n                    <div class=\"pesquisa-semestres\">\n                        <button class=\"semestre-pesquisa\" data-semestre=\"1\">1\u00ba Semestre<\/button>\n                        <button class=\"semestre-pesquisa\" data-semestre=\"2\">2\u00ba Semestre<\/button>\n                    <\/div>\n                    <div class=\"pesquisa-lista\"><\/div>\n                <\/div>\n                            <div class=\"pesquisa-ano\" id=\"pesquisa-ano-2017\" style=\"display: none;\">\n                    <h3>2017<\/h3>\n                    <div class=\"pesquisa-semestres\">\n                        <button class=\"semestre-pesquisa\" data-semestre=\"1\">1\u00ba Semestre<\/button>\n                        <button class=\"semestre-pesquisa\" data-semestre=\"2\">2\u00ba Semestre<\/button>\n                    <\/div>\n                    <div class=\"pesquisa-lista\"><\/div>\n                <\/div>\n                            <div class=\"pesquisa-ano\" id=\"pesquisa-ano-2018\" style=\"display: none;\">\n                    <h3>2018<\/h3>\n                    <div class=\"pesquisa-semestres\">\n                        <button class=\"semestre-pesquisa\" data-semestre=\"1\">1\u00ba Semestre<\/button>\n                        <button class=\"semestre-pesquisa\" data-semestre=\"2\">2\u00ba Semestre<\/button>\n                    <\/div>\n                    <div class=\"pesquisa-lista\"><\/div>\n                <\/div>\n                            <div class=\"pesquisa-ano\" id=\"pesquisa-ano-2019\" style=\"display: none;\">\n                    <h3>2019<\/h3>\n                    <div class=\"pesquisa-semestres\">\n                        <button class=\"semestre-pesquisa\" data-semestre=\"1\">1\u00ba Semestre<\/button>\n                        <button class=\"semestre-pesquisa\" data-semestre=\"2\">2\u00ba Semestre<\/button>\n                    <\/div>\n                    <div class=\"pesquisa-lista\"><\/div>\n                <\/div>\n                            <div class=\"pesquisa-ano\" id=\"pesquisa-ano-2020\" style=\"display: none;\">\n                    <h3>2020<\/h3>\n                    <div class=\"pesquisa-semestres\">\n                        <button class=\"semestre-pesquisa\" data-semestre=\"1\">1\u00ba Semestre<\/button>\n                        <button class=\"semestre-pesquisa\" data-semestre=\"2\">2\u00ba Semestre<\/button>\n                    <\/div>\n                    <div class=\"pesquisa-lista\"><\/div>\n                <\/div>\n                            <div class=\"pesquisa-ano\" id=\"pesquisa-ano-2021\" style=\"display: none;\">\n                    <h3>2021<\/h3>\n                    <div class=\"pesquisa-semestres\">\n                        <button class=\"semestre-pesquisa\" data-semestre=\"1\">1\u00ba Semestre<\/button>\n                        <button class=\"semestre-pesquisa\" data-semestre=\"2\">2\u00ba Semestre<\/button>\n                    <\/div>\n                    <div class=\"pesquisa-lista\"><\/div>\n                <\/div>\n                            <div class=\"pesquisa-ano\" id=\"pesquisa-ano-2022\" style=\"display: none;\">\n                    <h3>2022<\/h3>\n                    <div class=\"pesquisa-semestres\">\n                        <button class=\"semestre-pesquisa\" data-semestre=\"1\">1\u00ba Semestre<\/button>\n                        <button class=\"semestre-pesquisa\" data-semestre=\"2\">2\u00ba Semestre<\/button>\n                    <\/div>\n                    <div class=\"pesquisa-lista\"><\/div>\n                <\/div>\n                            <div class=\"pesquisa-ano\" id=\"pesquisa-ano-2023\" style=\"display: none;\">\n                    <h3>2023<\/h3>\n                    <div class=\"pesquisa-semestres\">\n                        <button class=\"semestre-pesquisa\" data-semestre=\"1\">1\u00ba Semestre<\/button>\n                        <button class=\"semestre-pesquisa\" data-semestre=\"2\">2\u00ba Semestre<\/button>\n                    <\/div>\n                    <div class=\"pesquisa-lista\"><\/div>\n                <\/div>\n                            <div class=\"pesquisa-ano\" id=\"pesquisa-ano-2024\" style=\"display: none;\">\n                    <h3>2024<\/h3>\n                    <div class=\"pesquisa-semestres\">\n                        <button class=\"semestre-pesquisa\" data-semestre=\"1\">1\u00ba Semestre<\/button>\n                        <button class=\"semestre-pesquisa\" data-semestre=\"2\">2\u00ba Semestre<\/button>\n                    <\/div>\n                    <div class=\"pesquisa-lista\"><\/div>\n                <\/div>\n                            <div class=\"pesquisa-ano\" id=\"pesquisa-ano-2025\" style=\"display: none;\">\n                    <h3>2025<\/h3>\n                    <div class=\"pesquisa-semestres\">\n                        <button class=\"semestre-pesquisa\" data-semestre=\"1\">1\u00ba Semestre<\/button>\n                        <button class=\"semestre-pesquisa\" data-semestre=\"2\">2\u00ba Semestre<\/button>\n                    <\/div>\n                    <div class=\"pesquisa-lista\"><\/div>\n                <\/div>\n                            <div class=\"pesquisa-ano\" id=\"pesquisa-ano-2026\" style=\"display: none;\">\n                    <h3>2026<\/h3>\n                    <div class=\"pesquisa-semestres\">\n                        <button class=\"semestre-pesquisa\" data-semestre=\"1\">1\u00ba Semestre<\/button>\n                        <button class=\"semestre-pesquisa\" data-semestre=\"2\">2\u00ba Semestre<\/button>\n                    <\/div>\n                    <div class=\"pesquisa-lista\"><\/div>\n                <\/div>\n                    <\/div>\n    <\/div>\n    <script>\n        document.addEventListener(\"DOMContentLoaded\", function() {\n            document.querySelectorAll(\".tab-pesquisa\").forEach(tab => {\n                tab.addEventListener(\"click\", function() {\n                    document.querySelectorAll(\".pesquisa-ano\").forEach(div => div.style.display = \"none\");\n                    document.getElementById(\"pesquisa-ano-\" + this.dataset.ano).style.display = \"block\";\n                });\n            });\n\n            document.querySelectorAll(\".semestre-pesquisa\").forEach(button => {\n                button.addEventListener(\"click\", function() {\n                    let ano = this.closest(\".pesquisa-ano\").id.replace(\"pesquisa-ano-\", \"\");\n                    let semestre = this.dataset.semestre;\n                    fetch(\"https:\/\/agricultura.sp.gov.br\/cati\/wp-admin\/admin-ajax.php?action=buscar_pesquisa_satisfacao&ano=\" + ano + \"&semestre=\" + semestre)\n                        .then(response => response.text())\n                        .then(data => {\n                            this.closest(\".pesquisa-ano\").querySelector(\".pesquisa-lista\").innerHTML = data;\n                        });\n                });\n            });\n        });\n    <\/script>\n    \n\n\n\n<p><\/p>\n\n\n\n<div style=\"height:42px\" aria-hidden=\"true\" class=\"wp-block-spacer\"><\/div>\n\n\n\n<p class=\"has-black-color has-text-color has-link-color has-medium-font-size wp-elements-13a8e19c675670f3cec4dbdc4a85593c\"><strong>F\u00f3rum de Combate \u00e0 Corrup\u00e7\u00e3o e Lavagem de Dinheiro &#8211; FOCCOSP<\/strong><\/p>\n\n\n\n<p>Web Den\u00fancia Corrup\u00e7\u00e3o<\/p>\n\n\n\n<p>Trata-se de canal voltado&nbsp;exclusivamente&nbsp;para o recebimento de den\u00fancias que noticiem condutas que indiquem a corrup\u00e7\u00e3o.<\/p>\n\n\n\n<p>O Web Den\u00fancia Corrup\u00e7\u00e3o \u00e9 o resultado de uma das a\u00e7\u00f5es do&nbsp;<strong>FOCCOSP<\/strong>, que consiste num f\u00f3rum voltado a congregar esfor\u00e7os de institui\u00e7\u00f5es e \u00f3rg\u00e3os governamentais para o combate a todas as formas de corrup\u00e7\u00e3o no Estado de S\u00e3o Paulo, por meio de troca de informa\u00e7\u00f5es, experi\u00eancias e aux\u00edlio m\u00fatuo.<\/p>\n\n\n\n<p>Caso sua demanda se trate de den\u00fancia de conduta que indique corrup\u00e7\u00e3o, segue link para registro de sua manifesta\u00e7\u00e3o:&nbsp;<a href=\"https:\/\/www.foccosp.org\">https:\/\/www.foccosp.org<\/a><\/p>\n","protected":false},"excerpt":{"rendered":"<p>Ouvidoria da Secretaria de Agricultura e Abastecimento \u00e9 um canal disponibilizado pelo Governo do Estado de S\u00e3o Paulo, para que voc\u00ea, cidad\u00e3o, apresente suas d\u00favidas, sugest\u00f5es, reclama\u00e7\u00f5es, den\u00fancias ou elogios sobre os servi\u00e7os prestados por nossa Secretaria. Para encaminhar sua manifesta\u00e7\u00e3o \u00e0 Ouvidoria da Secretaria de Agricultura e Abastecimento&nbsp;clique aqui Ouvidora:&nbsp;Iraci Hirota Rocha Telefone:&nbsp;(11) 5067-0060 [&hellip;]<\/p>\n","protected":false},"author":1,"featured_media":0,"parent":0,"menu_order":0,"comment_status":"closed","ping_status":"closed","template":"","meta":{"_acf_changed":false,"footnotes":""},"class_list":["post-7887","page","type-page","status-publish","hentry"],"acf":[],"_links":{"self":[{"href":"https:\/\/agricultura.sp.gov.br\/cati\/wp-json\/wp\/v2\/pages\/7887","targetHints":{"allow":["GET"]}}],"collection":[{"href":"https:\/\/agricultura.sp.gov.br\/cati\/wp-json\/wp\/v2\/pages"}],"about":[{"href":"https:\/\/agricultura.sp.gov.br\/cati\/wp-json\/wp\/v2\/types\/page"}],"author":[{"embeddable":true,"href":"https:\/\/agricultura.sp.gov.br\/cati\/wp-json\/wp\/v2\/users\/1"}],"replies":[{"embeddable":true,"href":"https:\/\/agricultura.sp.gov.br\/cati\/wp-json\/wp\/v2\/comments?post=7887"}],"version-history":[{"count":18,"href":"https:\/\/agricultura.sp.gov.br\/cati\/wp-json\/wp\/v2\/pages\/7887\/revisions"}],"predecessor-version":[{"id":8533,"href":"https:\/\/agricultura.sp.gov.br\/cati\/wp-json\/wp\/v2\/pages\/7887\/revisions\/8533"}],"wp:attachment":[{"href":"https:\/\/agricultura.sp.gov.br\/cati\/wp-json\/wp\/v2\/media?parent=7887"}],"curies":[{"name":"wp","href":"https:\/\/api.w.org\/{rel}","templated":true}]}}