{"id":563,"date":"2025-01-23T15:26:12","date_gmt":"2025-01-23T18:26:12","guid":{"rendered":"http:\/\/secretariawordpress.test?page_id=563"},"modified":"2025-04-07T20:22:26","modified_gmt":"2025-04-07T23:22:26","slug":"conselho-de-usuarios","status":"publish","type":"page","link":"https:\/\/agricultura.sp.gov.br\/cati\/conselho-de-usuarios\/","title":{"rendered":"Conselho de Usu\u00e1rios"},"content":{"rendered":"\n<figure class=\"wp-block-image size-full\"><img loading=\"lazy\" decoding=\"async\" width=\"1920\" height=\"467\" src=\"https:\/\/storage.googleapis.com\/saa-repositorio\/prd\/saa-sites\/saa\/imagens\/CONSELHOUS.jpg\" alt=\"\" class=\"wp-image-8442\"\/><\/figure>\n\n\n\n<p>Os Conselhos de Usu\u00e1rios de Servi\u00e7os P\u00fablicos no \u00e2mbito do Governo de S\u00e3o Paulo s\u00e3o regulamentados no Cap\u00edtulo VI do Decreto n\u00ba 68.156, de 09 de dezembro de 2023, com procedimentos operacionais definidos na Resolu\u00e7\u00e3o CGE n\u00ba 17, de 21 de novembro de 2024.<\/p>\n\n\n\n<p>O Conselho de Usu\u00e1rios de Servi\u00e7os P\u00fablicos da Secretaria de Agricultura e Abastecimento do Estado de S\u00e3o Paulo desempenha um papel crucial no aprimoramento da transpar\u00eancia, efici\u00eancia e qualidade dos servi\u00e7os prestados \u00e0 popula\u00e7\u00e3o. Trata-se de uma oportunidade \u00fanica de participar ativamente, trazendo suas ideias, experi\u00eancias e perspectivas para o fortalecimento dos mecanismos de controle da Secretaria.<\/p>\n\n\n\n<p>Para se voluntariar \u00e9 muito simples: basta <a href=\"https:\/\/fala.sp.gov.br\/dashboardconselho\">clicar aqui<\/a> para acessar o site de inscri\u00e7\u00e3o, fazer login <a href=\"http:\/\/Gov.BR\">http:\/\/Gov.BR<\/a> , clicar em cadastrar, selecionar o \u00f3rg\u00e3o\/entidade e aceitar o termo de compromisso desse colegiado virtual.<\/p>\n\n\n\n<p>Obrigado por considerar fazer parte do Conselho de Usu\u00e1rios dos \u00f3rg\u00e3os e entidades do Governo do Estado de S\u00e3o Paulo e exercer a participa\u00e7\u00e3o direta no aprimoramento de servi\u00e7os p\u00fablicos.<\/p>\n\n\n\n<p>Seja parte ativa dessa transforma\u00e7\u00e3o!<\/p>\n\n\n\n<p><strong>RELAT\u00d3RIOS:<\/strong><\/p>\n\n\n\n<p><a href=\"https:\/\/storage.googleapis.com\/saa-repositorio\/prd\/saa-sites\/cati\/documentos\/Relatorio-da-1a-Rodada-de-acoes-para-o-Conselho-de-Usuarios.pdf\" data-type=\"attachment\" data-id=\"8381\"><strong>Ano 2024<\/strong><\/a><\/p>\n\n\n\n<p><\/p>\n","protected":false},"excerpt":{"rendered":"<p>Os Conselhos de Usu\u00e1rios de Servi\u00e7os P\u00fablicos no \u00e2mbito do Governo de S\u00e3o Paulo s\u00e3o regulamentados no Cap\u00edtulo VI do Decreto n\u00ba 68.156, de 09 de dezembro de 2023, com procedimentos operacionais definidos na Resolu\u00e7\u00e3o CGE n\u00ba 17, de 21 de novembro de 2024. O Conselho de Usu\u00e1rios de Servi\u00e7os P\u00fablicos da Secretaria de Agricultura [&hellip;]<\/p>\n","protected":false},"author":1,"featured_media":0,"parent":0,"menu_order":0,"comment_status":"closed","ping_status":"closed","template":"","meta":{"_acf_changed":false,"footnotes":""},"class_list":["post-563","page","type-page","status-publish","hentry"],"acf":[],"_links":{"self":[{"href":"https:\/\/agricultura.sp.gov.br\/cati\/wp-json\/wp\/v2\/pages\/563","targetHints":{"allow":["GET"]}}],"collection":[{"href":"https:\/\/agricultura.sp.gov.br\/cati\/wp-json\/wp\/v2\/pages"}],"about":[{"href":"https:\/\/agricultura.sp.gov.br\/cati\/wp-json\/wp\/v2\/types\/page"}],"author":[{"embeddable":true,"href":"https:\/\/agricultura.sp.gov.br\/cati\/wp-json\/wp\/v2\/users\/1"}],"replies":[{"embeddable":true,"href":"https:\/\/agricultura.sp.gov.br\/cati\/wp-json\/wp\/v2\/comments?post=563"}],"version-history":[{"count":16,"href":"https:\/\/agricultura.sp.gov.br\/cati\/wp-json\/wp\/v2\/pages\/563\/revisions"}],"predecessor-version":[{"id":8443,"href":"https:\/\/agricultura.sp.gov.br\/cati\/wp-json\/wp\/v2\/pages\/563\/revisions\/8443"}],"wp:attachment":[{"href":"https:\/\/agricultura.sp.gov.br\/cati\/wp-json\/wp\/v2\/media?parent=563"}],"curies":[{"name":"wp","href":"https:\/\/api.w.org\/{rel}","templated":true}]}}