{"id":415,"date":"2025-01-14T13:30:33","date_gmt":"2025-01-14T16:30:33","guid":{"rendered":"http:\/\/secretariawordpress.test?page_id=415"},"modified":"2026-01-15T09:13:21","modified_gmt":"2026-01-15T12:13:21","slug":"unidade-de-gestao-de-integridade","status":"publish","type":"page","link":"https:\/\/agricultura.sp.gov.br\/cati\/unidade-de-gestao-de-integridade\/","title":{"rendered":"Unidade de Gest\u00e3o de Integridade"},"content":{"rendered":"\n<p>A Secretaria de Agricultura e Abastecimento do Estado de S\u00e3o Paulo, legitimiza e refor\u00e7a o Programa de Integridade, da Controladoria Geral do Estado de S\u00e3o Paulo (CGE), a necessidade de implementar medidas eficazes para promover a \u00e9tica e a responsabilidade na gest\u00e3o p\u00fablica, contribuindo para a constru\u00e7\u00e3o de uma administra\u00e7\u00e3o transparente, \u00e9tica e comprometida em servir os interesses da popula\u00e7\u00e3o. Crucial para a constru\u00e7\u00e3o de um governo mais \u00edntegro e dedicado a servir melhor o cidad\u00e3o, visando fortalecer n\u00e3o s\u00f3 a nossa institui\u00e7\u00e3o, mas o Estado como um todo. Por isso, convido a todos a se engajarem ativamente no Programa de Integridade P\u00fablica, apoiando suas iniciativas e colaborando para sua implementa\u00e7\u00e3o bem-sucedida.<\/p>\n\n\n\n<p><br>Para mais informa\u00e7\u00f5es, acesse o documento completo clicando em &#8220;saiba mais&#8221; no bot\u00e3o abaixo.<\/p>\n\n\n\n<div class=\"wp-block-group is-nowrap is-layout-flex wp-container-core-group-is-layout-ad2f72ca wp-block-group-is-layout-flex\">\n<div class=\"wp-block-buttons is-layout-flex wp-block-buttons-is-layout-flex\">\n<div class=\"wp-block-button\"><a class=\"wp-block-button__link wp-element-button\" href=\"https:\/\/storage.googleapis.com\/saa-repositorio\/prd\/saa-sites\/cati\/documentos\/Programa_Integridade_SAA.pdf\" target=\"_blank\" rel=\"noreferrer noopener\">SAIBA MAIS<\/a><\/div>\n<\/div>\n\n\n\n<p><\/p>\n<\/div>\n\n\n\n<p><\/p>\n","protected":false},"excerpt":{"rendered":"<p>A Secretaria de Agricultura e Abastecimento do Estado de S\u00e3o Paulo, legitimiza e refor\u00e7a o Programa de Integridade, da Controladoria Geral do Estado de S\u00e3o Paulo (CGE), a necessidade de implementar medidas eficazes para promover a \u00e9tica e a responsabilidade na gest\u00e3o p\u00fablica, contribuindo para a constru\u00e7\u00e3o de uma administra\u00e7\u00e3o transparente, \u00e9tica e comprometida em [&hellip;]<\/p>\n","protected":false},"author":1,"featured_media":0,"parent":0,"menu_order":0,"comment_status":"closed","ping_status":"closed","template":"conteudo-texto.php","meta":{"_acf_changed":false,"footnotes":""},"class_list":["post-415","page","type-page","status-publish","hentry"],"acf":[],"_links":{"self":[{"href":"https:\/\/agricultura.sp.gov.br\/cati\/wp-json\/wp\/v2\/pages\/415","targetHints":{"allow":["GET"]}}],"collection":[{"href":"https:\/\/agricultura.sp.gov.br\/cati\/wp-json\/wp\/v2\/pages"}],"about":[{"href":"https:\/\/agricultura.sp.gov.br\/cati\/wp-json\/wp\/v2\/types\/page"}],"author":[{"embeddable":true,"href":"https:\/\/agricultura.sp.gov.br\/cati\/wp-json\/wp\/v2\/users\/1"}],"replies":[{"embeddable":true,"href":"https:\/\/agricultura.sp.gov.br\/cati\/wp-json\/wp\/v2\/comments?post=415"}],"version-history":[{"count":12,"href":"https:\/\/agricultura.sp.gov.br\/cati\/wp-json\/wp\/v2\/pages\/415\/revisions"}],"predecessor-version":[{"id":22460,"href":"https:\/\/agricultura.sp.gov.br\/cati\/wp-json\/wp\/v2\/pages\/415\/revisions\/22460"}],"wp:attachment":[{"href":"https:\/\/agricultura.sp.gov.br\/cati\/wp-json\/wp\/v2\/media?parent=415"}],"curies":[{"name":"wp","href":"https:\/\/api.w.org\/{rel}","templated":true}]}}