{"id":32,"date":"2024-10-20T12:09:55","date_gmt":"2024-10-20T15:09:55","guid":{"rendered":"http:\/\/secretariawordpress.test?page_id=32"},"modified":"2025-02-04T11:22:12","modified_gmt":"2025-02-04T14:22:12","slug":"informacoes-classificadas-em-grau-de-sigilo","status":"publish","type":"page","link":"https:\/\/agricultura.sp.gov.br\/cati\/informacoes-classificadas-em-grau-de-sigilo\/","title":{"rendered":"Informa\u00e7\u00f5es classificadas em grau de sigilo"},"content":{"rendered":"\n<p>Em conformidade com o artigo 11, do Decreto estadual n\u00ba 61.836, de 18 de fevereiro de 2016 e o artigo<br>25 do Decreto estadual n\u00ba 58.052, de 16 de maio de 2012, a autoridade m\u00e1xima de cada \u00f3rg\u00e3o ou entidade estadual dever\u00e1 publicar, anualmente, em site pr\u00f3prio, o rol de documentos, dados e informa\u00e7\u00f5es que tenham sido desclassificadas nos \u00faltimos 12 (doze) meses; o rol de documentos classificados em cada grau de sigilo, com identifica\u00e7\u00e3o para refer\u00eancia futura, bem como o relat\u00f3rio estat\u00edstico contendo a quantidade de pedidos de informa\u00e7\u00e3o recebidos, atendidos e indeferidos, bem como informa\u00e7\u00f5es gen\u00e9ricas sobre os solicitantes.<\/p>\n\n\n\n<p>Na aus\u00eancia de informa\u00e7\u00f5es classificadas ou desclassificadas nos \u00faltimos 12 meses, o \u00f3rg\u00e3o ou entidade<br>dever\u00e1 informar que n\u00e3o possui informa\u00e7\u00e3o classificada e\/ou desclassificada.<\/p>\n\n\n\n<p><\/p>\n","protected":false},"excerpt":{"rendered":"<p>Em conformidade com o artigo 11, do Decreto estadual n\u00ba 61.836, de 18 de fevereiro de 2016 e o artigo25 do Decreto estadual n\u00ba 58.052, de 16 de maio de 2012, a autoridade m\u00e1xima de cada \u00f3rg\u00e3o ou entidade estadual dever\u00e1 publicar, anualmente, em site pr\u00f3prio, o rol de documentos, dados e informa\u00e7\u00f5es que tenham [&hellip;]<\/p>\n","protected":false},"author":1,"featured_media":0,"parent":0,"menu_order":0,"comment_status":"closed","ping_status":"closed","template":"","meta":{"_acf_changed":false,"footnotes":""},"class_list":["post-32","page","type-page","status-publish","hentry"],"acf":[],"_links":{"self":[{"href":"https:\/\/agricultura.sp.gov.br\/cati\/wp-json\/wp\/v2\/pages\/32","targetHints":{"allow":["GET"]}}],"collection":[{"href":"https:\/\/agricultura.sp.gov.br\/cati\/wp-json\/wp\/v2\/pages"}],"about":[{"href":"https:\/\/agricultura.sp.gov.br\/cati\/wp-json\/wp\/v2\/types\/page"}],"author":[{"embeddable":true,"href":"https:\/\/agricultura.sp.gov.br\/cati\/wp-json\/wp\/v2\/users\/1"}],"replies":[{"embeddable":true,"href":"https:\/\/agricultura.sp.gov.br\/cati\/wp-json\/wp\/v2\/comments?post=32"}],"version-history":[{"count":4,"href":"https:\/\/agricultura.sp.gov.br\/cati\/wp-json\/wp\/v2\/pages\/32\/revisions"}],"predecessor-version":[{"id":831,"href":"https:\/\/agricultura.sp.gov.br\/cati\/wp-json\/wp\/v2\/pages\/32\/revisions\/831"}],"wp:attachment":[{"href":"https:\/\/agricultura.sp.gov.br\/cati\/wp-json\/wp\/v2\/media?parent=32"}],"curies":[{"name":"wp","href":"https:\/\/api.w.org\/{rel}","templated":true}]}}