{"id":263,"date":"2024-11-19T09:39:11","date_gmt":"2024-11-19T12:39:11","guid":{"rendered":"http:\/\/secretariawordpress.test?page_id=263"},"modified":"2025-07-31T10:29:25","modified_gmt":"2025-07-31T13:29:25","slug":"funcoes-e-competencias","status":"publish","type":"page","link":"https:\/\/agricultura.sp.gov.br\/cati\/funcoes-e-competencias\/","title":{"rendered":"Fun\u00e7\u00f5es e Compet\u00eancias"},"content":{"rendered":"\n<p class=\"has-black-color has-text-color has-link-color wp-elements-a77030392a22281c585120ed40d7df53\">A <strong>Diretoria de Assist\u00eancia T\u00e9cnica Integral \u2013 CATI<\/strong>, \u00f3rg\u00e3o de extens\u00e3o rural da Secretaria de Agricultura e Abastecimento do estado de S\u00e3o Paulo, coordena e executa os servi\u00e7os de assist\u00eancia t\u00e9cnica e extens\u00e3o rural ao pequeno e m\u00e9dio produtor rural, com \u00eanfase na produ\u00e7\u00e3o animal e vegetal, conserva\u00e7\u00e3o do solo e da \u00e1gua e produ\u00e7\u00e3o de sementes e mudas. Sua miss\u00e3o \u00e9 promover o desenvolvimento rural sustent\u00e1vel, por meio de programas e a\u00e7\u00f5es participativas com o envolvimento da comunidade, de entidades parceiras e de todos os segmentos dos neg\u00f3cios agr\u00edcolas.<\/p>\n\n\n\n<p>As a\u00e7\u00f5es desenvolvidas pela CATI em todo o territ\u00f3rio paulista v\u00eam contribuindo para a gera\u00e7\u00e3o de emprego e renda, seguran\u00e7a alimentar, inclus\u00e3o social, competitividade do agroneg\u00f3cio, melhora no \u00cdndice de Desenvolvimento Humano (IDH) e para a preserva\u00e7\u00e3o ambiental. Al\u00e9m da presen\u00e7a nas Casas da Agricultura, a CATI possui uma rede de profissionais prontos para prestar apoio t\u00e9cnico aos agricultores sobre diversos temas, como a obten\u00e7\u00e3o de cr\u00e9dito agr\u00edcola, seguro rural, transfer\u00eancia de tecnologia, planejamento da propriedade, elabora\u00e7\u00e3o de projetos de recupera\u00e7\u00e3o do solo, reflorestamento, adequa\u00e7\u00e3o de estradas rurais, entre outros. M\u00faltiplas atividades e treinamentos s\u00e3o realizados pela sua equipe de profissionais: dias de campo, organiza\u00e7\u00e3o de cursos sobre no\u00e7\u00f5es de administra\u00e7\u00e3o rural, processamento artesanal, medicina veterin\u00e1ria preventiva, orienta\u00e7\u00e3o agron\u00f4mica sobre pragas e doen\u00e7as e v\u00e1rias outras capacita\u00e7\u00f5es.<\/p>\n\n\n\n<p>Os programas que a CATI desenvolve t\u00eam como objetivo fortalecer o setor agr\u00edcola, com a\u00e7\u00f5es conjuntas dos \u00f3rg\u00e3os da Secretaria de Agricultura e Abastecimento e de parceiros do setor privado, focando esfor\u00e7os na recupera\u00e7\u00e3o de \u00e1reas degradadas e nas principais cadeias produtivas do Estado de S\u00e3o Paulo: aquicultura, bovinocultura de leite, bovinocultura de corte, cafeicultura, fruticultura, heveicultura e olericultura.<\/p>\n\n\n\n<p>Al\u00e9m dos diversos projetos da CATI, as Casas da Agricultura investem esfor\u00e7os em a\u00e7\u00f5es diretas ou articuladas com outras entidades para garantir o acesso dos produtores rurais a pol\u00edticas p\u00fablicas em diversas \u00e1reas como cr\u00e9dito rural, seguro subsidiado, gera\u00e7\u00e3o de renda e adequa\u00e7\u00e3o ambiental. Entre os programas dispon\u00edveis destacam-se: o Fundo de Expans\u00e3o do Agroneg\u00f3cio Paulista (Feap\/Banagro), o Programa Paulista da Agricultura de Interesse Social (PPAIS), o Programa Nacional de Fortalecimento da Agricultura Familiar (Pronaf) e a Declara\u00e7\u00e3o de Conformidade da Atividade Agropecu\u00e1ria (DCAA).<\/p>\n\n\n\n<hr class=\"wp-block-separator has-text-color has-white-color has-alpha-channel-opacity has-white-background-color has-background is-style-dots\"\/>\n\n\n\n<h3 class=\"wp-block-heading has-text-align-center has-text-color has-link-color has-large-font-size wp-elements-7391f5ff484657e1472c6c5e92857894\" style=\"color:#0d3880\"><strong>Nossa Miss\u00e3o<\/strong><\/h3>\n\n\n\n<hr class=\"wp-block-separator has-text-color has-white-color has-alpha-channel-opacity has-white-background-color has-background is-style-dots\"\/>\n\n\n\n<p class=\"has-text-align-center has-medium-font-size\"><strong>\u201cPromover o desenvolvimento rural sustent\u00e1vel, por meio de programas e a\u00e7\u00f5es participativas com o envolvimento da comunidade, de entidades parceiras e de todos os segmentos dos neg\u00f3cios agr\u00edcolas\u201d.<\/strong><\/p>\n\n\n\n<figure class=\"wp-block-pullquote\"><blockquote><p><\/p><\/blockquote><\/figure>\n","protected":false},"excerpt":{"rendered":"<p>A Diretoria de Assist\u00eancia T\u00e9cnica Integral \u2013 CATI, \u00f3rg\u00e3o de extens\u00e3o rural da Secretaria de Agricultura e Abastecimento do estado de S\u00e3o Paulo, coordena e executa os servi\u00e7os de assist\u00eancia t\u00e9cnica e extens\u00e3o rural ao pequeno e m\u00e9dio produtor rural, com \u00eanfase na produ\u00e7\u00e3o animal e vegetal, conserva\u00e7\u00e3o do solo e da \u00e1gua e produ\u00e7\u00e3o [&hellip;]<\/p>\n","protected":false},"author":1,"featured_media":0,"parent":0,"menu_order":0,"comment_status":"closed","ping_status":"closed","template":"conteudo-texto.php","meta":{"_acf_changed":false,"footnotes":""},"class_list":["post-263","page","type-page","status-publish","hentry"],"acf":[],"_links":{"self":[{"href":"https:\/\/agricultura.sp.gov.br\/cati\/wp-json\/wp\/v2\/pages\/263","targetHints":{"allow":["GET"]}}],"collection":[{"href":"https:\/\/agricultura.sp.gov.br\/cati\/wp-json\/wp\/v2\/pages"}],"about":[{"href":"https:\/\/agricultura.sp.gov.br\/cati\/wp-json\/wp\/v2\/types\/page"}],"author":[{"embeddable":true,"href":"https:\/\/agricultura.sp.gov.br\/cati\/wp-json\/wp\/v2\/users\/1"}],"replies":[{"embeddable":true,"href":"https:\/\/agricultura.sp.gov.br\/cati\/wp-json\/wp\/v2\/comments?post=263"}],"version-history":[{"count":24,"href":"https:\/\/agricultura.sp.gov.br\/cati\/wp-json\/wp\/v2\/pages\/263\/revisions"}],"predecessor-version":[{"id":9092,"href":"https:\/\/agricultura.sp.gov.br\/cati\/wp-json\/wp\/v2\/pages\/263\/revisions\/9092"}],"wp:attachment":[{"href":"https:\/\/agricultura.sp.gov.br\/cati\/wp-json\/wp\/v2\/media?parent=263"}],"curies":[{"name":"wp","href":"https:\/\/api.w.org\/{rel}","templated":true}]}}