{"id":23345,"date":"2026-03-26T14:54:54","date_gmt":"2026-03-26T17:54:54","guid":{"rendered":"https:\/\/agricultura.sp.gov.br\/cati\/?page_id=23345"},"modified":"2026-03-26T14:54:54","modified_gmt":"2026-03-26T17:54:54","slug":"projeto-pinhao-paulista","status":"publish","type":"page","link":"https:\/\/agricultura.sp.gov.br\/cati\/projeto-pinhao-paulista\/","title":{"rendered":"Projeto Pinh\u00e3o Paulista"},"content":{"rendered":"\n<p>Desenvolvido em uma parceria entre a Coordenadoria de Assist\u00eancia T\u00e9cnica Integral (CATI) Regional Guaratinguet\u00e1 e o N\u00facleo de Mudas de S\u00e3o Bento do Sapuca\u00ed, ligado \u00e0 CATI Sementes e Mudas, o <strong>Projeto Pinh\u00e3o Paulista<\/strong> vem sendo implementado principalmente no munic\u00edpio de Cunha \u2212 respons\u00e1vel pela maior produ\u00e7\u00e3o paulista \u2212, contando com v\u00e1rias frentes de atua\u00e7\u00e3o, dentre as quais apoio t\u00e9cnico e fomento ao plantio de arauc\u00e1ria enxertada para produ\u00e7\u00e3o precoce de pinh\u00e3o, inclusive com fornecimento de mudas enxertadas produzidas pela CATI.<\/p>\n\n\n\n<figure class=\"wp-block-image\"><img decoding=\"async\" src=\"https:\/\/agricultura.sp.gov.br\/cati\/wp-content\/uploads\/2024\/04\/WhatsApp20Image202024-03-2120at2016.56.10.jpeg\" alt=\"\"\/><\/figure>\n\n\n\n<p>\u201cNosso objetivo com a execu\u00e7\u00e3o do Projeto \u00e9 fornecer uma alternativa de trabalho e renda para os agricultores da regi\u00e3o, por meio do pinh\u00e3o, que \u00e9 uma cultura adequada \u00e0s \u00e1reas declivosas e frias que s\u00e3o comuns na Serra da Bocaina e possuem baixa aptid\u00e3o agropecu\u00e1ria para quase todas as outras explora\u00e7\u00f5es. Al\u00e9m disso, o intuito tamb\u00e9m \u00e9 de promover a maior sustentabilidade na cadeia de pinh\u00e3o, reduzindo a press\u00e3o de coleta nos remanescentes nativos\u201d, explica C\u00e9sar Frizzo, engenheiro agr\u00f4nomo da Casa da Agricultura de Cunha, \u00e0 frente do Projeto Pinh\u00e3o Paulista.<\/p>\n\n\n\n<p>\u201cO pinh\u00e3o \u00e9 um alimento muito nutritivo, saud\u00e1vel e que ajuda a manter a floresta em p\u00e9, ao mesmo tempo em que gera renda para fam\u00edlias rurais em regi\u00f5es de poucas alternativas agropecu\u00e1rias, por conta dos fatores limitantes de relevo, solo e clima, como \u00e9 o caso de nossa regi\u00e3o. Por isso, h\u00e1 alguns anos, juntamente com a associa\u00e7\u00e3o de coletores e parceiros que vieram somar ao trabalho de extens\u00e3o rural da CATI, estabelecemos a base para desenvolver o Projeto Pinh\u00e3o Paulista na Serra da Bocaina, principal regi\u00e3o produtora do estado, que abrange o nosso munic\u00edpio de Cunha, o qual responde por 70% da produ\u00e7\u00e3o paulista que, atualmente, est\u00e1 em torno de cerca de 370 toneladas, de acordo com a Companhia de Entrepostos e Armaz\u00e9ns Gerais de S\u00e3o Paulo (Ceagesp)\u201d, explica Frizo.<\/p>\n\n\n\n<figure class=\"wp-block-image size-full\"><img loading=\"lazy\" decoding=\"async\" width=\"500\" height=\"376\" src=\"https:\/\/storage.googleapis.com\/saa-repositorio\/prd\/saa-sites\/cati\/imagens\/AdobeStock_506476654.jpeg\" alt=\"\" class=\"wp-image-23348\"\/><\/figure>\n\n\n\n<p><strong>Contato<\/strong>: <em>cesar.frizo@sp.gov.br\u00a0<\/em> <\/p>\n","protected":false},"excerpt":{"rendered":"<p>Desenvolvido em uma parceria entre a Coordenadoria de Assist\u00eancia T\u00e9cnica Integral (CATI) Regional Guaratinguet\u00e1 e o N\u00facleo de Mudas de S\u00e3o Bento do Sapuca\u00ed, ligado \u00e0 CATI Sementes e Mudas, o Projeto Pinh\u00e3o Paulista vem sendo implementado principalmente no munic\u00edpio de Cunha \u2212 respons\u00e1vel pela maior produ\u00e7\u00e3o paulista \u2212, contando com v\u00e1rias frentes de atua\u00e7\u00e3o, [&hellip;]<\/p>\n","protected":false},"author":15,"featured_media":0,"parent":0,"menu_order":0,"comment_status":"closed","ping_status":"closed","template":"","meta":{"_acf_changed":false,"footnotes":""},"class_list":["post-23345","page","type-page","status-publish","hentry"],"acf":[],"_links":{"self":[{"href":"https:\/\/agricultura.sp.gov.br\/cati\/wp-json\/wp\/v2\/pages\/23345","targetHints":{"allow":["GET"]}}],"collection":[{"href":"https:\/\/agricultura.sp.gov.br\/cati\/wp-json\/wp\/v2\/pages"}],"about":[{"href":"https:\/\/agricultura.sp.gov.br\/cati\/wp-json\/wp\/v2\/types\/page"}],"author":[{"embeddable":true,"href":"https:\/\/agricultura.sp.gov.br\/cati\/wp-json\/wp\/v2\/users\/15"}],"replies":[{"embeddable":true,"href":"https:\/\/agricultura.sp.gov.br\/cati\/wp-json\/wp\/v2\/comments?post=23345"}],"version-history":[{"count":1,"href":"https:\/\/agricultura.sp.gov.br\/cati\/wp-json\/wp\/v2\/pages\/23345\/revisions"}],"predecessor-version":[{"id":23349,"href":"https:\/\/agricultura.sp.gov.br\/cati\/wp-json\/wp\/v2\/pages\/23345\/revisions\/23349"}],"wp:attachment":[{"href":"https:\/\/agricultura.sp.gov.br\/cati\/wp-json\/wp\/v2\/media?parent=23345"}],"curies":[{"name":"wp","href":"https:\/\/api.w.org\/{rel}","templated":true}]}}