{"id":23339,"date":"2026-03-26T11:22:22","date_gmt":"2026-03-26T14:22:22","guid":{"rendered":"https:\/\/agricultura.sp.gov.br\/cati\/?page_id=23339"},"modified":"2026-03-26T11:22:22","modified_gmt":"2026-03-26T14:22:22","slug":"xvii-seminario-de-conservacao-do-solo-e-protecao-dos-recursos-naturais","status":"publish","type":"page","link":"https:\/\/agricultura.sp.gov.br\/cati\/xvii-seminario-de-conservacao-do-solo-e-protecao-dos-recursos-naturais\/","title":{"rendered":"XVII SEMIN\u00c1RIO DE CONSERVA\u00c7\u00c3O DO SOLO E PROTE\u00c7\u00c3O DOS RECURSOS NATURAIS"},"content":{"rendered":"\n<figure class=\"wp-block-image size-large\"><img loading=\"lazy\" decoding=\"async\" width=\"1024\" height=\"576\" src=\"https:\/\/storage.googleapis.com\/saa-repositorio\/prd\/saa-sites\/cati\/imagens\/a0b6a018-6ca0-4861-b74b-0ad656f3bff3-1024x576.jpg\" alt=\"\" class=\"wp-image-23340\"\/><\/figure>\n\n\n\n<h2 class=\"wp-block-heading has-text-align-center\"><strong>INSCRI\u00c7\u00d5ES<\/strong>: <a href=\"https:\/\/forms.office.com\/r\/vF0V5jPt8K\">https:\/\/forms.office.com\/r\/vF0V5jPt8K<\/a> <\/h2>\n","protected":false},"excerpt":{"rendered":"<p>INSCRI\u00c7\u00d5ES: https:\/\/forms.office.com\/r\/vF0V5jPt8K<\/p>\n","protected":false},"author":15,"featured_media":0,"parent":0,"menu_order":0,"comment_status":"closed","ping_status":"closed","template":"","meta":{"_acf_changed":false,"footnotes":""},"class_list":["post-23339","page","type-page","status-publish","hentry"],"acf":[],"_links":{"self":[{"href":"https:\/\/agricultura.sp.gov.br\/cati\/wp-json\/wp\/v2\/pages\/23339","targetHints":{"allow":["GET"]}}],"collection":[{"href":"https:\/\/agricultura.sp.gov.br\/cati\/wp-json\/wp\/v2\/pages"}],"about":[{"href":"https:\/\/agricultura.sp.gov.br\/cati\/wp-json\/wp\/v2\/types\/page"}],"author":[{"embeddable":true,"href":"https:\/\/agricultura.sp.gov.br\/cati\/wp-json\/wp\/v2\/users\/15"}],"replies":[{"embeddable":true,"href":"https:\/\/agricultura.sp.gov.br\/cati\/wp-json\/wp\/v2\/comments?post=23339"}],"version-history":[{"count":1,"href":"https:\/\/agricultura.sp.gov.br\/cati\/wp-json\/wp\/v2\/pages\/23339\/revisions"}],"predecessor-version":[{"id":23341,"href":"https:\/\/agricultura.sp.gov.br\/cati\/wp-json\/wp\/v2\/pages\/23339\/revisions\/23341"}],"wp:attachment":[{"href":"https:\/\/agricultura.sp.gov.br\/cati\/wp-json\/wp\/v2\/media?parent=23339"}],"curies":[{"name":"wp","href":"https:\/\/api.w.org\/{rel}","templated":true}]}}