{"id":23160,"date":"2026-03-17T10:28:38","date_gmt":"2026-03-17T13:28:38","guid":{"rendered":"https:\/\/agricultura.sp.gov.br\/cati\/?page_id=23160"},"modified":"2026-03-23T09:05:23","modified_gmt":"2026-03-23T12:05:23","slug":"cati-leite","status":"publish","type":"page","link":"https:\/\/agricultura.sp.gov.br\/cati\/cati-leite\/","title":{"rendered":""},"content":{"rendered":"<div class=\"wp-block-image\">\n<figure class=\"aligncenter size-large is-resized\"><img loading=\"lazy\" decoding=\"async\" width=\"1024\" height=\"724\" src=\"https:\/\/storage.googleapis.com\/saa-repositorio\/prd\/saa-sites\/cati\/imagens\/2025_LOGO-CATI-LEITE-vertical-scaled-1-1024x724.png\" alt=\"\" class=\"wp-image-23218\" style=\"aspect-ratio:1.4143755426346392;width:386px;height:auto\"\/><\/figure>\n<\/div>\n\n\n<p>O CATI Leite \u00e9 um projeto da Secretaria de Agricultura e Abastecimento do Estado de S\u00e3o Paulo, por meio da Diretoria de Assist\u00eancia T\u00e9cnica Integral (CATI), que oferece assist\u00eancia t\u00e9cnica e extens\u00e3o rural para produtores de leite que se interessam em melhoria das pr\u00e1ticas de produ\u00e7\u00e3o, buscando principalmente aumento da rentabilidade da atividade. Considerando a import\u00e2ncia desta atividade para a economia paulista, inclusive pela perspectiva social, este projeto prop\u00f5e a utiliza\u00e7\u00e3o de tecnologias simples adequadas \u00e0 realidade de cada propriedade.<\/p>\n\n\n\n<p>O objetivo do CATI Leite \u00e9 gerar sustentabilidade social, ambiental e econ\u00f4mica da pecu\u00e1ria leiteira nas propriedades participantes, considerando o bem-estar animal, a qualidade de vida da popula\u00e7\u00e3o rural ligada \u00e0 atividade e a conserva\u00e7\u00e3o de solo e \u00e1gua. Especificamente, o trabalho deste projeto envolve administra\u00e7\u00e3o e planejamento, efici\u00eancia, manejo de pastagens, produ\u00e7\u00e3o de forragem e manejo do rebanho, considerando nutri\u00e7\u00e3o, sanidade, produ\u00e7\u00e3o, reprodu\u00e7\u00e3o e ordenha, priorizando o bem-estar dos animais.<\/p>\n\n\n\n<p>As a\u00e7\u00f5es do CATI Leite envolvem visitas t\u00e9cnicas, treinamentos, unidades demonstrativas e eventos. Para participar, basta procurar a Casa da Agricultura ou a CATI Regional da localidade seguindo os seguintes crit\u00e9rios:<br>\u2022 manifesta\u00e7\u00e3o de interesse para participa\u00e7\u00e3o do projeto;<br>\u2022 aceita\u00e7\u00e3o do recebimento de visitas t\u00e9cnicas e orienta\u00e7\u00f5es do corpo t\u00e9cnico do projeto;<br>\u2022 comprometimento com a proposta de trabalho.<\/p>\n\n\n\n<p><strong>E-mail:<\/strong> cati.leite@sp.gov.br<\/p>\n\n\n\n<p><strong>Manual T\u00e9cnico 80 <\/strong>&#8211; CATI Leite: <a href=\"https:\/\/agricultura.sp.gov.br\/cati\/publicacoes\/manual-tecnico-80-cati-leite\/\">https:\/\/agricultura.sp.gov.br\/cati\/publicacoes\/manual-tecnico-80-cati-leite\/<\/a><\/p>\n\n\n\n<p><strong>Endere\u00e7os da CATI<\/strong>: <a href=\"https:\/\/agricultura.sp.gov.br\/cati\/enderecos\/\">https:\/\/agricultura.sp.gov.br\/cati\/enderecos\/<\/a><\/p>\n\n\n\n<figure class=\"wp-block-embed is-type-video is-provider-youtube wp-block-embed-youtube wp-embed-aspect-16-9 wp-has-aspect-ratio\"><div class=\"wp-block-embed__wrapper\">\n<iframe loading=\"lazy\" title=\"CATI - Propriedade em Alambari, v\u00ea produ\u00e7\u00e3o leiteira crescer com o CATI Leite.\" width=\"500\" height=\"281\" src=\"https:\/\/www.youtube.com\/embed\/E4ONWCDSYhE?feature=oembed\" frameborder=\"0\" allow=\"accelerometer; autoplay; clipboard-write; encrypted-media; gyroscope; picture-in-picture; web-share\" referrerpolicy=\"strict-origin-when-cross-origin\" allowfullscreen><\/iframe>\n<\/div><\/figure>\n\n\n\n<figure class=\"wp-block-embed is-type-video is-provider-youtube wp-block-embed-youtube wp-embed-aspect-16-9 wp-has-aspect-ratio\"><div class=\"wp-block-embed__wrapper\">\n<iframe loading=\"lazy\" title=\"CATI - CATI Leite Urupes\" width=\"500\" height=\"281\" src=\"https:\/\/www.youtube.com\/embed\/Mx-o46MFHAE?feature=oembed\" frameborder=\"0\" allow=\"accelerometer; autoplay; clipboard-write; encrypted-media; gyroscope; picture-in-picture; web-share\" referrerpolicy=\"strict-origin-when-cross-origin\" allowfullscreen><\/iframe>\n<\/div><\/figure>\n\n\n\n<figure class=\"wp-block-embed is-type-video is-provider-youtube wp-block-embed-youtube wp-embed-aspect-16-9 wp-has-aspect-ratio\"><div class=\"wp-block-embed__wrapper\">\n<iframe loading=\"lazy\" title=\"CATI LEITE - Casal de produtores de Itapetininga obt\u00e9m sucesso com as orienta\u00e7\u00f5es t\u00e9cnicas da CATI.\" width=\"500\" height=\"281\" src=\"https:\/\/www.youtube.com\/embed\/YO_y2Nbz8-s?feature=oembed\" frameborder=\"0\" allow=\"accelerometer; autoplay; clipboard-write; encrypted-media; gyroscope; picture-in-picture; web-share\" referrerpolicy=\"strict-origin-when-cross-origin\" allowfullscreen><\/iframe>\n<\/div><\/figure>\n\n\n\n<figure class=\"wp-block-embed is-type-video is-provider-youtube wp-block-embed-youtube wp-embed-aspect-16-9 wp-has-aspect-ratio\"><div class=\"wp-block-embed__wrapper\">\n<iframe loading=\"lazy\" title=\"CATI - CATI Leite Potirendaba\" width=\"500\" height=\"281\" src=\"https:\/\/www.youtube.com\/embed\/Ycjj5pODX6M?feature=oembed\" frameborder=\"0\" allow=\"accelerometer; autoplay; clipboard-write; encrypted-media; gyroscope; picture-in-picture; web-share\" referrerpolicy=\"strict-origin-when-cross-origin\" allowfullscreen><\/iframe>\n<\/div><\/figure>\n\n\n\n<figure class=\"wp-block-embed is-type-video is-provider-youtube wp-block-embed-youtube wp-embed-aspect-16-9 wp-has-aspect-ratio\"><div class=\"wp-block-embed__wrapper\">\n<iframe loading=\"lazy\" title=\"CATI: Video institucional CATI LEITE 2025\" width=\"500\" height=\"281\" src=\"https:\/\/www.youtube.com\/embed\/vPhf-c44UnI?feature=oembed\" frameborder=\"0\" allow=\"accelerometer; autoplay; clipboard-write; encrypted-media; gyroscope; picture-in-picture; web-share\" referrerpolicy=\"strict-origin-when-cross-origin\" allowfullscreen><\/iframe>\n<\/div><\/figure>\n","protected":false},"excerpt":{"rendered":"<p>O CATI Leite \u00e9 um projeto da Secretaria de Agricultura e Abastecimento do Estado de S\u00e3o Paulo, por meio da Diretoria de Assist\u00eancia T\u00e9cnica Integral (CATI), que oferece assist\u00eancia t\u00e9cnica e extens\u00e3o rural para produtores de leite que se interessam em melhoria das pr\u00e1ticas de produ\u00e7\u00e3o, buscando principalmente aumento da rentabilidade da atividade. Considerando a [&hellip;]<\/p>\n","protected":false},"author":15,"featured_media":23218,"parent":0,"menu_order":0,"comment_status":"closed","ping_status":"closed","template":"","meta":{"_acf_changed":false,"footnotes":""},"class_list":["post-23160","page","type-page","status-publish","has-post-thumbnail","hentry"],"acf":[],"_links":{"self":[{"href":"https:\/\/agricultura.sp.gov.br\/cati\/wp-json\/wp\/v2\/pages\/23160","targetHints":{"allow":["GET"]}}],"collection":[{"href":"https:\/\/agricultura.sp.gov.br\/cati\/wp-json\/wp\/v2\/pages"}],"about":[{"href":"https:\/\/agricultura.sp.gov.br\/cati\/wp-json\/wp\/v2\/types\/page"}],"author":[{"embeddable":true,"href":"https:\/\/agricultura.sp.gov.br\/cati\/wp-json\/wp\/v2\/users\/15"}],"replies":[{"embeddable":true,"href":"https:\/\/agricultura.sp.gov.br\/cati\/wp-json\/wp\/v2\/comments?post=23160"}],"version-history":[{"count":5,"href":"https:\/\/agricultura.sp.gov.br\/cati\/wp-json\/wp\/v2\/pages\/23160\/revisions"}],"predecessor-version":[{"id":23220,"href":"https:\/\/agricultura.sp.gov.br\/cati\/wp-json\/wp\/v2\/pages\/23160\/revisions\/23220"}],"wp:featuredmedia":[{"embeddable":true,"href":"https:\/\/agricultura.sp.gov.br\/cati\/wp-json\/wp\/v2\/media\/23218"}],"wp:attachment":[{"href":"https:\/\/agricultura.sp.gov.br\/cati\/wp-json\/wp\/v2\/media?parent=23160"}],"curies":[{"name":"wp","href":"https:\/\/api.w.org\/{rel}","templated":true}]}}