{"id":22731,"date":"2026-02-05T09:54:28","date_gmt":"2026-02-05T12:54:28","guid":{"rendered":"https:\/\/agricultura.sp.gov.br\/cati\/?page_id=22731"},"modified":"2026-02-20T15:20:18","modified_gmt":"2026-02-20T18:20:18","slug":"geomatica","status":"publish","type":"page","link":"https:\/\/agricultura.sp.gov.br\/cati\/geomatica\/","title":{"rendered":"Geom\u00e1tica"},"content":{"rendered":"\n<h2 class=\"wp-block-heading\">Planos Diretores de Controle de Eros\u00e3o Rural Modelos CATI<\/h2>\n\n\n\n<p><a href=\"https:\/\/agricultura.sp.gov.br\/cati\/publicacoes\/plano-diretor-de-controle-de-erosao-rural-da-sub-bacia-do-ribeirao-laranja-doce-margem-direita-marco-de-2016\/\" target=\"_blank\" rel=\"noreferrer noopener\">Plano Diretor Laranja Doce<\/a><\/p>\n\n\n\n<p><a href=\"https:\/\/agricultura.sp.gov.br\/cati\/publicacoes\/plano-diretor-de-controle-de-erosao-rural-para-o-municipio-de-tatui-sp-maio-de-2011\/\" target=\"_blank\" rel=\"noreferrer noopener\">Plano Diretor de Controle de Eros\u00e3o Rural para o munic\u00edpio de Tatu\u00ed (SP)<\/a><\/p>\n\n\n\n<p><a href=\"https:\/\/storage.googleapis.com\/saa-repositorio\/prd\/saa-sites\/cati\/documentos\/PDCER_SubBacia-Corrego-Alegre-Peixe.pdf\">Plano Diretor de Controle da Eros\u00e3o Rural da Sub Bacia do C\u00f3rrego Alegre Peixe<\/a><\/p>\n\n\n\n<p><a href=\"https:\/\/storage.googleapis.com\/saa-repositorio\/prd\/saa-sites\/cati\/documentos\/PDCER-Corregos-AfonsoXIII-Quixote-eOutros.pdf\">Plano Diretor de Controle da Eros\u00e3o Rural da Sub Bacia dos C\u00f3rregos Afonso XIII S\u00e3o Martinho Dom Quixote e etc<\/a><\/p>\n\n\n\n<hr class=\"wp-block-separator has-alpha-channel-opacity\"\/>\n\n\n\n<h2 class=\"wp-block-heading\">Manual \u00c1gua e Solo<\/h2>\n\n\n\n<p><a href=\"https:\/\/agricultura.sp.gov.br\/cati\/publicacoes\/manual-tecnico-de-manejo-e-conservacao-de-solo-e-agua\/\">CLIQUE PARA <\/a><a href=\"https:\/\/agricultura.sp.gov.br\/cati\/publicacoes\/manual-tecnico-de-manejo-e-conservacao-de-solo-e-agua\/\" target=\"_blank\" rel=\"noreferrer noopener\">DOWNLOAD<\/a><\/p>\n\n\n\n<hr class=\"wp-block-separator has-alpha-channel-opacity\"\/>\n\n\n\n<h2 class=\"wp-block-heading\">Classe de Capacidade de Uso do Solo<\/h2>\n\n\n\n<p><a href=\"https:\/\/storage.googleapis.com\/saa-repositorio\/prd\/saa-sites\/cati\/documentos\/Apresentacao-Mapa-Classes-Capacidade-Potencial-Uso-Solos-SP.pdf\">Mapa de Classe de Capacidade<\/a> e <a href=\"https:\/\/storage.googleapis.com\/saa-repositorio\/prd\/saa-sites\/cati\/documentos\/Apresentacao-Mapa-Classes-Capacidade-Potencial-Uso-Solos-SP.pdf\">Apresenta\u00e7\u00e3o do Mapa de Classe de Capacidade<\/a><\/p>\n\n\n\n<p>Software para enquadramento em classes de capacidade de uso<\/p>\n\n\n\n<hr class=\"wp-block-separator has-alpha-channel-opacity\"\/>\n\n\n\n<h2 class=\"wp-block-heading\">Modelo Digital de Eleva\u00e7\u00e3o CATI do Estado de S\u00e3o Paulo<\/h2>\n\n\n\n<p>Modelo Digital de Eleva\u00e7\u00e3o<\/p>\n\n\n\n<hr class=\"wp-block-separator has-alpha-channel-opacity\"\/>\n\n\n\n<h2 class=\"wp-block-heading\">Urbanizado CATI<\/h2>\n\n\n\n<p><a href=\"https:\/\/storage.googleapis.com\/saa-repositorio\/prd\/saa-sites\/cati\/documentos\/Urbanizado_Paulista_Divulg.pdf\">Urbanizado Divulga\u00e7\u00e3o<\/a><\/p>\n\n\n\n<p><a href=\"https:\/\/storage.googleapis.com\/saa-repositorio\/prd\/saa-sites\/cati\/documentos\/Urbanizado_Paulista_Doc.pdf\">Urbanizado Paulista <\/a><\/p>\n\n\n\n<p><a href=\"https:\/\/storage.googleapis.com\/saa-repositorio\/prd\/saa-sites\/cati\/documentos\/Urbanizado_Paulista_Apres.pdf\">Apresenta\u00e7\u00e3o Urbanizado<\/a><\/p>\n\n\n\n<hr class=\"wp-block-separator has-alpha-channel-opacity\"\/>\n\n\n\n<h2 class=\"wp-block-heading\">Web Mapas CATI<\/h2>\n\n\n\n<p><a href=\"https:\/\/geo.cati.sp.gov.br\/portal\/apps\/webappviewer\/index.html?id=8ef6034184a247da9065bc23aec7cebf#\">MAPAS CAR<\/a><\/p>\n\n\n\n<p><a href=\"https:\/\/geo.cati.sp.gov.br\/portal\/apps\/webappviewer\/index.html?id=c811d260bdb0476aa60940f34b032a79\">PRINCIPAIS CULTURAS<\/a><\/p>\n\n\n\n<hr class=\"wp-block-separator has-alpha-channel-opacity\"\/>\n\n\n\n<h2 class=\"wp-block-heading\">Agrometeorologia<\/h2>\n\n\n\n<p><a href=\"http:\/\/agroclimasp.ciiagro.org.br\/\" target=\"_blank\" rel=\"noreferrer noopener\">AgroClima SP<\/a><\/p>\n\n\n\n<p><a href=\"http:\/\/www.ciiagro.org.br\/\" target=\"_blank\" rel=\"noreferrer noopener\">Portal Agrometereol\u00f3gico CIIAGRO<\/a><\/p>\n\n\n\n<p><a href=\"https:\/\/agricultura.sp.gov.br\/cati\/publicacoes\/?categoria_publicacao%5B0%5D=boletim-agrometeorologico\" target=\"_blank\" rel=\"noreferrer noopener\">Boletins Agrometereol\u00f3gicos<\/a><\/p>\n\n\n\n<hr class=\"wp-block-separator has-alpha-channel-opacity\"\/>\n\n\n\n<h2 class=\"wp-block-heading\">Conserva\u00e7\u00e3o do solo<\/h2>\n\n\n\n<p><a href=\"https:\/\/www.cati.sp.gov.br\/site\/tec_cons.php\" target=\"_blank\" rel=\"noreferrer noopener\">Tecnologias e Estrat\u00e9gias Conservacionistas<\/a><\/p>\n\n\n\n<hr class=\"wp-block-separator has-alpha-channel-opacity\"\/>\n\n\n\n<h2 class=\"wp-block-heading\">Estradas rurais<\/h2>\n\n\n\n<p><a href=\"https:\/\/agricultura.sp.gov.br\/cati\/publicacoes\/manual-tecnico-77-adequacao-de-estradas-rurais\/\">Adequa\u00e7\u00e3o de Estradas Rurais<\/a><\/p>\n\n\n\n<p><a href=\"https:\/\/storage.googleapis.com\/saa-repositorio\/prd\/saa-sites\/cati\/documentos\/EspecificacoesTecnicasdeServico-AnexoI.pdf\" target=\"_blank\" rel=\"noreferrer noopener\">Especifica\u00e7\u00f5es T\u00e9cnicas<\/a><\/p>\n\n\n\n<p><a href=\"https:\/\/www.cati.sp.gov.br\/Cati\/_tecnologias\/manejo_conservacao_solo\/Desenhos_Estradas-DesenhosTipo-AnexoII.pdf.pdf\">Desenhos Tipo<\/a><\/p>\n","protected":false},"excerpt":{"rendered":"<p>Planos Diretores de Controle de Eros\u00e3o Rural Modelos CATI Plano Diretor Laranja Doce Plano Diretor de Controle de Eros\u00e3o Rural para o munic\u00edpio de Tatu\u00ed (SP) Plano Diretor de Controle da Eros\u00e3o Rural da Sub Bacia do C\u00f3rrego Alegre Peixe Plano Diretor de Controle da Eros\u00e3o Rural da Sub Bacia dos C\u00f3rregos Afonso XIII S\u00e3o [&hellip;]<\/p>\n","protected":false},"author":15,"featured_media":0,"parent":0,"menu_order":0,"comment_status":"closed","ping_status":"closed","template":"","meta":{"_acf_changed":false,"footnotes":""},"class_list":["post-22731","page","type-page","status-publish","hentry"],"acf":[],"_links":{"self":[{"href":"https:\/\/agricultura.sp.gov.br\/cati\/wp-json\/wp\/v2\/pages\/22731","targetHints":{"allow":["GET"]}}],"collection":[{"href":"https:\/\/agricultura.sp.gov.br\/cati\/wp-json\/wp\/v2\/pages"}],"about":[{"href":"https:\/\/agricultura.sp.gov.br\/cati\/wp-json\/wp\/v2\/types\/page"}],"author":[{"embeddable":true,"href":"https:\/\/agricultura.sp.gov.br\/cati\/wp-json\/wp\/v2\/users\/15"}],"replies":[{"embeddable":true,"href":"https:\/\/agricultura.sp.gov.br\/cati\/wp-json\/wp\/v2\/comments?post=22731"}],"version-history":[{"count":13,"href":"https:\/\/agricultura.sp.gov.br\/cati\/wp-json\/wp\/v2\/pages\/22731\/revisions"}],"predecessor-version":[{"id":22896,"href":"https:\/\/agricultura.sp.gov.br\/cati\/wp-json\/wp\/v2\/pages\/22731\/revisions\/22896"}],"wp:attachment":[{"href":"https:\/\/agricultura.sp.gov.br\/cati\/wp-json\/wp\/v2\/media?parent=22731"}],"curies":[{"name":"wp","href":"https:\/\/api.w.org\/{rel}","templated":true}]}}