{"id":11254,"date":"2025-11-11T10:07:37","date_gmt":"2025-11-11T13:07:37","guid":{"rendered":"https:\/\/agricultura.sp.gov.br\/cati\/?page_id=11254"},"modified":"2025-12-03T09:33:14","modified_gmt":"2025-12-03T12:33:14","slug":"coordenadoria-de-extensao-rural-cer","status":"publish","type":"page","link":"https:\/\/agricultura.sp.gov.br\/cati\/coordenadoria-de-extensao-rural-cer\/","title":{"rendered":"Coordenadoria de Extens\u00e3o Rural (CER)"},"content":{"rendered":"\n<figure class=\"wp-block-image size-large is-resized\"><img loading=\"lazy\" decoding=\"async\" width=\"1024\" height=\"236\" src=\"https:\/\/storage.googleapis.com\/saa-repositorio\/prd\/saa-sites\/cati\/imagens\/2025_CATI-CECOR_ARTE_Banner-Novo-site-CATI-2553-x-583px_banner-4-1-1024x236.jpg\" alt=\"\" class=\"wp-image-11182\" style=\"width:1300px\"\/><\/figure>\n\n\n\n<p>A<strong> Coordenadoria de Extens\u00e3o Rural<\/strong> est\u00e1 dividida como se segue:<\/p>\n\n\n\n<ul class=\"wp-block-list\">\n<li>Divis\u00e3o de Pol\u00edticas P\u00fablicas<\/li>\n\n\n\n<li>Divis\u00e3o de Cadeias Produtivas<\/li>\n\n\n\n<li>Divis\u00e3o de Relacionamento com os Munic\u00edpios<\/li>\n\n\n\n<li>Servi\u00e7o de Treinamento<\/li>\n\n\n\n<li>Servi\u00e7o de <a href=\"https:\/\/agricultura.sp.gov.br\/cati\/imprensa\/\" data-type=\"link\" data-id=\"https:\/\/agricultura.sp.gov.br\/cati\/imprensa\/\">Comunica\u00e7\u00e3o Rural<\/a><\/li>\n<\/ul>\n\n\n\n<p><strong>Contato<\/strong>: AGRICULTURA-cer@sp.gov.br<\/p>\n\n\n\n<p><\/p>\n","protected":false},"excerpt":{"rendered":"<p>A Coordenadoria de Extens\u00e3o Rural est\u00e1 dividida como se segue: Contato: AGRICULTURA-cer@sp.gov.br<\/p>\n","protected":false},"author":15,"featured_media":0,"parent":0,"menu_order":0,"comment_status":"closed","ping_status":"closed","template":"","meta":{"_acf_changed":false,"footnotes":""},"class_list":["post-11254","page","type-page","status-publish","hentry"],"acf":[],"_links":{"self":[{"href":"https:\/\/agricultura.sp.gov.br\/cati\/wp-json\/wp\/v2\/pages\/11254","targetHints":{"allow":["GET"]}}],"collection":[{"href":"https:\/\/agricultura.sp.gov.br\/cati\/wp-json\/wp\/v2\/pages"}],"about":[{"href":"https:\/\/agricultura.sp.gov.br\/cati\/wp-json\/wp\/v2\/types\/page"}],"author":[{"embeddable":true,"href":"https:\/\/agricultura.sp.gov.br\/cati\/wp-json\/wp\/v2\/users\/15"}],"replies":[{"embeddable":true,"href":"https:\/\/agricultura.sp.gov.br\/cati\/wp-json\/wp\/v2\/comments?post=11254"}],"version-history":[{"count":3,"href":"https:\/\/agricultura.sp.gov.br\/cati\/wp-json\/wp\/v2\/pages\/11254\/revisions"}],"predecessor-version":[{"id":21847,"href":"https:\/\/agricultura.sp.gov.br\/cati\/wp-json\/wp\/v2\/pages\/11254\/revisions\/21847"}],"wp:attachment":[{"href":"https:\/\/agricultura.sp.gov.br\/cati\/wp-json\/wp\/v2\/media?parent=11254"}],"curies":[{"name":"wp","href":"https:\/\/api.w.org\/{rel}","templated":true}]}}