{"id":11107,"date":"2025-09-30T15:47:35","date_gmt":"2025-09-30T18:47:35","guid":{"rendered":"https:\/\/agricultura.sp.gov.br\/cati\/?page_id=11107"},"modified":"2025-09-30T16:07:31","modified_gmt":"2025-09-30T19:07:31","slug":"legislacao-dcaa","status":"publish","type":"page","link":"https:\/\/agricultura.sp.gov.br\/cati\/legislacao-dcaa\/","title":{"rendered":"LEGISLA\u00c7\u00c3O DCAA E DCAA AQUICULTURA"},"content":{"rendered":"\n<p><strong>LEIS E NORMAS DE REFER\u00caNCIA<\/strong><\/p>\n\n\n\n<p>&#8211;\u00a0<a href=\"https:\/\/storage.googleapis.com\/saa-repositorio\/prd\/saa-sites\/cati\/documentos\/Resolucao-Conjunta-SMA-SAA-SJDC-1-de-27-12-2011.pdf\" target=\"_blank\" rel=\"noreferrer noopener\">Resolu\u00e7\u00e3o Conjunta SMA.SAA.SJDC \u2013 01 (27\/12\/2011) \u2013 Disp\u00f5e sobre o licenciamento ambiental para atividades agropecu\u00e1rias no Estado de S\u00e3o Paulo.<\/a><\/p>\n\n\n\n<p>&#8211;\u00a0<a href=\"https:\/\/storage.googleapis.com\/saa-repositorio\/prd\/saa-sites\/cati\/documentos\/Resolucao-Conjunta-SMA-SAA-SJDC-1-de-23-3-2012.pdf\" target=\"_blank\" rel=\"noreferrer noopener\">Resolu\u00e7\u00e3o Conjunta SMA.SAA.SJDC \u2013 01 (23\/03\/2012) \u2013 altera a Resolu\u00e7\u00e3o Conjunta SMA.SAA.SJDC \u2013 01 de 27\/12\/2011.<\/a><\/p>\n\n\n\n<p>&#8211;\u00a0<a href=\"https:\/\/storage.googleapis.com\/saa-repositorio\/prd\/saa-sites\/cati\/documentos\/Resolucao-Conjunta-SMA-SAA-SJDC-2-de-14-11-2012.pdf\" target=\"_blank\" rel=\"noreferrer noopener\">Resolu\u00e7\u00e3o Conjunta SMA.SAA.SJDC \u2013 02 (14\/11\/2012) \u2013 altera a Resolu\u00e7\u00e3o Conjunta SMA.SAA.SJDC \u2013 01 de 27\/12\/2011.<\/a><\/p>\n\n\n\n<p>&#8211;\u00a0<a href=\"https:\/\/www.cati.sp.gov.br\/portal\/themes\/unify\/arquivos\/produtos-e-servicos\/legislacao-dcaa\/Resolu%C3%A7%C3%A3o%20SAA%20%E2%80%93%203,%20de%2019-1-2012.pdf\" target=\"_blank\" rel=\"noreferrer noopener\">Resolu\u00e7\u00e3o SAA \u2013 3 (19\/01\/2012) \u2013 Disp\u00f5e sobre o procedimento da Declara\u00e7\u00e3o de Conformidade da Atividade <\/a><a href=\"https:\/\/storage.googleapis.com\/saa-repositorio\/prd\/saa-sites\/cati\/documentos\/Resolucao-SAA-\u2013-3-de-19-1-2012.pdf\" target=\"_blank\" rel=\"noreferrer noopener\">Agropecu\u00e1ria<\/a><a href=\"https:\/\/www.cati.sp.gov.br\/portal\/themes\/unify\/arquivos\/produtos-e-servicos\/legislacao-dcaa\/Resolu%C3%A7%C3%A3o%20SAA%20%E2%80%93%203,%20de%2019-1-2012.pdf\" target=\"_blank\" rel=\"noreferrer noopener\">.<\/a><\/p>\n\n\n\n<p>&#8211;\u00a0<a href=\"https:\/\/www.cati.sp.gov.br\/portal\/themes\/unify\/arquivos\/produtos-e-servicos\/legislacao-dcaa\/Resolu%C3%A7%C3%A3o%20SMA%20-%2074,%20de%2027-12-2011.pdf\" target=\"_blank\" rel=\"noreferrer noopener\">Resolu\u00e7\u00e3o SMA \u2013 74 (27\/12\/2011) \u2013 Disp\u00f5e <\/a><a href=\"https:\/\/storage.googleapis.com\/saa-repositorio\/prd\/saa-sites\/cati\/documentos\/Resolucao-SMA-74-de-27-12-2011.pdf\" target=\"_blank\" rel=\"noreferrer noopener\">sobre <\/a><a href=\"https:\/\/www.cati.sp.gov.br\/portal\/themes\/unify\/arquivos\/produtos-e-servicos\/legislacao-dcaa\/Resolu%C3%A7%C3%A3o%20SMA%20-%2074,%20de%2027-12-2011.pdf\" target=\"_blank\" rel=\"noreferrer noopener\">a inexigibilidade de licenciamento ambiental para as atividades que especifica.<br><br><\/a><a href=\"https:\/\/storage.googleapis.com\/saa-repositorio\/prd\/saa-sites\/cati\/documentos\/resolucao-sima-108-de-06.10.2021-processo-digital-sima.047143-2021-46-inexigibilidade-de-licenciamento-resolucao-sma-74-2011-outubro-2021.pdf\" target=\"_blank\" rel=\"noreferrer noopener\">&#8211;\u00a0Resolu\u00e7\u00e3o SIMA N\u00ba 108, DE 06 DE OUTUBRO DE 2021. Altera a Resolu\u00e7\u00e3o SMA n\u00b0 74, de 27 de dezembro de 2011, que disp\u00f5e sobre a inexigibilidade de licenciamento ambiental para as atividades que especifica.<\/a><\/p>\n\n\n\n<p><strong>LEIS E NORMAS SUPLEMENTARES<\/strong><\/p>\n\n\n\n<p>&#8211;\u00a0<a href=\"https:\/\/www.cati.sp.gov.br\/portal\/themes\/unify\/arquivos\/produtos-e-servicos\/legislacao-dcaa\/Lei%20Federal%20n%C2%BA7.802%20de%2011%20de%20julho%20de%201989.pdf\" target=\"_blank\" rel=\"noreferrer noopener\">Lei Federal n\u00ba7.802 de 11 de julho de 1989 e respectivas altera\u00e7\u00f5es \u2013 Lei dos <\/a><a href=\"https:\/\/storage.googleapis.com\/saa-repositorio\/prd\/saa-sites\/cati\/documentos\/Lei-Federal-no7.802-de-11-de-julho-de-1989.pdf\" target=\"_blank\" rel=\"noreferrer noopener\">Agrot\u00f3xicos<\/a><a href=\"https:\/\/www.cati.sp.gov.br\/portal\/themes\/unify\/arquivos\/produtos-e-servicos\/legislacao-dcaa\/Lei%20Federal%20n%C2%BA7.802%20de%2011%20de%20julho%20de%201989.pdf\" target=\"_blank\" rel=\"noreferrer noopener\">.<\/a><\/p>\n\n\n\n<p>&#8211;\u00a0<a href=\"https:\/\/www.cati.sp.gov.br\/portal\/themes\/unify\/arquivos\/produtos-e-servicos\/legislacao-dcaa\/Decreto%20Federal%20n%C2%BA4.074%20de%2004%20de%20janeiro%20de%202002%20%E2%80%93%20Regulamenta%20a%20Lei%20Federal%20n%C2%BA7.802%20de%2011071989.pdf\" target=\"_blank\" rel=\"noreferrer noopener\">Decreto Federal n\u00ba4.074 de 04 de janeiro de 2002 \u2013 Regulamenta<\/a><a href=\"https:\/\/storage.googleapis.com\/saa-repositorio\/prd\/saa-sites\/cati\/documentos\/Decreto-Federal-no4.074-de-04-de-janeiro-de-2002-\u2013-Regulamenta-a-Lei-Federal-no7.802-de-11071989.pdf\" target=\"_blank\" rel=\"noreferrer noopener\"> <\/a><a href=\"https:\/\/www.cati.sp.gov.br\/portal\/themes\/unify\/arquivos\/produtos-e-servicos\/legislacao-dcaa\/Decreto%20Federal%20n%C2%BA4.074%20de%2004%20de%20janeiro%20de%202002%20%E2%80%93%20Regulamenta%20a%20Lei%20Federal%20n%C2%BA7.802%20de%2011071989.pdf\" target=\"_blank\" rel=\"noreferrer noopener\">a Lei Federal n\u00ba7.802 de 11\/07\/1989.<\/a><\/p>\n\n\n\n<p>&#8211;\u00a0<a href=\"https:\/\/storage.googleapis.com\/saa-repositorio\/prd\/saa-sites\/cati\/documentos\/Lei-Estadual-6.171-de-1988-Uso-e-Conservacao-do-Solo.pdf\" target=\"_blank\" rel=\"noreferrer noopener\">Lei Estadual n\u00ba6.171 de 04de julho de 1988 \u2013 Lei do Uso e Conserva\u00e7\u00e3o do Solo.<\/a><\/p>\n\n\n\n<p>&#8211;\u00a0<a href=\"https:\/\/storage.googleapis.com\/saa-repositorio\/prd\/saa-sites\/cati\/documentos\/Lei-Estadual-8.421-de-1993-Altera-Lei-Est.-6.171.pdf\" target=\"_blank\" rel=\"noreferrer noopener\">Lei Estadual n\u00ba8.241 de 23 de novembro de 1993 \u2013 Altera a Lei Estadual n\u00ba6.171 e 04 de julho de 1998.<\/a><\/p>\n\n\n\n<p>&#8211;\u00a0<a href=\"https:\/\/storage.googleapis.com\/saa-repositorio\/prd\/saa-sites\/cati\/documentos\/Lei-Estadual-7.663-de-1991-Normas-de-orientacao-a-Politica-Estadual-de-Recursos-Hidricos.pdf\" target=\"_blank\" rel=\"noreferrer noopener\">Lei Estadual n\u00ba7.663 de 30 de dezembro de 1991 \u2013 Estabelece normas de orienta\u00e7\u00e3o \u00e0 Pol\u00edtica Estadual de Recursos H\u00eddricos bem como ao Sistema Integrado de Gerenciamento de Recursos H\u00eddricos.<\/a><\/p>\n\n\n\n<p>&#8211;\u00a0<a href=\"https:\/\/storage.googleapis.com\/saa-repositorio\/prd\/saa-sites\/cati\/documentos\/Decreto_41.258_1996-Regulamento-da-outorga-de-direitos-de-uso-dos-recursos.pdf\" target=\"_blank\" rel=\"noreferrer noopener\">Decreto Estadual n\u00ba41.258 de 31 de outubro de 1996 \u2013 Regulamenta os artigos 9\u00ba a 13 da Lei Estadual n\u00ba7.663 de 30\/12\/1991.<\/a><\/p>\n\n\n\n<p>&#8211;\u00a0<a href=\"https:\/\/www.cati.sp.gov.br\/portal\/themes\/unify\/arquivos\/produtos-e-servicos\/legislacao-dcaa\/Decreto%20Estadual%2041.719%20de%201997%20-%20com%20alteracos%20dec%2042.056_1997%20e%20dec%2044.884_2000.pdf\" target=\"_blank\" rel=\"noreferrer noopener\">Decreto Estadual n\u00ba41.719 de 16 de abril de 1997 \u2013 <\/a><a href=\"https:\/\/storage.googleapis.com\/saa-repositorio\/prd\/saa-sites\/cati\/documentos\/Decreto-Estadual-41.719-de-1997-com-alteracos-dec-42.056_1997-e-dec-44.884_2000.pdf\" target=\"_blank\" rel=\"noreferrer noopener\">Regulamenta <\/a><a href=\"https:\/\/www.cati.sp.gov.br\/portal\/themes\/unify\/arquivos\/produtos-e-servicos\/legislacao-dcaa\/Decreto%20Estadual%2041.719%20de%201997%20-%20com%20alteracos%20dec%2042.056_1997%20e%20dec%2044.884_2000.pdf\" target=\"_blank\" rel=\"noreferrer noopener\">a Lei Estadual n\u00ba6.171 de 04\/07\/1988.<\/a><\/p>\n\n\n\n<p>&#8211;\u00a0<a href=\"https:\/\/storage.googleapis.com\/saa-repositorio\/prd\/saa-sites\/cati\/documentos\/Lei-Estadual-9.034-de-1994-Plano-Estadual-de-Recursos-Hidricos.pdf\" target=\"_blank\" rel=\"noreferrer noopener\">Lei Estadual n\u00ba9.034 de 27 de dezembro de 1994 \u2013 Disp\u00f5e sobre o Plano Estadual de Recursos H\u00eddricos.<\/a><\/p>\n\n\n\n<p>&#8211;\u00a0<a href=\"https:\/\/storage.googleapis.com\/saa-repositorio\/prd\/saa-sites\/cati\/documentos\/Resolucao-CONAMA-001_1986-com-alteracao-Res-CONAMA-011_1986.pdf\" target=\"_blank\" rel=\"noreferrer noopener\">Resolu\u00e7\u00e3o CONAMA 001 (23\/01\/1986) e respectiva altera\u00e7\u00e3o.<\/a><\/p>\n\n\n\n<p>&#8211;\u00a0<a href=\"https:\/\/storage.googleapis.com\/saa-repositorio\/prd\/saa-sites\/cati\/documentos\/Resolucao-CONAMA-237_1997-Licenciamento-Ambiental.pdf\" target=\"_blank\" rel=\"noreferrer noopener\">Resolu\u00e7\u00e3o CONAMA 237 (19\/12\/1997).<\/a><\/p>\n\n\n\n<p>&#8211;\u00a0<a href=\"https:\/\/storage.googleapis.com\/saa-repositorio\/prd\/saa-sites\/cati\/documentos\/Resolucao-CONAMA-413_2009-Licenciamento-ambiental-da-aquicultura.pdf\" target=\"_blank\" rel=\"noreferrer noopener\">Resolu\u00e7\u00e3o CONAMA 413 (26\/06\/2009).<\/a><\/p>\n\n\n\n<p>&#8211;\u00a0<a href=\"http:\/\/www.al.sp.gov.br\/norma\/?id=173112\" target=\"_blank\" rel=\"noreferrer noopener\">DECRETO n\u00ba 60.582, de 27 de junho de 2014 -Licenciamento ambiental da aquicultura, cria Parques Aqu\u00edcolas estaduais<\/a>\u00a0;<\/p>\n\n\n\n<p>&#8211;\u00a0DECRETO n\u00ba 60.766, de 29 de agosto de 2014 &#8211; altera o decreto n\u00ba 60.582, de 27 de junho de 2014 (revogada)\u00a0;<\/p>\n\n\n\n<p>&#8211;\u00a0<a href=\"https:\/\/storage.googleapis.com\/saa-repositorio\/prd\/saa-sites\/cati\/documentos\/DECRETO-63.296-DE-21-DE-MARCO-DE-2018.pdf\" target=\"_blank\" rel=\"noreferrer noopener\">DECRETO n\u00ba 63.296, de 21 de mar\u00e7o de 2018 &#8211; Atividade de Bovinocultura, Avicultura e Suinocultura\u00a0<\/a>;<\/p>\n\n\n\n<p>&#8211;\u00a0<a href=\"https:\/\/storage.googleapis.com\/saa-repositorio\/prd\/saa-sites\/cati\/documentos\/DECRETO-N-63.882-04.12.2018.pdf\" target=\"_blank\" rel=\"noreferrer noopener\">Decreto n\u00ba 63.882, de 04 de dezembro de 2018 &#8211; Acrescenta dispositivo ao Decreto n\u00ba 63.296, de 21 de mar\u00e7o de 2018, que d\u00e1 nova reda\u00e7\u00e3o a dispositivos do Regulamento da Lei n\u00ba 997, de 31 de maio de 1976, aprovado pelo Decreto n\u00ba 8.468, de 8 de setembro de 1976, que disp\u00f5e sobre a preven\u00e7\u00e3o e o controle da polui\u00e7\u00e3o do meio ambiente, referentes ao licenciamento ambiental.<\/a>\u00a0;<\/p>\n\n\n\n<p><\/p>\n\n\n\n<h2 class=\"wp-block-heading\">LEGISLA\u00c7\u00c3O DCAA AQUICULTURA<\/h2>\n\n\n\n<p><strong>LEIS E NORMAS DE REFER\u00caNCIA<\/strong><\/p>\n\n\n\n<p>&#8211;\u00a0<a href=\"https:\/\/storage.googleapis.com\/saa-repositorio\/prd\/saa-sites\/cati\/documentos\/DECRETO-No-62.243-DE-01-DE-NOVEMBRO-DE-2016.pdf\" target=\"_blank\" rel=\"noreferrer noopener\">Decreto n\u00ba 62.243-de 01 de novembro de 2016<\/a><\/p>\n\n\n\n<p>&#8211;\u00a0<a href=\"https:\/\/storage.googleapis.com\/saa-repositorio\/prd\/saa-sites\/cati\/documentos\/RESOLUCAO_SAA_73_24-11-2016_editada_do_DOESP_31.pdf\">Resolu\u00e7\u00e3o SAA 73 24-11-2016<\/a> <\/p>\n\n\n\n<p>&#8211;\u00a0<a href=\"https:\/\/storage.googleapis.com\/saa-repositorio\/prd\/saa-sites\/cati\/documentos\/RESOLUCAO_SAA_77_20-12-2016_editada_do_DOESP_11.pdf\">Resolu\u00e7\u00e3o SAA 77 20.12.2016 <\/a><\/p>\n\n\n\n<p>&#8211;\u00a0<a href=\"https:\/\/storage.googleapis.com\/saa-repositorio\/prd\/saa-sites\/cati\/documentos\/PortariaPesca2018-ListaExoticas.pdf\" target=\"_blank\" rel=\"noreferrer noopener\">Portaria IP 30-11-2018<\/a><\/p>\n\n\n\n<p><strong>LEIS E NORMAS SUPLEMENTARES<\/strong><\/p>\n\n\n\n<p>&#8211;\u00a0<a href=\"https:\/\/storage.googleapis.com\/saa-repositorio\/prd\/saa-sites\/cati\/documentos\/Resolucao-CONAMA-413_2009-Licenciamento-ambiental-da-aquicultura-1.pdf\" target=\"_blank\" rel=\"noreferrer noopener\">Resolu\u00e7\u00e3o CONAMA 413 (26\/06\/2009).<\/a><\/p>\n\n\n\n<p>&#8211;\u00a0<a href=\"https:\/\/storage.googleapis.com\/saa-repositorio\/prd\/saa-sites\/cati\/documentos\/Resolucao-CONAMA-357-de-17-03-2005-classificacao-dos-corpos-d-agua.pdf\" target=\"_blank\" rel=\"noreferrer noopener\">Resolu\u00e7\u00e3o CONAMA 357 (17\/03\/2005)<\/a><\/p>\n","protected":false},"excerpt":{"rendered":"<p>LEIS E NORMAS DE REFER\u00caNCIA &#8211;\u00a0Resolu\u00e7\u00e3o Conjunta SMA.SAA.SJDC \u2013 01 (27\/12\/2011) \u2013 Disp\u00f5e sobre o licenciamento ambiental para atividades agropecu\u00e1rias no Estado de S\u00e3o Paulo. &#8211;\u00a0Resolu\u00e7\u00e3o Conjunta SMA.SAA.SJDC \u2013 01 (23\/03\/2012) \u2013 altera a Resolu\u00e7\u00e3o Conjunta SMA.SAA.SJDC \u2013 01 de 27\/12\/2011. &#8211;\u00a0Resolu\u00e7\u00e3o Conjunta SMA.SAA.SJDC \u2013 02 (14\/11\/2012) \u2013 altera a Resolu\u00e7\u00e3o Conjunta SMA.SAA.SJDC \u2013 01 [&hellip;]<\/p>\n","protected":false},"author":15,"featured_media":0,"parent":0,"menu_order":0,"comment_status":"closed","ping_status":"closed","template":"","meta":{"_acf_changed":false,"footnotes":""},"class_list":["post-11107","page","type-page","status-publish","hentry"],"acf":[],"_links":{"self":[{"href":"https:\/\/agricultura.sp.gov.br\/cati\/wp-json\/wp\/v2\/pages\/11107","targetHints":{"allow":["GET"]}}],"collection":[{"href":"https:\/\/agricultura.sp.gov.br\/cati\/wp-json\/wp\/v2\/pages"}],"about":[{"href":"https:\/\/agricultura.sp.gov.br\/cati\/wp-json\/wp\/v2\/types\/page"}],"author":[{"embeddable":true,"href":"https:\/\/agricultura.sp.gov.br\/cati\/wp-json\/wp\/v2\/users\/15"}],"replies":[{"embeddable":true,"href":"https:\/\/agricultura.sp.gov.br\/cati\/wp-json\/wp\/v2\/comments?post=11107"}],"version-history":[{"count":5,"href":"https:\/\/agricultura.sp.gov.br\/cati\/wp-json\/wp\/v2\/pages\/11107\/revisions"}],"predecessor-version":[{"id":11140,"href":"https:\/\/agricultura.sp.gov.br\/cati\/wp-json\/wp\/v2\/pages\/11107\/revisions\/11140"}],"wp:attachment":[{"href":"https:\/\/agricultura.sp.gov.br\/cati\/wp-json\/wp\/v2\/media?parent=11107"}],"curies":[{"name":"wp","href":"https:\/\/api.w.org\/{rel}","templated":true}]}}