{"id":11096,"date":"2025-09-30T08:19:10","date_gmt":"2025-09-30T11:19:10","guid":{"rendered":"https:\/\/agricultura.sp.gov.br\/cati\/?page_id=11096"},"modified":"2025-09-30T08:22:28","modified_gmt":"2025-09-30T11:22:28","slug":"car","status":"publish","type":"page","link":"https:\/\/agricultura.sp.gov.br\/cati\/car\/","title":{"rendered":"CAR &#8211; Cadastro Ambiental Rural"},"content":{"rendered":"\n<div style=\"height:65px\" aria-hidden=\"true\" class=\"wp-block-spacer\"><\/div>\n\n\n\n<figure class=\"wp-block-image size-full\"><img loading=\"lazy\" decoding=\"async\" width=\"1024\" height=\"256\" src=\"https:\/\/storage.googleapis.com\/saa-repositorio\/prd\/saa-sites\/cati\/imagens\/2025_CATI-CECOR_ARTE_Banner-Novo-site-CATI-1024-x-256_2.jpg\" alt=\"\" class=\"wp-image-11097\"\/><\/figure>\n\n\n\n<div style=\"height:65px\" aria-hidden=\"true\" class=\"wp-block-spacer\"><\/div>\n\n\n\n<p>O Cadastro Ambiental Rural \u2013 CAR \u00e9 um registro p\u00fablico eletr\u00f4nico nacional, obrigat\u00f3rio para todos os im\u00f3veis rurais, com a finalidade de integrar as informa\u00e7\u00f5es ambientais das propriedades e posses rurais, compondo base de dados para controle, monitoramento, planejamento ambiental e econ\u00f4mico e combate ao desmatamento. Foi criado pela Lei 12.651\/2012, art. 29.<\/p>\n\n\n\n<p>O Sistema de Cadastro Ambiental Rural \u2013 SICAR \u00e9 o respons\u00e1vel por emitir o Recibo de Inscri\u00e7\u00e3o do im\u00f3vel rural no CAR, confirmando a efetiva\u00e7\u00e3o do cadastramento e o envio da documenta\u00e7\u00e3o exigida para a an\u00e1lise da localiza\u00e7\u00e3o da \u00e1rea de Reserva Legal. Definido como Sistema eletr\u00f4nico de \u00e2mbito nacional destinado ao gerenciamento de informa\u00e7\u00f5es ambientais dos im\u00f3veis rurais de todo o Pa\u00eds. Essas informa\u00e7\u00f5es destinam-se a subsidiar pol\u00edticas, programas, projetos e atividades de controle, monitoramento, planejamento ambiental e econ\u00f4mico e combate ao desmatamento.<\/p>\n\n\n\n<p>Foi criado por meio do Decreto n\u00b0 7.830\/2012, art. 3\u00ba, com os seguintes objetivos:<\/p>\n\n\n\n<ol class=\"wp-block-list\">\n<li>receber, gerenciar e integrar os dados do CAR de todos os entes federativos<\/li>\n\n\n\n<li>cadastrar e controlar as informa\u00e7\u00f5es dos im\u00f3veis rurais, referentes a seu per\u00edmetro e localiza\u00e7\u00e3o, aos remanescentes de vegeta\u00e7\u00e3o nativa, \u00e0s \u00e1reas de interesse social, \u00e0s \u00e1reas de utilidade p\u00fablica, \u00e0s \u00c1reas de Preserva\u00e7\u00e3o Permanente, \u00e0s \u00c1reas de Uso Restrito, \u00e0s \u00e1reas consolidadas e \u00e0s Reservas Legais;<\/li>\n\n\n\n<li>monitorar a manuten\u00e7\u00e3o, a recomposi\u00e7\u00e3o, a regenera\u00e7\u00e3o, a compensa\u00e7\u00e3o e a supress\u00e3o da vegeta\u00e7\u00e3o nativa e da cobertura vegetal nas \u00e1reas de Preserva\u00e7\u00e3o Permanente, de Uso Restrito, e de Reserva Legal, no interior dos im\u00f3veis rurais;<\/li>\n\n\n\n<li>promover o planejamento ambiental e econ\u00f4mico do uso do solo e conserva\u00e7\u00e3o ambiental no territ\u00f3rio nacional; e<\/li>\n\n\n\n<li>disponibilizar informa\u00e7\u00f5es de natureza p\u00fablica sobre a regulariza\u00e7\u00e3o ambiental dos im\u00f3veis rurais em territ\u00f3rio nacional, na Internet.<\/li>\n<\/ol>\n\n\n\n<div style=\"height:48px\" aria-hidden=\"true\" class=\"wp-block-spacer\"><\/div>\n\n\n\n<div class=\"wp-block-buttons is-content-justification-space-between is-layout-flex wp-container-core-buttons-is-layout-3d213aab wp-block-buttons-is-layout-flex\">\n<div class=\"wp-block-button\"><a class=\"wp-block-button__link wp-element-button\" href=\"https:\/\/www.car.gov.br\/#\/suporte\">PERGUNTAS FREQUENTES<\/a><\/div>\n\n\n\n<div class=\"wp-block-button\"><a class=\"wp-block-button__link wp-element-button\">CATI REGIONAIS<\/a><\/div>\n\n\n\n<div class=\"wp-block-button\"><a class=\"wp-block-button__link wp-element-button\" href=\"https:\/\/car.agricultura.sp.gov.br\/site\/\">SITE DO CAR<\/a><\/div>\n<\/div>\n\n\n\n<p><\/p>\n\n\n\n<p><\/p>\n","protected":false},"excerpt":{"rendered":"<p>O Cadastro Ambiental Rural \u2013 CAR \u00e9 um registro p\u00fablico eletr\u00f4nico nacional, obrigat\u00f3rio para todos os im\u00f3veis rurais, com a finalidade de integrar as informa\u00e7\u00f5es ambientais das propriedades e posses rurais, compondo base de dados para controle, monitoramento, planejamento ambiental e econ\u00f4mico e combate ao desmatamento. Foi criado pela Lei 12.651\/2012, art. 29. O Sistema [&hellip;]<\/p>\n","protected":false},"author":15,"featured_media":0,"parent":0,"menu_order":0,"comment_status":"closed","ping_status":"closed","template":"","meta":{"_acf_changed":false,"footnotes":""},"class_list":["post-11096","page","type-page","status-publish","hentry"],"acf":[],"_links":{"self":[{"href":"https:\/\/agricultura.sp.gov.br\/cati\/wp-json\/wp\/v2\/pages\/11096","targetHints":{"allow":["GET"]}}],"collection":[{"href":"https:\/\/agricultura.sp.gov.br\/cati\/wp-json\/wp\/v2\/pages"}],"about":[{"href":"https:\/\/agricultura.sp.gov.br\/cati\/wp-json\/wp\/v2\/types\/page"}],"author":[{"embeddable":true,"href":"https:\/\/agricultura.sp.gov.br\/cati\/wp-json\/wp\/v2\/users\/15"}],"replies":[{"embeddable":true,"href":"https:\/\/agricultura.sp.gov.br\/cati\/wp-json\/wp\/v2\/comments?post=11096"}],"version-history":[{"count":7,"href":"https:\/\/agricultura.sp.gov.br\/cati\/wp-json\/wp\/v2\/pages\/11096\/revisions"}],"predecessor-version":[{"id":11105,"href":"https:\/\/agricultura.sp.gov.br\/cati\/wp-json\/wp\/v2\/pages\/11096\/revisions\/11105"}],"wp:attachment":[{"href":"https:\/\/agricultura.sp.gov.br\/cati\/wp-json\/wp\/v2\/media?parent=11096"}],"curies":[{"name":"wp","href":"https:\/\/api.w.org\/{rel}","templated":true}]}}