{"id":10880,"date":"2025-09-25T12:07:41","date_gmt":"2025-09-25T15:07:41","guid":{"rendered":"https:\/\/agricultura.sp.gov.br\/cati\/?page_id=10880"},"modified":"2025-09-25T12:07:41","modified_gmt":"2025-09-25T15:07:41","slug":"caf-emissao-do-cadastro-nacional-da-agricultura-familiar","status":"publish","type":"page","link":"https:\/\/agricultura.sp.gov.br\/cati\/caf-emissao-do-cadastro-nacional-da-agricultura-familiar\/","title":{"rendered":"CAF &#8211; Emiss\u00e3o do Cadastro Nacional da Agricultura Familiar"},"content":{"rendered":"\n<figure class=\"wp-block-image size-large\"><img loading=\"lazy\" decoding=\"async\" width=\"1024\" height=\"334\" src=\"https:\/\/storage.googleapis.com\/saa-repositorio\/prd\/saa-sites\/cati\/imagens\/image-1024x334.png\" alt=\"\" class=\"wp-image-10881\"\/><\/figure>\n\n\n\n<p>O <strong>Cadastro Nacional da Agricultura Familiar (CAF)<\/strong> vai substituir a <strong>Declara\u00e7\u00e3o de Aptid\u00e3o ao Pronaf (DAP)<\/strong> para o acesso a programas e pol\u00edticas p\u00fablicas voltadas \u00e0s fam\u00edlias e empreendimentos da agricultura familiar.<\/p>\n\n\n\n<p>A <strong>DAP s\u00f3 poder\u00e1 ser emitida at\u00e9 31 de outubro de 2022<\/strong> (Portaria n\u00ba 174, de 28 de junho de 2022). Depois dessa data, somente o <strong>CAF<\/strong> ser\u00e1 emitido.<\/p>\n\n\n\n<p>Importante: quem j\u00e1 tem a DAP pode us\u00e1-la normalmente at\u00e9 a data de vencimento.<\/p>\n\n\n\n<p>O <strong>CAF<\/strong> \u00e9 a ferramenta oficial da Pol\u00edtica Nacional da Agricultura Familiar (Decreto n\u00ba 9.064\/2017). Ele \u00e9 obrigat\u00f3rio para acessar todos os programas de apoio \u00e0 agricultura familiar, n\u00e3o apenas o cr\u00e9dito do Pronaf.<\/p>\n\n\n\n<p>Assim como a DAP, o <strong>CAF tem validade de dois anos<\/strong>.<\/p>\n\n\n\n<p>A inscri\u00e7\u00e3o \u00e9 <strong>gratuita<\/strong> e os servidores da <strong>CATI<\/strong> j\u00e1 est\u00e3o habilitados para emitir o documento.<\/p>\n\n\n\n<p>Em caso de d\u00favidas ou para fazer o cadastro, procure a <strong>Casa da Agricultura<\/strong> mais pr\u00f3xima.<\/p>\n","protected":false},"excerpt":{"rendered":"<p>O Cadastro Nacional da Agricultura Familiar (CAF) vai substituir a Declara\u00e7\u00e3o de Aptid\u00e3o ao Pronaf (DAP) para o acesso a programas e pol\u00edticas p\u00fablicas voltadas \u00e0s fam\u00edlias e empreendimentos da agricultura familiar. A DAP s\u00f3 poder\u00e1 ser emitida at\u00e9 31 de outubro de 2022 (Portaria n\u00ba 174, de 28 de junho de 2022). Depois dessa [&hellip;]<\/p>\n","protected":false},"author":15,"featured_media":0,"parent":0,"menu_order":0,"comment_status":"closed","ping_status":"closed","template":"","meta":{"_acf_changed":false,"footnotes":""},"class_list":["post-10880","page","type-page","status-publish","hentry"],"acf":[],"_links":{"self":[{"href":"https:\/\/agricultura.sp.gov.br\/cati\/wp-json\/wp\/v2\/pages\/10880","targetHints":{"allow":["GET"]}}],"collection":[{"href":"https:\/\/agricultura.sp.gov.br\/cati\/wp-json\/wp\/v2\/pages"}],"about":[{"href":"https:\/\/agricultura.sp.gov.br\/cati\/wp-json\/wp\/v2\/types\/page"}],"author":[{"embeddable":true,"href":"https:\/\/agricultura.sp.gov.br\/cati\/wp-json\/wp\/v2\/users\/15"}],"replies":[{"embeddable":true,"href":"https:\/\/agricultura.sp.gov.br\/cati\/wp-json\/wp\/v2\/comments?post=10880"}],"version-history":[{"count":1,"href":"https:\/\/agricultura.sp.gov.br\/cati\/wp-json\/wp\/v2\/pages\/10880\/revisions"}],"predecessor-version":[{"id":10882,"href":"https:\/\/agricultura.sp.gov.br\/cati\/wp-json\/wp\/v2\/pages\/10880\/revisions\/10882"}],"wp:attachment":[{"href":"https:\/\/agricultura.sp.gov.br\/cati\/wp-json\/wp\/v2\/media?parent=10880"}],"curies":[{"name":"wp","href":"https:\/\/api.w.org\/{rel}","templated":true}]}}