{"id":9373,"date":"2025-07-28T15:35:23","date_gmt":"2025-07-28T18:35:23","guid":{"rendered":"https:\/\/agricultura.sp.gov.br\/apta-regional\/?page_id=9373"},"modified":"2025-08-12T17:11:01","modified_gmt":"2025-08-12T20:11:01","slug":"redes-de-pesquisas-apta-regional","status":"publish","type":"page","link":"https:\/\/agricultura.sp.gov.br\/apta-regional\/redes-de-pesquisas-apta-regional\/","title":{"rendered":"Redes de Pesquisas &#8211; APTA Regional"},"content":{"rendered":"\n<p>As Redes de Pesquisa da Apta Regional s\u00e3o iniciativas colaborativas que conectam ci\u00eancia, inova\u00e7\u00e3o e extens\u00e3o rural para fortalecer o agroneg\u00f3cio paulista. Com atua\u00e7\u00e3o em diversas frentes \u2014 da pecu\u00e1ria \u00e0 agroecologia, da cacha\u00e7a artesanal \u00e0 olivicultura \u2014, as redes re\u00fanem pesquisadores, produtores, estudantes e institui\u00e7\u00f5es parceiras em torno de um objetivo comum: levar conhecimento aplicado diretamente ao campo. As Redes s\u00e3o grupos tem\u00e1ticos que desenvolvem tecnologias e compartilham conhecimento em \u00e1reas estrat\u00e9gicas do agro paulista, conectando as unidades de pesquisa e desenvolvimento com especialistas e parceiros para solu\u00e7\u00f5es regionais sustent\u00e1veis de diversas cadeias produtivas.<\/p>\n\n\n\n<p>Transformando assim, ci\u00eancia em solu\u00e7\u00f5es para o agroneg\u00f3cio paulista.<\/p>\n\n\n\n<div class=\"wp-block-buttons is-layout-flex wp-block-buttons-is-layout-flex\">\n<div class=\"wp-block-button has-custom-width wp-block-button__width-100\"><a class=\"wp-block-button__link has-background wp-element-button\" style=\"background-color:#c00e0d\"><strong>Consulta Redes de Pesquisas da APTA Regional<\/strong><\/a><\/div>\n<\/div>\n\n\n\n<p><\/p>\n","protected":false},"excerpt":{"rendered":"<p>As Redes de Pesquisa da Apta Regional s\u00e3o iniciativas colaborativas que conectam ci\u00eancia, inova\u00e7\u00e3o e extens\u00e3o rural para fortalecer o agroneg\u00f3cio paulista. Com atua\u00e7\u00e3o em diversas frentes \u2014 da pecu\u00e1ria \u00e0 agroecologia, da cacha\u00e7a artesanal \u00e0 olivicultura \u2014, as redes re\u00fanem pesquisadores, produtores, estudantes e institui\u00e7\u00f5es parceiras em torno de um objetivo comum: levar conhecimento [&hellip;]<\/p>\n","protected":false},"author":16,"featured_media":0,"parent":0,"menu_order":0,"comment_status":"closed","ping_status":"closed","template":"","meta":{"_acf_changed":false,"footnotes":""},"class_list":["post-9373","page","type-page","status-publish","hentry"],"acf":[],"_links":{"self":[{"href":"https:\/\/agricultura.sp.gov.br\/apta-regional\/wp-json\/wp\/v2\/pages\/9373","targetHints":{"allow":["GET"]}}],"collection":[{"href":"https:\/\/agricultura.sp.gov.br\/apta-regional\/wp-json\/wp\/v2\/pages"}],"about":[{"href":"https:\/\/agricultura.sp.gov.br\/apta-regional\/wp-json\/wp\/v2\/types\/page"}],"author":[{"embeddable":true,"href":"https:\/\/agricultura.sp.gov.br\/apta-regional\/wp-json\/wp\/v2\/users\/16"}],"replies":[{"embeddable":true,"href":"https:\/\/agricultura.sp.gov.br\/apta-regional\/wp-json\/wp\/v2\/comments?post=9373"}],"version-history":[{"count":4,"href":"https:\/\/agricultura.sp.gov.br\/apta-regional\/wp-json\/wp\/v2\/pages\/9373\/revisions"}],"predecessor-version":[{"id":9442,"href":"https:\/\/agricultura.sp.gov.br\/apta-regional\/wp-json\/wp\/v2\/pages\/9373\/revisions\/9442"}],"wp:attachment":[{"href":"https:\/\/agricultura.sp.gov.br\/apta-regional\/wp-json\/wp\/v2\/media?parent=9373"}],"curies":[{"name":"wp","href":"https:\/\/api.w.org\/{rel}","templated":true}]}}