{"id":9364,"date":"2025-07-28T12:12:49","date_gmt":"2025-07-28T15:12:49","guid":{"rendered":"https:\/\/agricultura.sp.gov.br\/apta-regional\/?page_id=9364"},"modified":"2025-07-28T15:01:23","modified_gmt":"2025-07-28T18:01:23","slug":"producao-integrada-de-citros-pic-brasil-2","status":"publish","type":"page","link":"https:\/\/agricultura.sp.gov.br\/apta-regional\/producao-integrada-de-citros-pic-brasil-2\/","title":{"rendered":"Produ\u00e7\u00e3o Integrada de Citros &#8211; PIC BRASIL"},"content":{"rendered":"\n<figure class=\"wp-block-image size-full is-resized\"><img loading=\"lazy\" decoding=\"async\" width=\"1024\" height=\"256\" src=\"https:\/\/storage.googleapis.com\/saa-repositorio\/prd\/saa-sites\/apta-regional\/imagens\/Producao-Integrada-de-Citros-PIC-BRASIL.png\" alt=\"\" class=\"wp-image-9365\" style=\"object-fit:cover;width:1300px;height:300px\"\/><\/figure>\n\n\n\n<div class=\"wp-block-media-text is-stacked-on-mobile\"><figure class=\"wp-block-media-text__media\"><img loading=\"lazy\" decoding=\"async\" width=\"250\" height=\"180\" src=\"https:\/\/storage.googleapis.com\/saa-repositorio\/prd\/saa-sites\/apta-regional\/imagens\/Producao-Integrada-de-Citros.jpg\" alt=\"\" class=\"wp-image-9370 size-full\"\/><\/figure><div class=\"wp-block-media-text__content\">\n<p><strong>Programa oficial brasileiro de certifica\u00e7\u00e3o de produtos agropecu\u00e1rios, com reconhecimento internacional pelo Instituto Nacional de Metrologia.<\/strong><\/p>\n\n\n\n<p><\/p>\n<\/div><\/div>\n\n\n\n<p><strong>Documentos para download:<\/strong><\/p>\n\n\n\n<ul class=\"wp-block-list\">\n<li>Grade de Agrot\u00f3xicos PIC-Brasil vs 09-08-2019 \u2013 Portugu\u00eas<\/li>\n\n\n\n<li>Grade de Agrot\u00f3xicos PIC-Brasil vs 09-08-2019 \u2013 Ingl\u00eas<\/li>\n\n\n\n<li>LMR Grade de Agrot\u00f3xicos PIC-Brasil 15-04-2019<\/li>\n<\/ul>\n\n\n\n<p class=\"has-background\" style=\"background-color:#f8f9fa\"><a href=\"http:\/\/www.slideshare.net\/agriculturasp\/manual-de-classificacao-de-citros-de-mesa\" target=\"_blank\" rel=\"noreferrer noopener\">Normas de Classifica\u00e7\u00e3o Citros de Mesa \u2013 CEAGESP-APTA-PI Citros<\/a><\/p>\n\n\n\n<p class=\"has-background\" style=\"background-color:#f8f9fa\"><a href=\"http:\/\/www.slideshare.net\/agriculturasp\/normas-pic-doc-105-iac-on-line-issn-1809-7693\" target=\"_blank\" rel=\"noreferrer noopener\">Normas T\u00e9cnicas e Documentos de Acompanhamento da Produ\u00e7\u00e3o Integrada de Citros \u2013 S\u00e3o Paulo \u2013 Documento IAC 105<\/a><\/p>\n\n\n\n<p><strong>A PRODU\u00c7\u00c3O INTEGRADA DE CITROS \u2013 PIC \u2013 Brasil<\/strong><\/p>\n\n\n\n<ul class=\"wp-block-list\">\n<li>Normas T\u00e9cnicas ESPEC\u00cdFICAS PIC \u2013 Brasil<\/li>\n\n\n\n<li>Termo de Ades\u00e3o PIC<\/li>\n\n\n\n<li>Caderno de Campo<\/li>\n\n\n\n<li>Caderno de P\u00f3s-Colheita<\/li>\n\n\n\n<li>Lista de Verifica\u00e7\u00e3o para Auditoria Inicial \u2013 Campo<\/li>\n\n\n\n<li>Lista de Verifica\u00e7\u00e3o \u2013 Empacotadora<\/li>\n\n\n\n<li>Lista de Verifica\u00e7\u00e3o \u2013 Campo<\/li>\n<\/ul>\n\n\n\n<p><\/p>\n","protected":false},"excerpt":{"rendered":"<p>Programa oficial brasileiro de certifica\u00e7\u00e3o de produtos agropecu\u00e1rios, com reconhecimento internacional pelo Instituto Nacional de Metrologia. Documentos para download: Normas de Classifica\u00e7\u00e3o Citros de Mesa \u2013 CEAGESP-APTA-PI Citros Normas T\u00e9cnicas e Documentos de Acompanhamento da Produ\u00e7\u00e3o Integrada de Citros \u2013 S\u00e3o Paulo \u2013 Documento IAC 105 A PRODU\u00c7\u00c3O INTEGRADA DE CITROS \u2013 PIC \u2013 Brasil<\/p>\n","protected":false},"author":16,"featured_media":0,"parent":0,"menu_order":0,"comment_status":"closed","ping_status":"closed","template":"","meta":{"_acf_changed":false,"footnotes":""},"class_list":["post-9364","page","type-page","status-publish","hentry"],"acf":[],"_links":{"self":[{"href":"https:\/\/agricultura.sp.gov.br\/apta-regional\/wp-json\/wp\/v2\/pages\/9364","targetHints":{"allow":["GET"]}}],"collection":[{"href":"https:\/\/agricultura.sp.gov.br\/apta-regional\/wp-json\/wp\/v2\/pages"}],"about":[{"href":"https:\/\/agricultura.sp.gov.br\/apta-regional\/wp-json\/wp\/v2\/types\/page"}],"author":[{"embeddable":true,"href":"https:\/\/agricultura.sp.gov.br\/apta-regional\/wp-json\/wp\/v2\/users\/16"}],"replies":[{"embeddable":true,"href":"https:\/\/agricultura.sp.gov.br\/apta-regional\/wp-json\/wp\/v2\/comments?post=9364"}],"version-history":[{"count":3,"href":"https:\/\/agricultura.sp.gov.br\/apta-regional\/wp-json\/wp\/v2\/pages\/9364\/revisions"}],"predecessor-version":[{"id":9372,"href":"https:\/\/agricultura.sp.gov.br\/apta-regional\/wp-json\/wp\/v2\/pages\/9364\/revisions\/9372"}],"wp:attachment":[{"href":"https:\/\/agricultura.sp.gov.br\/apta-regional\/wp-json\/wp\/v2\/media?parent=9364"}],"curies":[{"name":"wp","href":"https:\/\/api.w.org\/{rel}","templated":true}]}}