{"id":9337,"date":"2025-07-25T14:56:55","date_gmt":"2025-07-25T17:56:55","guid":{"rendered":"https:\/\/agricultura.sp.gov.br\/apta-regional\/?page_id=9337"},"modified":"2026-03-30T10:51:13","modified_gmt":"2026-03-30T13:51:13","slug":"tiete","status":"publish","type":"page","link":"https:\/\/agricultura.sp.gov.br\/apta-regional\/tiete\/","title":{"rendered":"APTA REGIONAL DE TIET\u00ca"},"content":{"rendered":"\n<figure class=\"wp-block-image size-large is-resized\"><img loading=\"lazy\" decoding=\"async\" width=\"1024\" height=\"462\" src=\"https:\/\/storage.googleapis.com\/saa-repositorio\/prd\/saa-sites\/apta-regional\/imagens\/APTA-REGIONAL-DE-TIETE-1024x462.jpg\" alt=\"\" class=\"wp-image-9338\" style=\"object-fit:cover;width:1300px;height:600px\"\/><\/figure>\n\n\n\n<hr class=\"wp-block-separator has-text-color has-white-color has-alpha-channel-opacity has-white-background-color has-background is-style-dots\"\/>\n\n\n\n<div class=\"wp-block-media-text is-stacked-on-mobile\"><figure class=\"wp-block-media-text__media\"><img loading=\"lazy\" decoding=\"async\" width=\"267\" height=\"189\" src=\"https:\/\/storage.googleapis.com\/saa-repositorio\/prd\/saa-sites\/apta-regional\/imagens\/mapa_tiete.gif\" alt=\"\" class=\"wp-image-9339 size-full\"\/><\/figure><div class=\"wp-block-media-text__content\">\n<p><strong>APTA REGIONAL DE TIET\u00ca<\/strong><br>Diretora:&nbsp;Patricia Prati<br>Endere\u00e7o: Rodovia SP 127, Km 69 + 100 metros<br>Caixa Postal: 18 &#8211; CEP: 18530-000 &#8211; Tiet\u00ea\/SP<br>Fone: (15) 3282-1000<\/p>\n<\/div><\/div>\n\n\n\n<hr class=\"wp-block-separator has-text-color has-white-color has-alpha-channel-opacity has-white-background-color has-background is-style-dots\"\/>\n\n\n\n<div class=\"wp-block-buttons is-layout-flex wp-block-buttons-is-layout-flex\">\n<div class=\"wp-block-button has-custom-width wp-block-button__width-25\"><a class=\"wp-block-button__link has-background wp-element-button\" style=\"background-color:#c00e0d\">TAB1<\/a><\/div>\n<\/div>\n\n\n\n<hr class=\"wp-block-separator has-text-color has-white-color has-alpha-channel-opacity has-white-background-color has-background is-style-dots\"\/>\n\n\n\n<figure class=\"wp-block-table\"><table class=\"has-fixed-layout\"><tbody><tr><td>Keila Maria Roncato Duarte<\/td><td>&nbsp;<img loading=\"lazy\" decoding=\"async\" alt=\"Envelope\" height=\"20\" src=\"https:\/\/img.freepik.com\/free-icon\/envelope_318-408141.jpg?t=st=1682340564~exp=1682341164~hmac=1a5b99312f748673a261353f951f9f1197f74caa411ad5bdf4e0711301d8fb56\" width=\"20\">&nbsp; &nbsp;&nbsp;<a href=\"mailto:kmrduarte@sp.gov.br\">e-mail<\/a><\/td><td><img loading=\"lazy\" decoding=\"async\" alt=\"\" height=\"19\" src=\"https:\/\/webserver-saaagrospgedave-prd.lfr.cloud\/documents\/1007647\/0\/Curriculum_lattes_alta_resolu%C3%A7%C3%A3o.png\/27a1209f-0913-a9ef-f0e8-4ccb2adb553d?t=1682625567546\" width=\"29\">&nbsp;<a href=\"http:\/\/lattes.cnpq.br\/191361424284999\">lattes<\/a><\/td><\/tr><tr><td>Patr\u00edcia Prati<\/td><td> <img loading=\"lazy\" decoding=\"async\" height=\"20\" width=\"20\" src=\"https:\/\/img.freepik.com\/free-icon\/envelope_318-408141.jpg?t=st=1682340564~exp=1682341164~hmac=1a5b99312f748673a261353f951f9f1197f74caa411ad5bdf4e0711301d8fb56\" alt=\"Envelope\">   \u00a0<a href=\"mailto:patricia.prati@sp.gov.br\">e-mail<\/a>\u00a0<\/td><td><img loading=\"lazy\" decoding=\"async\" height=\"19\" width=\"29\" src=\"https:\/\/webserver-saaagrospgedave-prd.lfr.cloud\/documents\/1007647\/0\/Curriculum_lattes_alta_resolu%C3%A7%C3%A3o.png\/27a1209f-0913-a9ef-f0e8-4ccb2adb553d?t=1682625567546\" alt=\"\"> <a href=\"http:\/\/lattes.cnpq.br\/5043243925451285\">lattes<\/a><\/td><\/tr><tr><td>Sergio Alves Torquato<\/td><td>&nbsp;<img loading=\"lazy\" decoding=\"async\" alt=\"Envelope\" height=\"20\" src=\"https:\/\/img.freepik.com\/free-icon\/envelope_318-408141.jpg?t=st=1682340564~exp=1682341164~hmac=1a5b99312f748673a261353f951f9f1197f74caa411ad5bdf4e0711301d8fb56\" width=\"20\">&nbsp; &nbsp;&nbsp;<a href=\"mailto:sergio.torquato@sp.gov.br\">e-mail<\/a><\/td><td><img loading=\"lazy\" decoding=\"async\" alt=\"\" height=\"19\" src=\"https:\/\/webserver-saaagrospgedave-prd.lfr.cloud\/documents\/1007647\/0\/Curriculum_lattes_alta_resolu%C3%A7%C3%A3o.png\/27a1209f-0913-a9ef-f0e8-4ccb2adb553d?t=1682625567546\" width=\"29\">&nbsp;<a href=\"http:\/\/lattes.cnpq.br\/6175098611262493\">lattes<\/a><\/td><\/tr><\/tbody><\/table><\/figure>\n\n\n\n<p><\/p>\n","protected":false},"excerpt":{"rendered":"<p>APTA REGIONAL DE TIET\u00caDiretora:&nbsp;Patricia PratiEndere\u00e7o: Rodovia SP 127, Km 69 + 100 metrosCaixa Postal: 18 &#8211; CEP: 18530-000 &#8211; Tiet\u00ea\/SPFone: (15) 3282-1000 Keila Maria Roncato Duarte &nbsp;&nbsp; &nbsp;&nbsp;e-mail &nbsp;lattes Patr\u00edcia Prati \u00a0e-mail\u00a0 lattes Sergio Alves Torquato &nbsp;&nbsp; &nbsp;&nbsp;e-mail &nbsp;lattes<\/p>\n","protected":false},"author":16,"featured_media":0,"parent":0,"menu_order":0,"comment_status":"closed","ping_status":"closed","template":"","meta":{"_acf_changed":false,"footnotes":""},"class_list":["post-9337","page","type-page","status-publish","hentry"],"acf":[],"_links":{"self":[{"href":"https:\/\/agricultura.sp.gov.br\/apta-regional\/wp-json\/wp\/v2\/pages\/9337","targetHints":{"allow":["GET"]}}],"collection":[{"href":"https:\/\/agricultura.sp.gov.br\/apta-regional\/wp-json\/wp\/v2\/pages"}],"about":[{"href":"https:\/\/agricultura.sp.gov.br\/apta-regional\/wp-json\/wp\/v2\/types\/page"}],"author":[{"embeddable":true,"href":"https:\/\/agricultura.sp.gov.br\/apta-regional\/wp-json\/wp\/v2\/users\/16"}],"replies":[{"embeddable":true,"href":"https:\/\/agricultura.sp.gov.br\/apta-regional\/wp-json\/wp\/v2\/comments?post=9337"}],"version-history":[{"count":4,"href":"https:\/\/agricultura.sp.gov.br\/apta-regional\/wp-json\/wp\/v2\/pages\/9337\/revisions"}],"predecessor-version":[{"id":11255,"href":"https:\/\/agricultura.sp.gov.br\/apta-regional\/wp-json\/wp\/v2\/pages\/9337\/revisions\/11255"}],"wp:attachment":[{"href":"https:\/\/agricultura.sp.gov.br\/apta-regional\/wp-json\/wp\/v2\/media?parent=9337"}],"curies":[{"name":"wp","href":"https:\/\/api.w.org\/{rel}","templated":true}]}}