{"id":9276,"date":"2025-07-24T17:29:29","date_gmt":"2025-07-24T20:29:29","guid":{"rendered":"https:\/\/agricultura.sp.gov.br\/apta-regional\/?page_id=9276"},"modified":"2026-03-30T10:16:15","modified_gmt":"2026-03-30T13:16:15","slug":"brotas","status":"publish","type":"page","link":"https:\/\/agricultura.sp.gov.br\/apta-regional\/brotas\/","title":{"rendered":"APTA REGIONAL DE BROTAS"},"content":{"rendered":"\n<figure class=\"wp-block-image size-large is-resized\"><img loading=\"lazy\" decoding=\"async\" width=\"1024\" height=\"461\" src=\"https:\/\/storage.googleapis.com\/saa-repositorio\/prd\/saa-sites\/apta-regional\/imagens\/APTA-REGIONAL-DE-BROTAS-1024x461.jpg\" alt=\"\" class=\"wp-image-9277\" style=\"object-fit:cover;width:1300px;height:600px\"\/><\/figure>\n\n\n\n<hr class=\"wp-block-separator has-text-color has-white-color has-alpha-channel-opacity has-white-background-color has-background is-style-dots\"\/>\n\n\n\n<div class=\"wp-block-media-text is-stacked-on-mobile\"><figure class=\"wp-block-media-text__media\"><img loading=\"lazy\" decoding=\"async\" width=\"267\" height=\"189\" src=\"https:\/\/storage.googleapis.com\/saa-repositorio\/prd\/saa-sites\/apta-regional\/imagens\/mapa_brotas.gif\" alt=\"\" class=\"wp-image-9278 size-full\"\/><\/figure><div class=\"wp-block-media-text__content\">\n<p><strong>APTA REGIONAL DE BROTAS<\/strong><\/p>\n\n\n\n<p>Diretora:&nbsp;Carla Cachoni Pizzolante<br>Endere\u00e7o: Rua Sebasti\u00e3o Soares, s\/n\u00ba<br>Bairro: Cubat\u00e3o<br>CEP: 17380-000 &#8211; Brotas\/SP<br>Fone: (14) 3653-1102<\/p>\n<\/div><\/div>\n\n\n\n<hr class=\"wp-block-separator has-text-color has-white-color has-alpha-channel-opacity has-white-background-color has-background is-style-dots\"\/>\n\n\n\n<div class=\"wp-block-buttons is-layout-flex wp-block-buttons-is-layout-flex\">\n<div class=\"wp-block-button has-custom-width wp-block-button__width-25\"><a class=\"wp-block-button__link has-background wp-element-button\" style=\"background-color:#c00e0d\">TAB1<\/a><\/div>\n<\/div>\n\n\n\n<hr class=\"wp-block-separator has-text-color has-white-color has-alpha-channel-opacity has-white-background-color has-background is-style-dots\"\/>\n\n\n\n<figure class=\"wp-block-table\"><table class=\"has-fixed-layout\"><tbody><tr><td>Carla Cachoni Pizzolante&nbsp; &nbsp;<\/td><td>&nbsp;<img loading=\"lazy\" decoding=\"async\" alt=\"Envelope\" height=\"20\" src=\"https:\/\/img.freepik.com\/free-icon\/envelope_318-408141.jpg?t=st=1682340564~exp=1682341164~hmac=1a5b99312f748673a261353f951f9f1197f74caa411ad5bdf4e0711301d8fb56\" width=\"20\">&nbsp; &nbsp;&nbsp;<a href=\"mailto:carla.pizzolante@sp.gov.br\">e-mail<\/a>&nbsp;<\/td><td><img loading=\"lazy\" decoding=\"async\" alt=\"\" height=\"19\" src=\"https:\/\/webserver-saaagrospgedave-prd.lfr.cloud\/documents\/1007647\/0\/Curriculum_lattes_alta_resolu%C3%A7%C3%A3o.png\/27a1209f-0913-a9ef-f0e8-4ccb2adb553d?t=1682625567546\" width=\"29\">&nbsp;<a href=\"http:\/\/lattes.cnpq.br\/1366025172102116\">lattes<\/a><\/td><\/tr><\/tbody><\/table><\/figure>\n\n\n\n<hr class=\"wp-block-separator has-text-color has-white-color has-alpha-channel-opacity has-white-background-color has-background is-style-dots\"\/>\n\n\n\n<div class=\"wp-block-buttons is-layout-flex wp-block-buttons-is-layout-flex\">\n<div class=\"wp-block-button has-custom-width wp-block-button__width-50\"><a class=\"wp-block-button__link has-background wp-element-button\" style=\"background-color:#c00e0d\">TAB2<\/a><\/div>\n<\/div>\n\n\n\n<hr class=\"wp-block-separator has-text-color has-white-color has-alpha-channel-opacity has-white-background-color has-background is-style-dots\"\/>\n\n\n\n<p><a href=\"http:\/\/www.sgp.apta.sp.gov.br\/sgp.apta\/projetos?s=&amp;idUnidade=8&amp;idCentroPesquisa=15\">Link do Projeto<\/a><\/p>\n\n\n\n<hr class=\"wp-block-separator has-text-color has-white-color has-alpha-channel-opacity has-white-background-color has-background is-style-dots\"\/>\n\n\n\n<div class=\"wp-block-buttons is-layout-flex wp-block-buttons-is-layout-flex\">\n<div class=\"wp-block-button has-custom-width wp-block-button__width-75\"><a class=\"wp-block-button__link has-background wp-element-button\" style=\"background-color:#c00e0d\">TAB3<\/a><\/div>\n<\/div>\n\n\n\n<hr class=\"wp-block-separator has-text-color has-white-color has-alpha-channel-opacity has-white-background-color has-background is-style-dots\"\/>\n\n\n\n<figure class=\"wp-block-table\"><table class=\"has-fixed-layout\"><tbody><tr><td>Agudos<\/td><td>\u00c1lvaro de Carvalho<\/td><td>Alvinl\u00e2ndia<\/td><td>Arealva<\/td><td>Arei\u00f3polis<\/td><td>Ava\u00ed<\/td><td>Balbinos<\/td><td>Bariri<\/td><td>Barra Bonita<\/td><td>Bauru<\/td><\/tr><tr><td>Bocaina<\/td><td>Borac\u00e9ia<\/td><td>Borebi<\/td><td>Brotas<\/td><td>Cabr\u00e1lia Paulista<\/td><td>Cafel\u00e2ndia<\/td><td>Dois C\u00f3rregos<\/td><td>Duartia<\/td><td>Fern\u00e3o<\/td><td>G\u00e1lia<\/td><\/tr><tr><td>Gar\u00e7a<\/td><td>Getulina<\/td><td>Guai\u00e7ara<\/td><td>Guaimb\u00ea<\/td><td>Guarant\u00e3<\/td><td>Iacanga<\/td><td>Igara\u00e7\u00fa do Tiet\u00ea<\/td><td>Itaju<\/td><td>Itapu\u00ed<\/td><td>Ja\u00fa<\/td><\/tr><tr><td>J\u00falio Mesquita<\/td><td>Len\u00e7\u00f3is Paulista<\/td><td>Lins<\/td><td>Lucian\u00f3polis<\/td><td>Lup\u00e9rcio<\/td><td>Macatuba<\/td><td>Mar\u00edlia<\/td><td>Mineiros do Tiet\u00ea<\/td><td>Ocau\u00e7u<\/td><td>Paulist\u00e2nia<\/td><\/tr><tr><td>Pederneiras<\/td><td>Uru<\/td><td>Vera Cruz<\/td><td>&nbsp;<\/td><td>&nbsp;<\/td><td>&nbsp;<\/td><td>&nbsp;<\/td><td>&nbsp;<\/td><td>&nbsp;<\/td><td>&nbsp;<\/td><\/tr><\/tbody><\/table><\/figure>\n","protected":false},"excerpt":{"rendered":"<p>APTA REGIONAL DE BROTAS Diretora:&nbsp;Carla Cachoni PizzolanteEndere\u00e7o: Rua Sebasti\u00e3o Soares, s\/n\u00baBairro: Cubat\u00e3oCEP: 17380-000 &#8211; Brotas\/SPFone: (14) 3653-1102 Carla Cachoni Pizzolante&nbsp; &nbsp; &nbsp;&nbsp; &nbsp;&nbsp;e-mail&nbsp; &nbsp;lattes Link do Projeto Agudos \u00c1lvaro de Carvalho Alvinl\u00e2ndia Arealva Arei\u00f3polis Ava\u00ed Balbinos Bariri Barra Bonita Bauru Bocaina Borac\u00e9ia Borebi Brotas Cabr\u00e1lia Paulista Cafel\u00e2ndia Dois C\u00f3rregos Duartia Fern\u00e3o G\u00e1lia Gar\u00e7a Getulina Guai\u00e7ara [&hellip;]<\/p>\n","protected":false},"author":16,"featured_media":0,"parent":0,"menu_order":0,"comment_status":"closed","ping_status":"closed","template":"","meta":{"_acf_changed":false,"footnotes":""},"class_list":["post-9276","page","type-page","status-publish","hentry"],"acf":[],"_links":{"self":[{"href":"https:\/\/agricultura.sp.gov.br\/apta-regional\/wp-json\/wp\/v2\/pages\/9276","targetHints":{"allow":["GET"]}}],"collection":[{"href":"https:\/\/agricultura.sp.gov.br\/apta-regional\/wp-json\/wp\/v2\/pages"}],"about":[{"href":"https:\/\/agricultura.sp.gov.br\/apta-regional\/wp-json\/wp\/v2\/types\/page"}],"author":[{"embeddable":true,"href":"https:\/\/agricultura.sp.gov.br\/apta-regional\/wp-json\/wp\/v2\/users\/16"}],"replies":[{"embeddable":true,"href":"https:\/\/agricultura.sp.gov.br\/apta-regional\/wp-json\/wp\/v2\/comments?post=9276"}],"version-history":[{"count":3,"href":"https:\/\/agricultura.sp.gov.br\/apta-regional\/wp-json\/wp\/v2\/pages\/9276\/revisions"}],"predecessor-version":[{"id":11237,"href":"https:\/\/agricultura.sp.gov.br\/apta-regional\/wp-json\/wp\/v2\/pages\/9276\/revisions\/11237"}],"wp:attachment":[{"href":"https:\/\/agricultura.sp.gov.br\/apta-regional\/wp-json\/wp\/v2\/media?parent=9276"}],"curies":[{"name":"wp","href":"https:\/\/api.w.org\/{rel}","templated":true}]}}