{"id":9264,"date":"2025-07-24T17:08:21","date_gmt":"2025-07-24T20:08:21","guid":{"rendered":"https:\/\/agricultura.sp.gov.br\/apta-regional\/?page_id=9264"},"modified":"2026-03-30T10:15:20","modified_gmt":"2026-03-30T13:15:20","slug":"assis","status":"publish","type":"page","link":"https:\/\/agricultura.sp.gov.br\/apta-regional\/assis\/","title":{"rendered":"APTA REGIONAL DE ASSIS"},"content":{"rendered":"\n<figure class=\"wp-block-image size-large is-resized\"><img loading=\"lazy\" decoding=\"async\" width=\"1024\" height=\"460\" src=\"https:\/\/storage.googleapis.com\/saa-repositorio\/prd\/saa-sites\/apta-regional\/imagens\/APTA-REGIONAL-DE-ASSIS-1024x460.jpg\" alt=\"\" class=\"wp-image-9265\" style=\"object-fit:cover;width:1300px;height:600px\"\/><\/figure>\n\n\n\n<hr class=\"wp-block-separator has-text-color has-white-color has-alpha-channel-opacity has-white-background-color has-background is-style-dots\"\/>\n\n\n\n<div class=\"wp-block-media-text is-stacked-on-mobile\"><figure class=\"wp-block-media-text__media\"><img loading=\"lazy\" decoding=\"async\" width=\"267\" height=\"189\" src=\"https:\/\/storage.googleapis.com\/saa-repositorio\/prd\/saa-sites\/apta-regional\/imagens\/mapa_assis.gif\" alt=\"\" class=\"wp-image-9266 size-full\"\/><\/figure><div class=\"wp-block-media-text__content\">\n<p><strong>APTA REGIONAL DE ASSIS<\/strong><\/p>\n\n\n\n<p>Diretor: Sergio Don\u00e1<br>Sede : Assis Rodovia SP 333 (Assis-Mar\u00edlia),Km 397<br>Caixa Postal 263 &#8211; CEP 19802-970 Assis\/SP<br>Fone:(18) 3321-2026 \/ 3321-1663 \/ 3324-4103 \/ 3324-4301<\/p>\n<\/div><\/div>\n\n\n\n<hr class=\"wp-block-separator has-text-color has-white-color has-alpha-channel-opacity has-white-background-color has-background is-style-dots\"\/>\n\n\n\n<div class=\"wp-block-buttons is-layout-flex wp-block-buttons-is-layout-flex\">\n<div class=\"wp-block-button has-custom-width wp-block-button__width-25\"><a class=\"wp-block-button__link has-background wp-element-button\" style=\"background-color:#c00e0d\">TAB1<\/a><\/div>\n<\/div>\n\n\n\n<hr class=\"wp-block-separator has-text-color has-white-color has-alpha-channel-opacity has-white-background-color has-background is-style-dots\"\/>\n\n\n\n<figure class=\"wp-block-table\"><table class=\"has-fixed-layout\"><tbody><tr><td>Marcia Marise de Freitas Ca\u00e7\u00e3o Rodrigues&nbsp;<\/td><td>&nbsp;<img loading=\"lazy\" decoding=\"async\" alt=\"Envelope\" height=\"20\" src=\"https:\/\/img.freepik.com\/free-icon\/envelope_318-408141.jpg?t=st=1682340564~exp=1682341164~hmac=1a5b99312f748673a261353f951f9f1197f74caa411ad5bdf4e0711301d8fb56\" width=\"20\">&nbsp; &nbsp;&nbsp;<a href=\"mailto:marcia.rodrigues@sp.gov.br\">e-mail<\/a>&nbsp;<\/td><td><img loading=\"lazy\" decoding=\"async\" alt=\"\" height=\"19\" src=\"https:\/\/webserver-saaagrospgedave-prd.lfr.cloud\/documents\/1007647\/0\/Curriculum_lattes_alta_resolu%C3%A7%C3%A3o.png\/27a1209f-0913-a9ef-f0e8-4ccb2adb553d?t=1682625567546\" width=\"29\">&nbsp;<a href=\"http:\/\/lattes.cnpq.br\/3047552632852189\">lattes<\/a><\/td><\/tr><tr><td>Sergio Don\u00e1&nbsp;<\/td><td>&nbsp;<img loading=\"lazy\" decoding=\"async\" alt=\"Envelope\" height=\"20\" src=\"https:\/\/img.freepik.com\/free-icon\/envelope_318-408141.jpg?t=st=1682340564~exp=1682341164~hmac=1a5b99312f748673a261353f951f9f1197f74caa411ad5bdf4e0711301d8fb56\" width=\"20\">&nbsp; &nbsp;&nbsp;<a href=\"mailto:sdona@sp.gov.br\">e-mail<\/a>&nbsp;<\/td><td><img loading=\"lazy\" decoding=\"async\" alt=\"\" height=\"19\" src=\"https:\/\/webserver-saaagrospgedave-prd.lfr.cloud\/documents\/1007647\/0\/Curriculum_lattes_alta_resolu%C3%A7%C3%A3o.png\/27a1209f-0913-a9ef-f0e8-4ccb2adb553d?t=1682625567546\" width=\"29\">&nbsp;<a href=\"http:\/\/lattes.cnpq.br\/3439426916755749\">lattes<\/a><\/td><\/tr><\/tbody><\/table><\/figure>\n\n\n\n<hr class=\"wp-block-separator has-text-color has-white-color has-alpha-channel-opacity has-white-background-color has-background is-style-dots\"\/>\n\n\n\n<div class=\"wp-block-buttons is-layout-flex wp-block-buttons-is-layout-flex\">\n<div class=\"wp-block-button has-custom-width wp-block-button__width-50\"><a class=\"wp-block-button__link has-background wp-element-button\" style=\"background-color:#c00e0d\">TAB2<\/a><\/div>\n<\/div>\n\n\n\n<hr class=\"wp-block-separator has-text-color has-white-color has-alpha-channel-opacity has-white-background-color has-background is-style-dots\"\/>\n\n\n\n<p><a href=\"http:\/\/sgp.apta.sp.gov.br\/sgp.apta\/projetos?s=&amp;idUnidade=8&amp;idCentroPesquisa=5\">Link de Projetos<\/a><\/p>\n\n\n\n<hr class=\"wp-block-separator has-text-color has-white-color has-alpha-channel-opacity has-white-background-color has-background is-style-dots\"\/>\n\n\n\n<div class=\"wp-block-buttons is-layout-flex wp-block-buttons-is-layout-flex\">\n<div class=\"wp-block-button has-custom-width wp-block-button__width-75\"><a class=\"wp-block-button__link has-background wp-element-button\" style=\"background-color:#c00e0d\">TAB3<\/a><\/div>\n<\/div>\n\n\n\n<hr class=\"wp-block-separator has-text-color has-white-color has-alpha-channel-opacity has-white-background-color has-background is-style-dots\"\/>\n\n\n\n<figure class=\"wp-block-table\"><table class=\"has-fixed-layout\"><tbody><tr><td>\u00c1guas de Santa B\u00e1rbara<\/td><td>Arandu<\/td><td>Assis<\/td><td>Avar\u00e9<\/td><td>Bernardino de Campos<\/td><\/tr><tr><td>Bor\u00e1<\/td><td>Campos Novos Paulista<\/td><td>C\u00e2ndido Mota<\/td><td>Canitar<\/td><td>Cerqueira C\u00e9sar<\/td><\/tr><tr><td>Chavantes<\/td><td>Cruz\u00e1lia<\/td><td>Echapor\u00e3<\/td><td>Esp\u00edrito Santo do Turvo<\/td><td>Fartura<\/td><\/tr><tr><td>Flor\u00ednia<\/td><td>Iaras<\/td><td>Ibirarema<\/td><td>Ipauss\u00fa<\/td><td>Lut\u00e9cia<\/td><\/tr><tr><td>Manduri<\/td><td>Maraca\u00ed<\/td><td>\u00d3leo<\/td><td>Oscar Bressane<\/td><td>Ourinhos<\/td><\/tr><tr><td>Palmital<\/td><td>Ribeir\u00e3o do Sul<\/td><td>Pedrinhas Paulista<\/td><td>Piraju<\/td><td>Platina<\/td><\/tr><tr><td>Quat\u00e1<\/td><td>Paragua\u00e7\u00fa Paulista<\/td><td>Salto Grande<\/td><td>Santa Cruz do Rio Pardo<\/td><td>S\u00e3o Pedro do Turvo<\/td><\/tr><tr><td>Sarutai\u00e1<\/td><td>Tagua\u00ed<\/td><td>Tarum\u00e3<\/td><td>Tejup\u00e3<\/td><td>Timburi<\/td><\/tr><tr><td>Ubirajara<\/td><td>&nbsp;<\/td><td>&nbsp;<\/td><td>&nbsp;<\/td><td>&nbsp;<\/td><\/tr><\/tbody><\/table><\/figure>\n","protected":false},"excerpt":{"rendered":"<p>APTA REGIONAL DE ASSIS Diretor: Sergio Don\u00e1Sede : Assis Rodovia SP 333 (Assis-Mar\u00edlia),Km 397Caixa Postal 263 &#8211; CEP 19802-970 Assis\/SPFone:(18) 3321-2026 \/ 3321-1663 \/ 3324-4103 \/ 3324-4301 Marcia Marise de Freitas Ca\u00e7\u00e3o Rodrigues&nbsp; &nbsp;&nbsp; &nbsp;&nbsp;e-mail&nbsp; &nbsp;lattes Sergio Don\u00e1&nbsp; &nbsp;&nbsp; &nbsp;&nbsp;e-mail&nbsp; &nbsp;lattes Link de Projetos \u00c1guas de Santa B\u00e1rbara Arandu Assis Avar\u00e9 Bernardino de Campos Bor\u00e1 [&hellip;]<\/p>\n","protected":false},"author":16,"featured_media":0,"parent":0,"menu_order":0,"comment_status":"closed","ping_status":"closed","template":"","meta":{"_acf_changed":false,"footnotes":""},"class_list":["post-9264","page","type-page","status-publish","hentry"],"acf":[],"_links":{"self":[{"href":"https:\/\/agricultura.sp.gov.br\/apta-regional\/wp-json\/wp\/v2\/pages\/9264","targetHints":{"allow":["GET"]}}],"collection":[{"href":"https:\/\/agricultura.sp.gov.br\/apta-regional\/wp-json\/wp\/v2\/pages"}],"about":[{"href":"https:\/\/agricultura.sp.gov.br\/apta-regional\/wp-json\/wp\/v2\/types\/page"}],"author":[{"embeddable":true,"href":"https:\/\/agricultura.sp.gov.br\/apta-regional\/wp-json\/wp\/v2\/users\/16"}],"replies":[{"embeddable":true,"href":"https:\/\/agricultura.sp.gov.br\/apta-regional\/wp-json\/wp\/v2\/comments?post=9264"}],"version-history":[{"count":3,"href":"https:\/\/agricultura.sp.gov.br\/apta-regional\/wp-json\/wp\/v2\/pages\/9264\/revisions"}],"predecessor-version":[{"id":11236,"href":"https:\/\/agricultura.sp.gov.br\/apta-regional\/wp-json\/wp\/v2\/pages\/9264\/revisions\/11236"}],"wp:attachment":[{"href":"https:\/\/agricultura.sp.gov.br\/apta-regional\/wp-json\/wp\/v2\/media?parent=9264"}],"curies":[{"name":"wp","href":"https:\/\/api.w.org\/{rel}","templated":true}]}}