{"id":9228,"date":"2025-07-24T14:44:16","date_gmt":"2025-07-24T17:44:16","guid":{"rendered":"https:\/\/agricultura.sp.gov.br\/apta-regional\/?page_id=9228"},"modified":"2025-08-01T15:54:56","modified_gmt":"2025-08-01T18:54:56","slug":"rede-apta-regional-de-sistemas-integrados-de-producao","status":"publish","type":"page","link":"https:\/\/agricultura.sp.gov.br\/apta-regional\/rede-apta-regional-de-sistemas-integrados-de-producao\/","title":{"rendered":"Rede Apta Regional de Sistemas Integrados de Produ\u00e7\u00e3o"},"content":{"rendered":"\n<figure class=\"wp-block-image size-full is-resized\"><img loading=\"lazy\" decoding=\"async\" width=\"1024\" height=\"256\" src=\"https:\/\/storage.googleapis.com\/saa-repositorio\/prd\/saa-sites\/apta-regional\/imagens\/Rede-APTA-Regional-de-Sistemas-Integrados-de-Producao.png\" alt=\"\" class=\"wp-image-9384\" style=\"object-fit:cover;width:1300px;height:300px\"\/><\/figure>\n\n\n\n<hr class=\"wp-block-separator has-text-color has-white-color has-alpha-channel-opacity has-white-background-color has-background is-style-dots\"\/>\n\n\n\n<p>Vitrine Tecnol\u00f3gica para recupera\u00e7\u00e3o e adequa\u00e7\u00e3o&nbsp;de&nbsp;Rede Apta Regional de Sistemas Integrados de Produ\u00e7\u00e3o,&nbsp;para utilizar as bordaduras das florestas como ambiente para semi confinamento de diferentes ra\u00e7as bovinas. Esse ambiente \u00e9 favor\u00e1vel para infesta\u00e7\u00f5es de berne.<\/p>\n\n\n\n<p>A proposta de Entrega tecnologia &#8220;Valora\u00e7\u00e3o do Couro e Rastreabilidade de Bovinos&#8221; usando duas patentes, em fase final de aprova\u00e7\u00e3o pelo INPI.<\/p>\n\n\n\n<p>A Terebintina de pinheiros \u00e9 um bioativo, biodegrad\u00e1vel, sem res\u00edduos no leite ou carne. Usado como pour on ou pulveriza\u00e7\u00e3o.<\/p>\n\n\n\n<p>A \u00f3rtese Biomimetica Rabix\u00f4o4TAG \u00e9 um dispositivo para fixar na vassoura da cauda, aumenta a \u00e1rea varrida e serve como alternativa p brincos e marca a fogo.<\/p>\n\n\n\n<p>Tamb\u00e9m ser\u00e1 avaliado o Balan\u00e7o Social desse sistema e t\u00e9cnicas e instala\u00e7\u00f5es visando bem estar animal.<\/p>\n\n\n\n<p><strong>Coordenador<\/strong>: Carlos Frederico de Carvalho Rodrigues<\/p>\n\n\n\n<p><strong>Equipe<\/strong>: Keila Duarte e S\u00e9rgio Torquato, colegas da unidade Tiet\u00ea<\/p>\n\n\n\n<p><strong>Parceiros<\/strong><\/p>\n\n\n\n<p>O projeto integra o Fundag 1298, que financia essas patentes e outras iniciativas.<\/p>\n\n\n\n<p>Empresa parceira Cereal &amp; Gr\u00e3os, de Itapetininga, respons\u00e1vel pela produ\u00e7\u00e3o de soja, sorgo, trigo e reforma das pastagens dentro&nbsp;da&nbsp;Rede APTA Regional de Sistemas Integrados de Produ\u00e7\u00e3o. Parceiros envolvidos: APTA Regional de Tiete; APTA Regional de Brotas; APTA Regional de Adamantina; APTA Regional de Colina; APTA Regional de Assis; APTA Regional de Andradina; APTA Regional de Pindamonhangaba; APTA Regional de Itapetininga e CATI Ataliba Leonel.<\/p>\n\n\n\n<p class=\"has-text-align-center has-background\" style=\"background-color:#f8f9fa\"><strong>Como se d\u00e1 a Transfer\u00eancia de Tecnologia<\/strong><\/p>\n\n\n\n<p>Dias de Campos, visitas monitoradas e m\u00eddias diversas.  <\/p>\n\n\n\n<h2 class=\"wp-block-heading has-text-color has-link-color wp-elements-146161b03b8b22a6955ab1396c96fa2a\" style=\"color:#c00e0d\"><strong>Contato<\/strong>:<\/h2>\n\n\n\n<p>Carlos Frederico de Carvalho Rodrigues<br>Cel.: (15) 99819-9548<br>E-mail:&nbsp;<a href=\"mailto:cfcrodrigues@sp.gov.br\">cfcrodrigues@sp.gov.br<\/a><\/p>\n\n\n\n<p><\/p>\n","protected":false},"excerpt":{"rendered":"<p>Vitrine Tecnol\u00f3gica para recupera\u00e7\u00e3o e adequa\u00e7\u00e3o&nbsp;de&nbsp;Rede Apta Regional de Sistemas Integrados de Produ\u00e7\u00e3o,&nbsp;para utilizar as bordaduras das florestas como ambiente para semi confinamento de diferentes ra\u00e7as bovinas. Esse ambiente \u00e9 favor\u00e1vel para infesta\u00e7\u00f5es de berne. A proposta de Entrega tecnologia &#8220;Valora\u00e7\u00e3o do Couro e Rastreabilidade de Bovinos&#8221; usando duas patentes, em fase final de aprova\u00e7\u00e3o [&hellip;]<\/p>\n","protected":false},"author":16,"featured_media":0,"parent":0,"menu_order":0,"comment_status":"closed","ping_status":"closed","template":"","meta":{"_acf_changed":false,"footnotes":""},"class_list":["post-9228","page","type-page","status-publish","hentry"],"acf":[],"_links":{"self":[{"href":"https:\/\/agricultura.sp.gov.br\/apta-regional\/wp-json\/wp\/v2\/pages\/9228","targetHints":{"allow":["GET"]}}],"collection":[{"href":"https:\/\/agricultura.sp.gov.br\/apta-regional\/wp-json\/wp\/v2\/pages"}],"about":[{"href":"https:\/\/agricultura.sp.gov.br\/apta-regional\/wp-json\/wp\/v2\/types\/page"}],"author":[{"embeddable":true,"href":"https:\/\/agricultura.sp.gov.br\/apta-regional\/wp-json\/wp\/v2\/users\/16"}],"replies":[{"embeddable":true,"href":"https:\/\/agricultura.sp.gov.br\/apta-regional\/wp-json\/wp\/v2\/comments?post=9228"}],"version-history":[{"count":9,"href":"https:\/\/agricultura.sp.gov.br\/apta-regional\/wp-json\/wp\/v2\/pages\/9228\/revisions"}],"predecessor-version":[{"id":9386,"href":"https:\/\/agricultura.sp.gov.br\/apta-regional\/wp-json\/wp\/v2\/pages\/9228\/revisions\/9386"}],"wp:attachment":[{"href":"https:\/\/agricultura.sp.gov.br\/apta-regional\/wp-json\/wp\/v2\/media?parent=9228"}],"curies":[{"name":"wp","href":"https:\/\/api.w.org\/{rel}","templated":true}]}}