{"id":9223,"date":"2025-07-24T13:48:41","date_gmt":"2025-07-24T16:48:41","guid":{"rendered":"https:\/\/agricultura.sp.gov.br\/apta-regional\/?page_id=9223"},"modified":"2026-01-05T16:33:57","modified_gmt":"2026-01-05T19:33:57","slug":"apta-regional-na-midia","status":"publish","type":"page","link":"https:\/\/agricultura.sp.gov.br\/apta-regional\/apta-regional-na-midia\/","title":{"rendered":"Apta Regional na M\u00eddia"},"content":{"rendered":"\n<figure class=\"wp-block-image size-full is-resized\"><img loading=\"lazy\" decoding=\"async\" width=\"800\" height=\"395\" src=\"https:\/\/storage.googleapis.com\/saa-repositorio\/prd\/saa-sites\/apta-regional\/imagens\/Projeto-Iranduba.jpg\" alt=\"\" class=\"wp-image-10909\" style=\"object-fit:cover;width:1300px;height:300px\"\/><\/figure>\n\n\n\n<hr class=\"wp-block-separator has-text-color has-white-color has-alpha-channel-opacity has-white-background-color has-background is-style-dots\"\/>\n\n\n\n<p class=\"has-background has-medium-font-size\" style=\"background-color:#f8f9fa\"><a href=\"http:\/\/www.cbnrp.com.br\/noticias\/expositores-de-outros-paises-participam-da-aquishow\">Expositores participam da Aquishow<\/a> <\/p>\n\n\n\n<p class=\"has-background has-medium-font-size\" style=\"background-color:#f8f9fa\"><a href=\"http:\/\/www.youblisher.com\/p\/1955322-Revista-O-Campo-25a-edicao\/\">Ensaios de soja \u2013 Diferentes desempenho para diferentes realidades<\/a><\/p>\n\n\n\n<p class=\"has-background has-medium-font-size\" style=\"background-color:#f8f9fa\"><a href=\"https:\/\/picnews.com.br\/i-encontro-da-restauracao-florestal-do-noroeste-paulista-e-i-feira-da-restauracao-acontece-nesta-quinta-feira-na-apta-de-pindorama\/\">I Encontro da Restaura\u00e7\u00e3o Florestal do Noroeste Paulista e I Feira da Restaura\u00e7\u00e3o acontece nesta quinta-feira na APTA de Pindorama<\/a><\/p>\n\n\n\n<p class=\"has-background has-medium-font-size\" style=\"background-color:#f8f9fa\"><a href=\"https:\/\/gazetadasemana.com.br\/noticia\/115741\/i-encontro-da-restauracao-florestal-do-noroeste-paulista-e-i-feira-da-restauracao-acontece-nesta-quinta-feira-na-apta-de-pindorama\">I Encontro da Restaura\u00e7\u00e3o Florestal do Noroeste Paulista e I Feira da Restaura\u00e7\u00e3o acontece nesta quinta-feira na APTA de Pindorama<\/a><\/p>\n\n\n\n<p class=\"has-background has-medium-font-size\" style=\"background-color:#f8f9fa\"><a href=\"https:\/\/globoplay.globo.com\/v\/11596174\/\">Variedades de batata-doce s\u00e3o desenvolvidas para o clima e solo do Oeste Paulista pela pesquisadora Amarilis Beraldo R\u00f3s da APTA Regional Presidente Prudente<\/a><\/p>\n\n\n\n<p class=\"has-background has-medium-font-size\" style=\"background-color:#f8f9fa\"><a href=\"https:\/\/globoplay.globo.com\/v\/11596174\/\">Variedades de batata-doce s\u00e3o desenvolvidas para o clima e solo do Oeste Paulista pela pesquisadora Amarilis Beraldo R\u00f3s da APTA Regional Presidente Prudente<\/a><\/p>\n\n\n\n<p class=\"has-background has-medium-font-size\" style=\"background-color:#f8f9fa\"><a href=\"http:\/\/www.canaonline.com.br\/edicao\/edicao51-portal-canaonline-fevereiro2018.html\">Doen\u00e7as em Amendoim \u2013 P\u00e1gina 17 a 24<\/a><\/p>\n\n\n\n<p class=\"has-background has-medium-font-size\" style=\"background-color:#f8f9fa\"><a href=\"https:\/\/digital.agrishow.com.br\/gest-o\/plantio-consorciado-com-macad-mia-melhora-produtividade-do-seu-cafezal\">Plantio consorciado com macad\u00e2mia melhora produtividade do seu cafezal<\/a><\/p>\n\n\n\n<p class=\"has-background has-medium-font-size\" style=\"background-color:#f8f9fa\"><a href=\"https:\/\/feibanana.com.br\/\">FEIBANANA 2018<\/a><\/p>\n\n\n\n<p class=\"has-background has-medium-font-size\" style=\"background-color:#f8f9fa\"><a href=\"https:\/\/www.noticiasagricolas.com.br\/videos\/sucroenergetico\/208442-mpbs-em-meiosi-oferecem-melhor-taxa-de-multiplicacao-da-cana-soja-em-palhada-da-cana-exige-escolha-de.html#.Wo2oItQrLGg\">MPBs em meiosi oferecem melhor taxa de multiplica\u00e7\u00e3o da cana; soja em palhada da cana exige escolha de cultivares<\/a><\/p>\n\n\n\n<p class=\"has-background has-medium-font-size\" style=\"background-color:#f8f9fa\"><a href=\"https:\/\/www1.folha.uol.com.br\/seminariosfolha\/2024\/11\/conheca-usina-experimental-da-usp-que-gera-gas-energia-e-fertilizantes-a-partir-de-residuos.shtml?pwgt=kgjp8rzz0n47uesqowmjihrufjm8x7o4txi6mhwzchu8w8aq&amp;utm_source=whatsapp&amp;utm_medium=social&amp;utm_campaign=compwagift\">Conhe\u00e7a usina experimental da USP que gera g\u00e1s, energia e fertilizantes a partir de res\u00edduos<\/a><\/p>\n","protected":false},"excerpt":{"rendered":"<p>Expositores participam da Aquishow Ensaios de soja \u2013 Diferentes desempenho para diferentes realidades I Encontro da Restaura\u00e7\u00e3o Florestal do Noroeste Paulista e I Feira da Restaura\u00e7\u00e3o acontece nesta quinta-feira na APTA de Pindorama I Encontro da Restaura\u00e7\u00e3o Florestal do Noroeste Paulista e I Feira da Restaura\u00e7\u00e3o acontece nesta quinta-feira na APTA de Pindorama Variedades de [&hellip;]<\/p>\n","protected":false},"author":16,"featured_media":0,"parent":0,"menu_order":0,"comment_status":"closed","ping_status":"closed","template":"","meta":{"_acf_changed":false,"footnotes":""},"class_list":["post-9223","page","type-page","status-publish","hentry"],"acf":[],"_links":{"self":[{"href":"https:\/\/agricultura.sp.gov.br\/apta-regional\/wp-json\/wp\/v2\/pages\/9223","targetHints":{"allow":["GET"]}}],"collection":[{"href":"https:\/\/agricultura.sp.gov.br\/apta-regional\/wp-json\/wp\/v2\/pages"}],"about":[{"href":"https:\/\/agricultura.sp.gov.br\/apta-regional\/wp-json\/wp\/v2\/types\/page"}],"author":[{"embeddable":true,"href":"https:\/\/agricultura.sp.gov.br\/apta-regional\/wp-json\/wp\/v2\/users\/16"}],"replies":[{"embeddable":true,"href":"https:\/\/agricultura.sp.gov.br\/apta-regional\/wp-json\/wp\/v2\/comments?post=9223"}],"version-history":[{"count":11,"href":"https:\/\/agricultura.sp.gov.br\/apta-regional\/wp-json\/wp\/v2\/pages\/9223\/revisions"}],"predecessor-version":[{"id":10912,"href":"https:\/\/agricultura.sp.gov.br\/apta-regional\/wp-json\/wp\/v2\/pages\/9223\/revisions\/10912"}],"wp:attachment":[{"href":"https:\/\/agricultura.sp.gov.br\/apta-regional\/wp-json\/wp\/v2\/media?parent=9223"}],"curies":[{"name":"wp","href":"https:\/\/api.w.org\/{rel}","templated":true}]}}