{"id":9200,"date":"2025-07-24T09:29:28","date_gmt":"2025-07-24T12:29:28","guid":{"rendered":"https:\/\/agricultura.sp.gov.br\/apta-regional\/?page_id=9200"},"modified":"2025-08-01T15:59:43","modified_gmt":"2025-08-01T18:59:43","slug":"boi777","status":"publish","type":"page","link":"https:\/\/agricultura.sp.gov.br\/apta-regional\/boi777\/","title":{"rendered":"Boi777"},"content":{"rendered":"\n<figure class=\"wp-block-image size-full is-resized\"><img loading=\"lazy\" decoding=\"async\" width=\"1024\" height=\"256\" src=\"https:\/\/storage.googleapis.com\/saa-repositorio\/prd\/saa-sites\/apta-regional\/imagens\/Boi777-1.png\" alt=\"\" class=\"wp-image-9203\" style=\"object-fit:cover;width:1300px;height:300px\"\/><\/figure>\n\n\n\n<hr class=\"wp-block-separator has-text-color has-white-color has-alpha-channel-opacity has-white-background-color has-background is-style-dots\"\/>\n\n\n\n<p>A tecnologia Boi 777 consiste em desenvolver pacotes tecnol\u00f3gicos a serem utilizados na pecu\u00e1ria de corte, nos segmentos de cria, recria e engorda a pasto ou confinada.&nbsp; &nbsp;<\/p>\n\n\n\n<p>&nbsp;Com a ado\u00e7\u00e3o das t\u00e9cnicas de manejo de pastagem e uso estrat\u00e9gico de suplementa\u00e7\u00e3o ao longo do ano, consegue-se desmamar um bezerro aos 7\/8 meses de idade, pesando no m\u00ednimo 7 arroba.&nbsp;&nbsp;<\/p>\n\n\n\n<p>&nbsp;Na fase de recria, com dura\u00e7\u00e3o m\u00e1xima de 12 meses, tamb\u00e9m com t\u00e9cnicas de manejo de pastagem e uso estrat\u00e9gico de suplementa\u00e7\u00e3o ao longo do ano, consegue-se colocar mais 7 arroba e finalmente, na fase de termina\u00e7\u00e3o, usando de uso estrat\u00e9gico de suplementa\u00e7\u00e3o a pasto ou confinamento, termina-se o animal com no m\u00ednimo 21 arrobas e com idade m\u00e1xima ao abate de 24 meses.&nbsp; Dessa forma o gado chega ao peso de abate antes do previsto.&nbsp;<\/p>\n\n\n\n<p><strong>&nbsp;A t\u00e9cnica \u00e9 formada por tr\u00eas ciclos, cada um com ganho de 7 arrobas:&nbsp;<\/strong><\/p>\n\n\n\n<ul class=\"wp-block-list\">\n<li>Bezerro: Tem ganho de sete arrobas at\u00e9 os oito meses de idade.&nbsp;&nbsp;<\/li>\n\n\n\n<li>Desmama at\u00e9 a termina\u00e7\u00e3o: Ganho de mais sete arrobas.&nbsp;&nbsp;<\/li>\n\n\n\n<li>Acabamento da carca\u00e7a: Ganho de mais sete arrobas.&nbsp;<\/li>\n<\/ul>\n\n\n\n<p class=\"has-text-align-center has-background\" style=\"background-color:#f8f9fa\"><strong>Como se d\u00e1 a<\/strong> <strong>Transfer\u00eancia de Tecnologia<\/strong>&nbsp;<\/p>\n\n\n\n<ul class=\"wp-block-list\">\n<li>Realiza\u00e7\u00e3o de dias de campo realizados bianualmente na URPD-Colina (O \u00faltimo foi realizado em 2022 e contou com a participa\u00e7\u00e3o de 2000 pessoas \u2013 Nome do evento: Beefday);&nbsp;<\/li>\n\n\n\n<li>Cursos de treinamento realizados na Unidade de Pesquisa,&nbsp;&nbsp;<\/li>\n\n\n\n<li>Palestras t\u00e9cnicas em eventos realizados em diversos Estados do Brasil,&nbsp;&nbsp;&nbsp;<\/li>\n\n\n\n<li>A\u00e7\u00e3o de extens\u00e3o com Associa\u00e7\u00e3o de Produtores Rurais como a ACRIMAT-MT&nbsp;<\/li>\n<\/ul>\n\n\n\n<p><strong>Coordenador<\/strong>&nbsp;<\/p>\n\n\n\n<p>Fl\u00e1vio Dutra de Resende&nbsp;<br>Gustavo Rezende Siqueira&nbsp;<\/p>\n\n\n\n<p><strong>Equipe<\/strong>&nbsp;<\/p>\n\n\n\n<p>Fl\u00e1vio Dutra de Resende&nbsp;<br>Gustavo Rezende Siqueira&nbsp;<br>Regina Kitagawa Grizotto&nbsp;<br>Alunos de gradua\u00e7\u00e3o e p\u00f3s-gradua\u00e7\u00e3o.&nbsp;<\/p>\n\n\n\n<p><strong>Parceiros<\/strong>: Phibro Animal Health; Frigor\u00edfico Minerva; Empresas diversas que atuam na \u00e1rea de nutri\u00e7\u00e3o animal e que s\u00e3o associadas da ASBRAM&nbsp;<\/p>\n\n\n\n<h2 class=\"wp-block-heading has-text-color has-link-color wp-elements-b92c4c3734bf49cda7c538878e4a7fd4\" style=\"color:#c00e0d\">Contato:<\/h2>\n\n\n\n<p>Fl\u00e1vio Dutra de Resende&nbsp;<\/p>\n\n\n\n<div class=\"wp-block-buttons is-layout-flex wp-block-buttons-is-layout-flex\">\n<div class=\"wp-block-button has-custom-width wp-block-button__width-100\"><a class=\"wp-block-button__link has-background wp-element-button\" href=\"fresende@sp.gov.br\" style=\"background-color:#c00e0d\"><strong>E-mail de contato<\/strong><\/a><\/div>\n<\/div>\n\n\n\n<p><\/p>\n","protected":false},"excerpt":{"rendered":"<p>A tecnologia Boi 777 consiste em desenvolver pacotes tecnol\u00f3gicos a serem utilizados na pecu\u00e1ria de corte, nos segmentos de cria, recria e engorda a pasto ou confinada.&nbsp; &nbsp; &nbsp;Com a ado\u00e7\u00e3o das t\u00e9cnicas de manejo de pastagem e uso estrat\u00e9gico de suplementa\u00e7\u00e3o ao longo do ano, consegue-se desmamar um bezerro aos 7\/8 meses de idade, [&hellip;]<\/p>\n","protected":false},"author":16,"featured_media":0,"parent":0,"menu_order":0,"comment_status":"closed","ping_status":"closed","template":"","meta":{"_acf_changed":false,"footnotes":""},"class_list":["post-9200","page","type-page","status-publish","hentry"],"acf":[],"_links":{"self":[{"href":"https:\/\/agricultura.sp.gov.br\/apta-regional\/wp-json\/wp\/v2\/pages\/9200","targetHints":{"allow":["GET"]}}],"collection":[{"href":"https:\/\/agricultura.sp.gov.br\/apta-regional\/wp-json\/wp\/v2\/pages"}],"about":[{"href":"https:\/\/agricultura.sp.gov.br\/apta-regional\/wp-json\/wp\/v2\/types\/page"}],"author":[{"embeddable":true,"href":"https:\/\/agricultura.sp.gov.br\/apta-regional\/wp-json\/wp\/v2\/users\/16"}],"replies":[{"embeddable":true,"href":"https:\/\/agricultura.sp.gov.br\/apta-regional\/wp-json\/wp\/v2\/comments?post=9200"}],"version-history":[{"count":5,"href":"https:\/\/agricultura.sp.gov.br\/apta-regional\/wp-json\/wp\/v2\/pages\/9200\/revisions"}],"predecessor-version":[{"id":9390,"href":"https:\/\/agricultura.sp.gov.br\/apta-regional\/wp-json\/wp\/v2\/pages\/9200\/revisions\/9390"}],"wp:attachment":[{"href":"https:\/\/agricultura.sp.gov.br\/apta-regional\/wp-json\/wp\/v2\/media?parent=9200"}],"curies":[{"name":"wp","href":"https:\/\/api.w.org\/{rel}","templated":true}]}}