{"id":9191,"date":"2025-07-23T17:25:42","date_gmt":"2025-07-23T20:25:42","guid":{"rendered":"https:\/\/agricultura.sp.gov.br\/apta-regional\/?page_id=9191"},"modified":"2025-09-10T14:45:56","modified_gmt":"2025-09-10T17:45:56","slug":"programa-oliva-sp-apta-regional-de-piracicaba","status":"publish","type":"page","link":"https:\/\/agricultura.sp.gov.br\/apta-regional\/programa-oliva-sp-apta-regional-de-piracicaba\/","title":{"rendered":"Programa Oliva SP &#8211; Apta Regional de Piracicaba\u00a0"},"content":{"rendered":"\n<figure class=\"wp-block-image size-full is-resized\"><img loading=\"lazy\" decoding=\"async\" width=\"1024\" height=\"256\" src=\"https:\/\/storage.googleapis.com\/saa-repositorio\/prd\/saa-sites\/apta-regional\/imagens\/Programa-Oliva-SP-1.png\" alt=\"\" class=\"wp-image-9394\" style=\"object-fit:cover;width:1300px;height:300px\"\/><\/figure>\n\n\n\n<hr class=\"wp-block-separator has-text-color has-white-color has-alpha-channel-opacity has-white-background-color has-background is-style-dots\"\/>\n\n\n\n<p>O Grupo Oliva SP nasceu no ano de 2011, na APTA Regional de Piracicaba com a miss\u00e3o de organizar a\u00e7\u00f5es conjuntas de pesquisa, desenvolvimento e transfer\u00eancia de tecnologias para promover a explora\u00e7\u00e3o comercial da cultura da oliveira no estado de S\u00e3o Paulo.&nbsp; <\/p>\n\n\n\n<p>Os pesquisadores da APTA lideram os estudos para entregar aos olivicultores um pacote tecnol\u00f3gico para o desenvolvimento da cultura.&nbsp;<\/p>\n\n\n\n<p><strong>Coordenador<\/strong>&nbsp;<br>Edna Ivani Bertoncini&nbsp;<br>APTA &#8211; Polo Centro Sul \u2013 Piracicaba &#8211; SP&nbsp;<\/p>\n\n\n\n<p><strong>Equipe<\/strong>&nbsp;<br><strong>Zoneamento clim\u00e1tico para a cultura da oliveira no estado de S\u00e3o Paulo: An\u00e1lise das condi\u00e7\u00f5es clim\u00e1ticas e n\u00famero de horas de frio das regi\u00f5es produtoras de oliveiras.<\/strong>&nbsp;<\/p>\n\n\n\n<p>Ang\u00e9lica Prela Pantano&nbsp;<br>APTA\/IAC Centro de Pesquisa e Desenvolvimento de Ecofisiologia e Biof\u00edsica&nbsp;<br>Tel.: (19) 3202-1702&nbsp;<\/p>\n\n\n\n<hr class=\"wp-block-separator has-alpha-channel-opacity is-style-dots\"\/>\n\n\n\n<p><strong>Implanta\u00e7\u00e3o de olivais no estado de S\u00e3o Paulo<\/strong>&nbsp;<\/p>\n\n\n\n<p>Ang\u00e9lica Prela Pantano\u00a0<br>IAC-APTA Centro de Pesquisa e Desenvolvimento de Ecofisiologia e Biof\u00edsica\u00a0<br>Tel.: (19) 3202-1702\u00a0<br>E-mail: pantano@sp.gov.br<\/p>\n\n\n\n<p>Edna Ivani Bertoncini\u00a0<br>APTA Piracicaba &#8211; SP\u00a0<br>Fone: (19) 3421-5196 | (19) 3421-1478 ramal 343\u00a0<br>E-mail:\u00a0<a href=\"mailto:edna.bertoncini@sp.gov.br\" target=\"_blank\" rel=\"noreferrer noopener\">edna.bertoncini@sp.gov.br<\/a>\u00a0\u00a0<\/p>\n\n\n\n<p><strong>Classifica\u00e7\u00e3o e manejo de solos cultivados com oliveiras<\/strong>&nbsp;<\/p>\n\n\n\n<p>Andr\u00e9 Cesar Vitti&nbsp;<br>APTA Piracicaba, SP&nbsp;<br>Fone: (19) 3421-5196 | (19) 3421-1478 &#8211; ramal 344&nbsp;<\/p>\n\n\n\n<p>E-mail:&nbsp;<a href=\"mailto:andre.vitti@sp.gov.br\" target=\"_blank\" rel=\"noreferrer noopener\">andre.vitti@sp.gov.br<\/a>&nbsp;<\/p>\n\n\n\n<p><strong>Fertilidade do solo e nutri\u00e7\u00e3o de oliveiras<\/strong>&nbsp;<\/p>\n\n\n\n<p>Andr\u00e9 Cesar Vitti&nbsp;<br>APTA Piracicaba, SP&nbsp;<br>Fone: (19) 3421-5196 \/ (19) 3421-1478 &#8211; ramal 344&nbsp;<\/p>\n\n\n\n<p>E-mail:&nbsp;<a href=\"mailto:andre.vitti@sp.gov.br\" target=\"_blank\" rel=\"noreferrer noopener\">andre.vitti@sp.gov.br<\/a>&nbsp;<\/p>\n\n\n\n<p>Edna Ivani Bertoncini&nbsp;<br>APTA Piracicaba &#8211; SP&nbsp;<br>Fone: (19) 3421-5196 (19) 3421-1478 ramal 343&nbsp;<br>E-mail:&nbsp;<a href=\"mailto:edna.bertoncini@sp.gov.br\" target=\"_blank\" rel=\"noreferrer noopener\">edna.bertoncini@sp.gov.br<\/a>&nbsp;&nbsp;<\/p>\n\n\n\n<p><strong>Gen\u00e9tica Oliveiras<\/strong>&nbsp;<br>Am\u00e9lio Jos\u00e9 Berti&nbsp;<br>CDRS &#8211; N\u00facleo de Produ\u00e7\u00e3o de Mudas de S\u00e3o Bento do Sapuca\u00ed&nbsp;<br>E-mail:&nbsp;<a href=\"mailto:amelio.berti@sp.gov.br\" target=\"_blank\" rel=\"noreferrer noopener\">amelio.berti@sp.gov.br<\/a>&nbsp;&nbsp;<br>Fone: (12) 3971-1306&nbsp;<\/p>\n\n\n\n<p>Daniela de Argollo Marques&nbsp;<br>APTA\/IAC &#8211; Centro de Recursos Gen\u00e9ticos Vegetais \u2013 Campinas, SP&nbsp;<br>Fone: (19) 32021791. (19) 99773-8580&nbsp;&nbsp;<br>E-mail:&nbsp;<a href=\"mailto:daniela.marques@sp.gov.br\" target=\"_blank\" rel=\"noreferrer noopener\">daniela.marques@sp.gov.br<\/a>&nbsp;&nbsp;<\/p>\n\n\n\n<p>Ednei Antonio Marques&nbsp;<br>CDRS &#8211; N\u00facleo de Produ\u00e7\u00e3o de Mudas de Santo Bento de Sapuca\u00ed&nbsp;&nbsp;<br>E-mail:&nbsp;<a href=\"mailto:ednei.marques@sp.gov.br\" target=\"_blank\" rel=\"noreferrer noopener\">ednei.marques@sp.gov.br<\/a>&nbsp;&nbsp;<br>Fone: (12) 3971-1306&nbsp;<\/p>\n\n\n\n<p>Vera L\u00facia Pimentel Salazar&nbsp;<br>APTA \u2013 Polo Centro Sul \u2013 Piracicaba, SP&nbsp;<br>Cel.: (19) 982196574&nbsp;&nbsp;<br>E-mail:&nbsp;<a href=\"mailto:vera.salazar@sp.gov.br\" target=\"_blank\" rel=\"noreferrer noopener\">vera.salazar@sp.gov.br<\/a>&nbsp;<\/p>\n\n\n\n<p>Walter Jos\u00e9 Siqueira&nbsp;<br>Fone: (19) 992271588&nbsp;&nbsp;<br>E-mail:&nbsp;<a href=\"mailto:siqueirawj@gmail.com\" target=\"_blank\" rel=\"noreferrer noopener\">siqueirawj@gmail.com<\/a>&nbsp;&nbsp;<\/p>\n\n\n\n<p><strong>Doen\u00e7as em Oliveiras<\/strong>&nbsp;<\/p>\n\n\n\n<p><strong>Fungos<\/strong>&nbsp;<\/p>\n\n\n\n<p><strong>Monitoramento e identifica\u00e7\u00e3o de doen\u00e7as f\u00fangicas em oliveiras<\/strong>&nbsp;<\/p>\n\n\n\n<p>Ricardo. J. Domingues,&nbsp;&nbsp;<br>Jesus G. T\u00f6foli, Josiane T. Ferrari&nbsp;&nbsp;&nbsp;<\/p>\n\n\n\n<p>APTA\/Instituto Biol\u00f3gico&nbsp;&nbsp;<br>Centro de Pesquisa de Sanidade Vegetal&nbsp;<\/p>\n\n\n\n<p>Marise Cagnin Martins Parisi&nbsp;<br>E-mail:&nbsp;<a href=\"mailto:marise.parisi@sp.gov.br\" target=\"_blank\" rel=\"noreferrer noopener\">marise.parisi@sp.gov.br<\/a>&nbsp;<\/p>\n\n\n\n<p>APTA Piracicaba, SP&nbsp;<br>Fone: (19) 3421-5196 | (19) 3421-1478&nbsp;<\/p>\n\n\n\n<p><strong>Xylella fastidiosa<\/strong>&nbsp;<br>Helvecio Della Coletta Filho&nbsp;<\/p>\n\n\n\n<p>IAC \u2013 Centro de Citricultura de Cordeir\u00f3polis&nbsp;<br>Cel.: (19) 99663-0777&nbsp;<br>E-mail:&nbsp;<a href=\"mailto:hdcoletta@ccsm.br\" target=\"_blank\" rel=\"noreferrer noopener\">hdcoletta@ccsm.br<\/a>&nbsp;&nbsp;<\/p>\n\n\n\n<p><strong>Pragas em Oliveiras<\/strong>&nbsp;<br><strong>Formigas cortadeiras<\/strong>&nbsp;&#8211; Entomologia Aplicada &#8211; Controle Biol\u00f3gico &#8211; Fungos Endof\u00edticos anti-herbivoria.&nbsp;<\/p>\n\n\n\n<p>Ana Eug\u00eania de Carvalho Campos&nbsp;<br>IB-APTA &#8211; Unidade Laboratorial de Refer\u00eancia em Pragas Urbanas, S\u00e3o Paulo, SP;&nbsp;&nbsp;<br>Fone: (11) 5087-1782 | 1711&nbsp;<br>E-mail:&nbsp;<a href=\"mailto:anacarvalho@sp.gov.br\" target=\"_blank\" rel=\"noreferrer noopener\">anacarvalho@sp.gov.br<\/a>&nbsp;<\/p>\n\n\n\n<p><strong>Insetos e \u00c1caros<\/strong>&nbsp;<\/p>\n\n\n\n<p>Identifica\u00e7\u00e3o de pragas (insetos e \u00e1caros); Avalia\u00e7\u00e3o de danos causados pelas pragas e monitoramento para implementa\u00e7\u00e3o de manejo integrado&nbsp;&nbsp;<\/p>\n\n\n\n<p><strong>Identifica\u00e7\u00e3o de \u00e1caros, danos causados e manejo<\/strong>&nbsp;<\/p>\n\n\n\n<p>Instituto Biol\u00f3gico | Centro Experimental Central do IB | Laborat\u00f3rio de Entomologia Econ\u00f4mica &#8211; Campinas, SP&nbsp;<\/p>\n\n\n\n<p>Miguel Francisco de Souza Filho&nbsp;<br>E-mail:&nbsp;<a href=\"mailto:miguel.souza@sp.gov.br\" target=\"_blank\" rel=\"noreferrer noopener\">miguel.souza@sp.gov.br<\/a>&nbsp;<br>Fone: (19) 3252-8342&nbsp;<\/p>\n\n\n\n<p><strong>Cigarrinhas<\/strong>&nbsp;<\/p>\n\n\n\n<p>Jo\u00e3o Roberto Spotti Lopes&nbsp;<br>ESALQ\/USP \u2013 Departamento de Entomologia e Acarologia | Laborat\u00f3rio de Insetos Vetores de Fitopat\u00f3genos, Piracicaba-SP&nbsp;<br>Fone: (19) 34294199 &#8211; Ramal 212&nbsp;&nbsp;<br>E-mail:&nbsp;<a href=\"mailto:jrslopes@usp.br\" target=\"_blank\" rel=\"noreferrer noopener\">jrslopes@usp.br<\/a>&nbsp;<\/p>\n\n\n\n<p>Joyce Adriana Froza&nbsp;<\/p>\n\n\n\n<p>ESALQ\/USP \u2013 Departamento de Entomologia e Acarologia | Laborat\u00f3rio de Insetos Vetores de Fitopat\u00f3genos, Piracicaba-SP&nbsp;<\/p>\n\n\n\n<p>Cel.: (12) 98100-4456&nbsp;<br>E-mail:&nbsp;<a href=\"mailto:jafroza@usp.br\" target=\"_blank\" rel=\"noreferrer noopener\">jafroza@usp.br<\/a>&nbsp;<\/p>\n\n\n\n<p><strong>Nematoides<\/strong>&nbsp;<\/p>\n\n\n\n<p>Identifica\u00e7\u00e3o de nematoides; Avalia\u00e7\u00e3o dos danos causados por nematoides em oliveiras; Avalia\u00e7\u00e3o do n\u00edvel de resist\u00eancia de cultivares de oliveiras a nematoides.&nbsp;&nbsp;<\/p>\n\n\n\n<p>IB-APTA &#8211; CEIB | Laborat\u00f3rio de Nematologia &#8211; Campinas.&nbsp;<\/p>\n\n\n\n<p>Claudio Marcelo Gon\u00e7alves de Oliveira&nbsp;<br>E-mail:&nbsp;<a href=\"mailto:claudiomarcelo.oliveira@sp.gov.br\" target=\"_blank\" rel=\"noreferrer noopener\">claudiomarcelo.oliveira@sp.gov.br<\/a>&nbsp;<br>Fone: (11) 5087-1712&nbsp;<\/p>\n\n\n\n<p><strong>Poda de oliveiras<\/strong>&nbsp;<\/p>\n\n\n\n<p>Edna Ivani Bertoncini&nbsp;<\/p>\n\n\n\n<p>APTA Piracicaba, SP&nbsp;<br>Fone: (19) 3421-5196 | (19) 3421-1478 ramal 343&nbsp;<br>E-mail:&nbsp;<a href=\"mailto:edna.bertoncini@sp.gov.br\" target=\"_blank\" rel=\"noreferrer noopener\">edna.bertoncini@sp.gov.br<\/a>&nbsp;<\/p>\n\n\n\n<p><strong>Curva de matura\u00e7\u00e3o de azeitonas e an\u00e1lises de polifen\u00f3is em frutos e folhas.<\/strong>&nbsp;<\/p>\n\n\n\n<p>Patricia Prati&nbsp;<\/p>\n\n\n\n<p>APTA Piracicaba, SP&nbsp;&nbsp;<br>Fone: (19) 3421-5196 | (19) 3421-1478 ramal 345&nbsp;<br>E-mail:&nbsp;<a href=\"mailto:patricia.prati@sp.gov.br\" target=\"_blank\" rel=\"noreferrer noopener\">patricia.prati@sp.gov.br<\/a>&nbsp;<\/p>\n\n\n\n<p><strong>Extra\u00e7\u00e3o de Azeites<\/strong>&nbsp;<\/p>\n\n\n\n<p>Ana Maria Rauen de Oliveira Miguel&nbsp;<br>ITAL-APTA &#8211; CCQA&nbsp;<br>Fone: (19) 3743-1782&nbsp;<br>E-mail:&nbsp;<a href=\"mailto:anarauen@ital.sp.gov.br\" target=\"_blank\" rel=\"noreferrer noopener\">anarauen@ital.sp.gov.br<\/a>&nbsp;<\/p>\n\n\n\n<p>Edna Ivani Bertoncini&nbsp;<br>APTA Piracicaba, SP&nbsp;<br>Fone: (19) 3421-5196 | (19) 3421-1478 ramal 343&nbsp;<br>E-mail:&nbsp;<a href=\"mailto:ebertoncini@apta.sp.gov.br\" target=\"_blank\" rel=\"noreferrer noopener\">ebertoncini@apta.sp.gov.br<\/a>&nbsp;<\/p>\n\n\n\n<p><strong>An\u00e1lises f\u00edsico-qu\u00edmicas de azeites nacionais e importados<\/strong>&nbsp;<\/p>\n\n\n\n<p>Patricia Prati&nbsp;<\/p>\n\n\n\n<p>APTA Piracicaba, SP&nbsp;<\/p>\n\n\n\n<p>Fone: (19) 3421-5196 | (19) 3421-1478 ramal 345&nbsp;<\/p>\n\n\n\n<p>E-mail:&nbsp;<a href=\"mailto:patricia.prati@sp.gov.br\" target=\"_blank\" rel=\"noreferrer noopener\">patricia.prati@sp.gov.br<\/a>&nbsp;<\/p>\n\n\n\n<p>&nbsp;Ana Maria Rauen de Oliveira Miguel&nbsp;<\/p>\n\n\n\n<p>ITAL-APTA | CCQA&nbsp;&nbsp;<\/p>\n\n\n\n<p>Fone: (19) 3743-1782&nbsp;&nbsp;<\/p>\n\n\n\n<p>E-mail:&nbsp;<a href=\"mailto:anarauen@ital.sp.gov.br\" target=\"_blank\" rel=\"noreferrer noopener\">anarauen@ital.sp.gov.br<\/a>&nbsp;<\/p>\n\n\n\n<p><strong>Custos de implanta\u00e7\u00e3o da cultura da oliveira, e informa\u00e7\u00f5es econ\u00f4micas da produ\u00e7\u00e3o de azeites<\/strong>&nbsp;<\/p>\n\n\n\n<p>Raquel Castellucci Caruso Sachs&nbsp;<\/p>\n\n\n\n<p>APTA Piracicaba&nbsp;<br>Tel.: (19) 3421-1478&nbsp;<\/p>\n\n\n\n<p>E-mail:&nbsp;<a href=\"mailto:raquel.sachs@sp.gov.br\" target=\"_blank\" rel=\"noreferrer noopener\">raquel.sachs@sp.gov.br<\/a>&nbsp;<\/p>\n\n\n\n<p>&nbsp;Raquel Nakazato Pinotti&nbsp;<\/p>\n\n\n\n<p>APTA Bauru&nbsp;<\/p>\n\n\n\n<p>Fone: (14) 3203-3257 | 3281-4391&nbsp;<\/p>\n\n\n\n<p>E-mail:&nbsp;<a href=\"mailto:raquel.pinotti@sp.gov.br\" target=\"_blank\" rel=\"noreferrer noopener\">raquel.pinotti@sp.gov.br<\/a>&nbsp;<\/p>\n\n\n\n<p>&nbsp;<strong>An\u00e1lise Fitoqu\u00edmica de subprodutos da cultura &#8211; material de poda e res\u00edduos da extra\u00e7\u00e3o<\/strong>&nbsp;<\/p>\n\n\n\n<p>Juliana Rolim Salom\u00e9 Teramoto&nbsp;<\/p>\n\n\n\n<p>IAC-APTA | Se\u00e7\u00e3o de Fitoqu\u00edmica&nbsp;<br>Fone: (19) 3202-1750&nbsp;<br>E-mail:&nbsp;<a href=\"mailto:juliana.teramoto@sp.gov.br\" target=\"_blank\" rel=\"noreferrer noopener\">juliana.teramoto@sp.gov.br<\/a>&nbsp;<\/p>\n\n\n\n<p>Patricia Prati&nbsp;<\/p>\n\n\n\n<p>APTA Piracicaba, SP&nbsp;<br>Fone: (19) 3421-5196 | (19) 3421-1478 ramal 345&nbsp;<br>E-mail:&nbsp;<a href=\"mailto:patricia.prati@sp.gov.br\" target=\"_blank\" rel=\"noreferrer noopener\">patricia.prati@sp.gov.br<\/a>&nbsp;<\/p>\n\n\n\n<p><strong>An\u00e1lise qu\u00edmica, tratamento e destina\u00e7\u00e3o de res\u00edduos da produ\u00e7\u00e3o de azeites: \u00e1gua de vegeta\u00e7\u00e3o e baga\u00e7o<\/strong>&nbsp;<\/p>\n\n\n\n<p>Edna Ivani Bertoncini&nbsp;<br>APTA Piracicaba&nbsp;<br>Fone: (19) 3421-5196 | (19) 3421-1478 ramal 343&nbsp;<br>E-mail:&nbsp;<a href=\"mailto:ebertoncini@apta.sp.gov.br\" target=\"_blank\" rel=\"noreferrer noopener\">ebertoncini@apta.sp.gov.br<\/a>&nbsp;<\/p>\n\n\n\n<p><strong>Extra\u00e7\u00e3o de \u00f3leos essenciais<\/strong>&nbsp;<\/p>\n\n\n\n<p>Eliane Gomes Fabri&nbsp;<br>IAC-APTA | Centro de Horticultura, Campinas, SP&nbsp;<br>Fone: (19) 3202-1704&nbsp;<br>E-mail:&nbsp;<a href=\"mailto:eliane.fabri@sp.gov.br\" target=\"_blank\" rel=\"noreferrer noopener\">eliane.fabri@sp.gov.br<\/a>&nbsp;<\/p>\n\n\n\n<p><strong>T\u00e9cnicas de azeitonas em conservas<\/strong>&nbsp;<\/p>\n\n\n\n<p>Patricia Prati&nbsp;<br>APTA Piracicaba&nbsp;<br>Fone: (19) 3421-5196 (19) 3421-1478 ramal 345&nbsp;<br>E-mail:&nbsp;<a href=\"mailto:patricia.prati@sp.gov.br\" target=\"_blank\" rel=\"noreferrer noopener\">patricia.prati@sp.gov.br<\/a>&nbsp;<\/p>\n\n\n\n<p>&nbsp;&nbsp;<strong>Parceiros<\/strong>&nbsp;<\/p>\n\n\n\n<ul class=\"wp-block-list\">\n<li>Produtores de oliveiras das diversas regi\u00f5es do estado de SP, MG, ES e RS;&nbsp;<\/li>\n<\/ul>\n\n\n\n<ul class=\"wp-block-list\">\n<li>Minist\u00e9rio da Agricultura, Pecu\u00e1ria e Abastecimento (Comiss\u00e3o Nacional de Olivicultura);&nbsp;<\/li>\n\n\n\n<li>Embrapa;&nbsp;<\/li>\n\n\n\n<li>Painel de an\u00e1lise sensorial dos azeites de oliva virgens do Laborat\u00f3rio Federal de Defesa Agropecu\u00e1ria no Rio Grande do Sul (LFDA-RS);&nbsp;<\/li>\n\n\n\n<li>ESALQ\/USP \u2013Departamento de Entomologia e Acarologia, Laborat\u00f3rio de Insetos Vetores de Fitopat\u00f3genos&nbsp;<\/li>\n\n\n\n<li>INIAV &#8211; Instituto Nacional de Investiga\u00e7\u00e3o Agr\u00e1ria e Veterin\u00e1ria,&nbsp; Portugal&nbsp;<\/li>\n<\/ul>\n\n\n\n<ul class=\"wp-block-list\">\n<li>ASSAM &#8211; Agenzia Servizi Settore Agroalimentare Marche, It\u00e1lia&nbsp;<\/li>\n\n\n\n<li>Institute of Biosciences and Bioresources &#8211; National Research Council of Italy (CNR), Bari, It\u00e1lia&nbsp;&nbsp;<\/li>\n\n\n\n<li>Department of Soil, Plant and Food Sciences, University of Bari&nbsp; AldoMoro, Bari, It\u00e1lia.&nbsp;&nbsp;<\/li>\n<\/ul>\n\n\n\n<p>&nbsp;<strong>Transfer\u00eancia de Tecnologia<\/strong>&nbsp;<\/p>\n\n\n\n<ul class=\"wp-block-list\">\n<li>Projetos t\u00e9cnicos de implanta\u00e7\u00e3o, monitoramento, e condu\u00e7\u00e3o de olivais aliados a ensaios de aduba\u00e7\u00e3o, fertiliza\u00e7\u00e3o do solo, poda de oliveiras, controle de pragas e doen\u00e7as.&nbsp;<\/li>\n\n\n\n<li>Monitoramento clim\u00e1tico por meio de esta\u00e7\u00f5es meteorol\u00f3gicas instaladas nos olivais com dados coletados de hora em hora.&nbsp;<\/li>\n\n\n\n<li>Previs\u00e3o do tempo semanal para previs\u00e3o do manejo dos olivais;&nbsp;<\/li>\n\n\n\n<li>Identifica\u00e7\u00e3o de pragas e doen\u00e7as no campo, diagn\u00f3stico e controle;&nbsp;<\/li>\n\n\n\n<li>Cursos te\u00f3rico-pr\u00e1ticos anuais aos produtores de oliveiras: curso de poda de oliveiras; curso de an\u00e1lise sensorial de azeites, curso de processamento de azeitonas para conservas.&nbsp;<\/li>\n\n\n\n<li>Palestras, dias de campo,&nbsp;&nbsp; artigos cient\u00edficos e de divulga\u00e7\u00e3o.&nbsp;<\/li>\n\n\n\n<li>Participa\u00e7\u00e3o em feiras (Expoazeite e outras feiras nacionais e internacionais)&nbsp;concursos de azeites (Brazil IOOC, Sudoliva)&nbsp;<\/li>\n<\/ul>\n\n\n\n<p><strong>Contato<\/strong>&nbsp;<\/p>\n\n\n\n<p>Edna Ivani Bertoncini&nbsp;<br>APTA Piracicaba&nbsp;<br>Fone: (19) 3421-5196 | (19) 3421-1478 ramal 343&nbsp;<br>E-mail:&nbsp;<a href=\"mailto:ebertoncini@apta.sp.gov.br\" target=\"_blank\" rel=\"noreferrer noopener\">ebertoncini@apta.sp.gov.br<\/a>&nbsp;&nbsp;<\/p>\n\n\n\n<p><\/p>\n","protected":false},"excerpt":{"rendered":"<p>O Grupo Oliva SP nasceu no ano de 2011, na APTA Regional de Piracicaba com a miss\u00e3o de organizar a\u00e7\u00f5es conjuntas de pesquisa, desenvolvimento e transfer\u00eancia de tecnologias para promover a explora\u00e7\u00e3o comercial da cultura da oliveira no estado de S\u00e3o Paulo.&nbsp; Os pesquisadores da APTA lideram os estudos para entregar aos olivicultores um pacote [&hellip;]<\/p>\n","protected":false},"author":16,"featured_media":0,"parent":0,"menu_order":0,"comment_status":"closed","ping_status":"closed","template":"","meta":{"_acf_changed":false,"footnotes":""},"class_list":["post-9191","page","type-page","status-publish","hentry"],"acf":[],"_links":{"self":[{"href":"https:\/\/agricultura.sp.gov.br\/apta-regional\/wp-json\/wp\/v2\/pages\/9191","targetHints":{"allow":["GET"]}}],"collection":[{"href":"https:\/\/agricultura.sp.gov.br\/apta-regional\/wp-json\/wp\/v2\/pages"}],"about":[{"href":"https:\/\/agricultura.sp.gov.br\/apta-regional\/wp-json\/wp\/v2\/types\/page"}],"author":[{"embeddable":true,"href":"https:\/\/agricultura.sp.gov.br\/apta-regional\/wp-json\/wp\/v2\/users\/16"}],"replies":[{"embeddable":true,"href":"https:\/\/agricultura.sp.gov.br\/apta-regional\/wp-json\/wp\/v2\/comments?post=9191"}],"version-history":[{"count":9,"href":"https:\/\/agricultura.sp.gov.br\/apta-regional\/wp-json\/wp\/v2\/pages\/9191\/revisions"}],"predecessor-version":[{"id":9466,"href":"https:\/\/agricultura.sp.gov.br\/apta-regional\/wp-json\/wp\/v2\/pages\/9191\/revisions\/9466"}],"wp:attachment":[{"href":"https:\/\/agricultura.sp.gov.br\/apta-regional\/wp-json\/wp\/v2\/media?parent=9191"}],"curies":[{"name":"wp","href":"https:\/\/api.w.org\/{rel}","templated":true}]}}