{"id":9188,"date":"2025-07-23T17:16:54","date_gmt":"2025-07-23T20:16:54","guid":{"rendered":"https:\/\/agricultura.sp.gov.br\/apta-regional\/?page_id=9188"},"modified":"2025-08-01T16:06:16","modified_gmt":"2025-08-01T19:06:16","slug":"melhoramento-do-nelore-mocho","status":"publish","type":"page","link":"https:\/\/agricultura.sp.gov.br\/apta-regional\/melhoramento-do-nelore-mocho\/","title":{"rendered":"Melhoramento do Nelore Mocho"},"content":{"rendered":"\n<figure class=\"wp-block-image size-full is-resized\"><img loading=\"lazy\" decoding=\"async\" width=\"1024\" height=\"256\" src=\"https:\/\/storage.googleapis.com\/saa-repositorio\/prd\/saa-sites\/apta-regional\/imagens\/Melhoramento-do-Nelore-Mocho.png\" alt=\"\" class=\"wp-image-9189\" style=\"object-fit:cover;width:1300px;height:300px\"\/><\/figure>\n\n\n\n<hr class=\"wp-block-separator has-text-color has-white-color has-alpha-channel-opacity has-white-background-color has-background is-style-dots\"\/>\n\n\n\n<p>Preserva\u00e7\u00e3o e sele\u00e7\u00e3o de animais melhoradores da linhagem de bovinos da ra\u00e7a Nelore Mocho da SAA.\u202fEm fun\u00e7\u00e3o de toda a evolu\u00e7\u00e3o das provas de ganho de peso, a sele\u00e7\u00e3o dos animais do Programa de Melhoramento Gen\u00e9tico do Nelore Mocho da SAA, ser\u00e1 baseada na PGP a pasto, seguindo o regulamento oficial da ABCZ, que \u00e9 fundamentada na classifica\u00e7\u00e3o dos animais com base no desempenho do pr\u00f3prio animal, usando o IPGP &#8211; \u00cdndice da Prova de Ganho em Peso.&nbsp;<\/p>\n\n\n\n<p>\u00c9 uma parceria entre Unidade Regional de Pesquisa e Desenvolvimento de\u202fAndradina, a CATI Sementes e Mudas e o Instituto de Zootecnia.&nbsp;&nbsp;<\/p>\n\n\n\n<p class=\"has-text-color has-link-color wp-elements-e24e2bed2f05924477b86fa0b33cc7e6\" style=\"color:#c00e0d\"><strong>Transfer\u00eancia de Tecnologia<\/strong>&nbsp;<\/p>\n\n\n\n<p>Disponibilizando aos pecuaristas animais melhoradores que atendam o mercado com caracter\u00edsticas de valor econ\u00f4mico agregado, tais como: desempenho, precocidade, conforma\u00e7\u00e3o frigor\u00edfica, temperamento, adapta\u00e7\u00e3o, entre outras.&nbsp;<\/p>\n\n\n\n<p><strong>Coordenador<\/strong>: Gustavo Pavan Mateus &#8211; Pesquisador Cient\u00edfico\u202f- Andradina\/SP&nbsp;<\/p>\n\n\n\n<p><strong>Equipe<\/strong>&nbsp;<\/p>\n\n\n\n<p>Braz Costa de Oliveira Junior\u202f- Assistente Agropecu\u00e1rio &#8211; Avar\u00e9\/SP&nbsp;<br>Anibal Eug\u00eanio Vercesi Filho\u202f- Pesquisador Cient\u00edfico &#8211; Nova Odessa\/SP&nbsp;<\/p>\n\n\n\n<p><strong>Parceiros<\/strong>&nbsp;<\/p>\n\n\n\n<p>ABCZ -\u202fAssocia\u00e7\u00e3o Brasileira de Criadores de Zebu&nbsp;<br>APTA Regional de\u202fAndradina&nbsp; e APTA Regional de Tiet\u00ea<br>CATI Sementes e Mudas&nbsp;<br>Instituto de Zootecnia.&nbsp; <\/p>\n\n\n\n<h2 class=\"wp-block-heading has-text-color has-link-color wp-elements-e3f0c267823f9a6f45fb68b718d33c7d\" style=\"color:#c00e0d\">Contatos:<\/h2>\n\n\n\n<p>Gustavo Pavan Mateus&nbsp;  &#8211; E-mail:&nbsp;<a href=\"mailto:gmateus@sp.gov.br\" target=\"_blank\" rel=\"noreferrer noopener\">gmateus@sp.gov.br<\/a>&nbsp;&nbsp;<br>Braz Costa de Oliveira Junior&nbsp;&nbsp;&#8211; E-mail:&nbsp;<a href=\"mailto:brazcosta@sp.gov.br\" target=\"_blank\" rel=\"noreferrer noopener\">brazcosta@sp.gov.br<\/a>&nbsp;&nbsp;<\/p>\n\n\n\n<p><\/p>\n","protected":false},"excerpt":{"rendered":"<p>Preserva\u00e7\u00e3o e sele\u00e7\u00e3o de animais melhoradores da linhagem de bovinos da ra\u00e7a Nelore Mocho da SAA.\u202fEm fun\u00e7\u00e3o de toda a evolu\u00e7\u00e3o das provas de ganho de peso, a sele\u00e7\u00e3o dos animais do Programa de Melhoramento Gen\u00e9tico do Nelore Mocho da SAA, ser\u00e1 baseada na PGP a pasto, seguindo o regulamento oficial da ABCZ, que \u00e9 [&hellip;]<\/p>\n","protected":false},"author":16,"featured_media":0,"parent":0,"menu_order":0,"comment_status":"closed","ping_status":"closed","template":"","meta":{"_acf_changed":false,"footnotes":""},"class_list":["post-9188","page","type-page","status-publish","hentry"],"acf":[],"_links":{"self":[{"href":"https:\/\/agricultura.sp.gov.br\/apta-regional\/wp-json\/wp\/v2\/pages\/9188","targetHints":{"allow":["GET"]}}],"collection":[{"href":"https:\/\/agricultura.sp.gov.br\/apta-regional\/wp-json\/wp\/v2\/pages"}],"about":[{"href":"https:\/\/agricultura.sp.gov.br\/apta-regional\/wp-json\/wp\/v2\/types\/page"}],"author":[{"embeddable":true,"href":"https:\/\/agricultura.sp.gov.br\/apta-regional\/wp-json\/wp\/v2\/users\/16"}],"replies":[{"embeddable":true,"href":"https:\/\/agricultura.sp.gov.br\/apta-regional\/wp-json\/wp\/v2\/comments?post=9188"}],"version-history":[{"count":2,"href":"https:\/\/agricultura.sp.gov.br\/apta-regional\/wp-json\/wp\/v2\/pages\/9188\/revisions"}],"predecessor-version":[{"id":9403,"href":"https:\/\/agricultura.sp.gov.br\/apta-regional\/wp-json\/wp\/v2\/pages\/9188\/revisions\/9403"}],"wp:attachment":[{"href":"https:\/\/agricultura.sp.gov.br\/apta-regional\/wp-json\/wp\/v2\/media?parent=9188"}],"curies":[{"name":"wp","href":"https:\/\/api.w.org\/{rel}","templated":true}]}}