{"id":9185,"date":"2025-07-23T17:07:23","date_gmt":"2025-07-23T20:07:23","guid":{"rendered":"https:\/\/agricultura.sp.gov.br\/apta-regional\/?page_id=9185"},"modified":"2025-08-01T16:04:02","modified_gmt":"2025-08-01T19:04:02","slug":"programa-jumento-nacional-apta-regional-de-colina","status":"publish","type":"page","link":"https:\/\/agricultura.sp.gov.br\/apta-regional\/programa-jumento-nacional-apta-regional-de-colina\/","title":{"rendered":"Programa Jumento Nacional \u2013 Apta Regional de Colina"},"content":{"rendered":"\n<figure class=\"wp-block-image size-full is-resized\"><img loading=\"lazy\" decoding=\"async\" width=\"1024\" height=\"256\" src=\"https:\/\/storage.googleapis.com\/saa-repositorio\/prd\/saa-sites\/apta-regional\/imagens\/Programa-Jumento-Nacional-Apta-Regional-Colina.png\" alt=\"\" class=\"wp-image-9397\" style=\"object-fit:cover;width:1300px;height:300px\"\/><\/figure>\n\n\n\n<p>O Jumento Nacional \u00e9 uma ra\u00e7a de Asinino utilizado na produ\u00e7\u00e3o de muares (mulas e burros) para serem utilizados na \u00a8lida\u00a8 di\u00e1ria de fazendas que atuam principalmente com pecu\u00e1ria de corte.&nbsp; H\u00e1 no Brasil, outras ra\u00e7as de asininos, sendo a mais conhecida a Pega e no caso da Ra\u00e7a Nacional, h\u00e1 poucos exemplares puros no Brasil, sendo a cria\u00e7\u00e3o da APTA Regional de Colina considerada o principal n\u00facleo de preserva\u00e7\u00e3o da ra\u00e7a&nbsp; no Brasil.<\/p>\n\n\n\n<p><strong>Nome do Coordenador<\/strong>: Dr. Fernando Bergantini Miguel<br><strong>Equipe<\/strong>: Fl\u00e1vio Dutra de Resende; Anita Shimideck<br><strong>Parceiros<\/strong>: Produtores Rurais<\/p>\n\n\n\n<p class=\"has-text-align-center has-black-color has-text-color has-background has-link-color wp-elements-3c4e0224c4e4864a1a72c57a0e7dd69f\" style=\"background-color:#f8f9fa\">&nbsp;<strong>Como se d\u00e1 a Transfer\u00eancia de Tecnologia<\/strong><\/p>\n\n\n\n<p>&nbsp;A APTA Regional de Colina&nbsp;\u00e9 detentora de um plantel invej\u00e1vel de asininos da Ra\u00e7a Nacional, o qual vem disponibilizando aos criadores tal patrim\u00f4nio gen\u00e9tico atrav\u00e9s de leil\u00f5es anuais. Os&nbsp;pesquisadores&nbsp;atuam na manuten\u00e7\u00e3o e dissemina\u00e7\u00e3o deste importante banco de germoplasma que se encontra amea\u00e7ado de extin\u00e7\u00e3o.<\/p>\n\n\n\n<h2 class=\"wp-block-heading has-vivid-red-color has-text-color has-link-color wp-elements-1480e4db88ae12e66ca94fedbd705235\">Contato:<\/h2>\n\n\n\n<p>Fernando Bergantini Miguel<br>Cel.: (17) 99619-1312;<\/p>\n\n\n\n<div class=\"wp-block-buttons is-layout-flex wp-block-buttons-is-layout-flex\">\n<div class=\"wp-block-button has-custom-width wp-block-button__width-100\"><a class=\"wp-block-button__link has-background wp-element-button\" href=\"Fernando.bergantini@sp.gov.br\" style=\"background-color:#c00e0d\"><strong>Enviar e-mail para o contato<\/strong><\/a><\/div>\n<\/div>\n\n\n\n<p><\/p>\n","protected":false},"excerpt":{"rendered":"<p>O Jumento Nacional \u00e9 uma ra\u00e7a de Asinino utilizado na produ\u00e7\u00e3o de muares (mulas e burros) para serem utilizados na \u00a8lida\u00a8 di\u00e1ria de fazendas que atuam principalmente com pecu\u00e1ria de corte.&nbsp; H\u00e1 no Brasil, outras ra\u00e7as de asininos, sendo a mais conhecida a Pega e no caso da Ra\u00e7a Nacional, h\u00e1 poucos exemplares puros no [&hellip;]<\/p>\n","protected":false},"author":16,"featured_media":0,"parent":0,"menu_order":0,"comment_status":"closed","ping_status":"closed","template":"","meta":{"_acf_changed":false,"footnotes":""},"class_list":["post-9185","page","type-page","status-publish","hentry"],"acf":[],"_links":{"self":[{"href":"https:\/\/agricultura.sp.gov.br\/apta-regional\/wp-json\/wp\/v2\/pages\/9185","targetHints":{"allow":["GET"]}}],"collection":[{"href":"https:\/\/agricultura.sp.gov.br\/apta-regional\/wp-json\/wp\/v2\/pages"}],"about":[{"href":"https:\/\/agricultura.sp.gov.br\/apta-regional\/wp-json\/wp\/v2\/types\/page"}],"author":[{"embeddable":true,"href":"https:\/\/agricultura.sp.gov.br\/apta-regional\/wp-json\/wp\/v2\/users\/16"}],"replies":[{"embeddable":true,"href":"https:\/\/agricultura.sp.gov.br\/apta-regional\/wp-json\/wp\/v2\/comments?post=9185"}],"version-history":[{"count":5,"href":"https:\/\/agricultura.sp.gov.br\/apta-regional\/wp-json\/wp\/v2\/pages\/9185\/revisions"}],"predecessor-version":[{"id":9399,"href":"https:\/\/agricultura.sp.gov.br\/apta-regional\/wp-json\/wp\/v2\/pages\/9185\/revisions\/9399"}],"wp:attachment":[{"href":"https:\/\/agricultura.sp.gov.br\/apta-regional\/wp-json\/wp\/v2\/media?parent=9185"}],"curies":[{"name":"wp","href":"https:\/\/api.w.org\/{rel}","templated":true}]}}