{"id":9182,"date":"2025-07-23T16:57:45","date_gmt":"2025-07-23T19:57:45","guid":{"rendered":"https:\/\/agricultura.sp.gov.br\/apta-regional\/?page_id=9182"},"modified":"2025-08-01T16:05:43","modified_gmt":"2025-08-01T19:05:43","slug":"rede-agroecologica-regional","status":"publish","type":"page","link":"https:\/\/agricultura.sp.gov.br\/apta-regional\/rede-agroecologica-regional\/","title":{"rendered":"Rede Agroecol\u00f3gica Regional"},"content":{"rendered":"\n<figure class=\"wp-block-image size-full is-resized\"><img loading=\"lazy\" decoding=\"async\" width=\"1024\" height=\"256\" src=\"https:\/\/storage.googleapis.com\/saa-repositorio\/prd\/saa-sites\/apta-regional\/imagens\/Rede-Agroecologica-Regional.png\" alt=\"\" class=\"wp-image-9183\" style=\"object-fit:cover;width:1300px;height:300px\"\/><\/figure>\n\n\n\n<hr class=\"wp-block-separator has-text-color has-white-color has-alpha-channel-opacity has-white-background-color has-background is-style-dots\"\/>\n\n\n\n<p>A Rede Agroecol\u00f3gica Regional foi criada em 2022 e envolve v\u00e1rios pesquisadores que j\u00e1 trabalham h\u00e1 muito tempo nas Unidades Regionais de Pesquisa que trabalham em linhas de pesquisas que t\u00eam como princ\u00edpios as bases agroecol\u00f3gicas para produ\u00e7\u00e3o de alimentos.<\/p>\n\n\n\n<p>Dentre as tem\u00e1ticas deste programa de Agroecologia destacam-se: Soberania e Seguran\u00e7a Alimentar e Nutricional; Mercados de Circuito Curto e Consumo Consciente; Sistemas Agroflorestais; Vitrines com bases tecnol\u00f3gicas das pesquisas em Agroecologia; Sistemas de Produ\u00e7\u00e3o Org\u00e2nica; Plantas Medicinais e Fitoter\u00e1picos em programas de sa\u00fade p\u00fablica; Plantas Arom\u00e1ticas, \u00d3leos Essenciais e Hidrolatos para insumos agropecu\u00e1rios e ingredientes bot\u00e2nicos; Controle Biol\u00f3gico e Horticultura Org\u00e2nica.<\/p>\n\n\n\n<p>A APTA Regional&nbsp;de S\u00e3o Roque \u00e9 a precursora do estabelecimento de uma rede de agroecologia. Promove desde 2003 semin\u00e1rios regionais de agroecologia em parceria com os Sindicatos Rurais de Ibi\u00fana e Sorocaba, al\u00e9m da CATI Regional de Sorocaba. Em parceria com o SENAR foram realizados diversos cursos de Olericultura Org\u00e2nica e Tomaticultura Org\u00e2nica que vem sendo realizado anualmente em Cotia, Ibi\u00fana, Tapirai, Porangaba entre outros munic\u00edpios. Na \u00e1rea de abrang\u00eancia da Unidade est\u00e3o 77 munic\u00edpios.<\/p>\n\n\n\n<p>Dentre as a\u00e7\u00f5es da rede destacam-se: parcerias entre as URPD e institui\u00e7\u00f5es afins em projetos de pesquisas, interc\u00e2mbio de tecnologias, produ\u00e7\u00e3o de sementes e mudas org\u00e2nicas, fortalecimento das organiza\u00e7\u00f5es sociais para promover circuitos curtos de vendas de produtos saud\u00e1veis para o mercado local estimulando o consumo consciente e proposi\u00e7\u00f5es de programas de gera\u00e7\u00e3o de renda. A ideia \u00e9 ampliar esta Rede de Agroecologia para os 645 munic\u00edpios do Estado de S\u00e3o Paulo.<\/p>\n\n\n\n<p class=\"has-black-color has-text-color has-link-color wp-elements-5afa430c74025c207b481142d800ae88\"><strong>Coordenador<\/strong>:&nbsp;<br>Sebasti\u00e3o Wilson Tivelli<br>Sandra Maria Pereira da Silva<\/p>\n\n\n\n<p><strong>Equipe<\/strong>:&nbsp;&nbsp;<\/p>\n\n\n\n<p>Apta Regional de Andradina;<br>Apta Regional de Bauru;<br>Apta Regional de Monte Alegre do Sul;<br>Apta Regional de Pariquera A\u00e7u;<br>Apta Regional de Pindamonhangaba;<br>Apta Regional de Pindorama;<br>Apta Regional de Piracicaba;<br>Apta Regional de Presidente Prudente;<br>Apta Regional de S\u00e3o Roque;<br>Apta Regional de Tiet\u00ea<br>Apta Regional de Ubatuba.<\/p>\n\n\n\n<p><strong>Parceiros<\/strong>&nbsp;<\/p>\n\n\n\n<p>CATI&nbsp;<br>Centro Paula Souza&nbsp;<\/p>\n\n\n\n<h2 class=\"wp-block-heading has-text-color has-link-color wp-elements-b92c4c3734bf49cda7c538878e4a7fd4\" style=\"color:#c00e0d\">Contato:<\/h2>\n\n\n\n<p>Sebasti\u00e3o Wilson Tivelli<br>APTA Regional de S\u00e3o Roque<br>Fone: (11) 4712-2077<\/p>\n\n\n\n<div class=\"wp-block-buttons is-layout-flex wp-block-buttons-is-layout-flex\">\n<div class=\"wp-block-button has-custom-width wp-block-button__width-50\"><a class=\"wp-block-button__link has-background wp-element-button\" href=\"tivelli@sp.gov.br\" style=\"background-color:#c00e0d\"><strong>Enviar e-mail para o contato<\/strong><\/a><\/div>\n\n\n\n<div class=\"wp-block-button has-custom-width wp-block-button__width-50\"><a class=\"wp-block-button__link has-background wp-element-button\" href=\"https:\/\/pdflink.to\/25e690c3\/\" style=\"background-color:#c00e0d\"><strong>Acessar Anais Do Semin\u00e1rio <\/strong><\/a><\/div>\n<\/div>\n\n\n\n<p><\/p>\n","protected":false},"excerpt":{"rendered":"<p>A Rede Agroecol\u00f3gica Regional foi criada em 2022 e envolve v\u00e1rios pesquisadores que j\u00e1 trabalham h\u00e1 muito tempo nas Unidades Regionais de Pesquisa que trabalham em linhas de pesquisas que t\u00eam como princ\u00edpios as bases agroecol\u00f3gicas para produ\u00e7\u00e3o de alimentos. Dentre as tem\u00e1ticas deste programa de Agroecologia destacam-se: Soberania e Seguran\u00e7a Alimentar e Nutricional; Mercados [&hellip;]<\/p>\n","protected":false},"author":16,"featured_media":0,"parent":0,"menu_order":0,"comment_status":"closed","ping_status":"closed","template":"","meta":{"_acf_changed":false,"footnotes":""},"class_list":["post-9182","page","type-page","status-publish","hentry"],"acf":[],"_links":{"self":[{"href":"https:\/\/agricultura.sp.gov.br\/apta-regional\/wp-json\/wp\/v2\/pages\/9182","targetHints":{"allow":["GET"]}}],"collection":[{"href":"https:\/\/agricultura.sp.gov.br\/apta-regional\/wp-json\/wp\/v2\/pages"}],"about":[{"href":"https:\/\/agricultura.sp.gov.br\/apta-regional\/wp-json\/wp\/v2\/types\/page"}],"author":[{"embeddable":true,"href":"https:\/\/agricultura.sp.gov.br\/apta-regional\/wp-json\/wp\/v2\/users\/16"}],"replies":[{"embeddable":true,"href":"https:\/\/agricultura.sp.gov.br\/apta-regional\/wp-json\/wp\/v2\/comments?post=9182"}],"version-history":[{"count":6,"href":"https:\/\/agricultura.sp.gov.br\/apta-regional\/wp-json\/wp\/v2\/pages\/9182\/revisions"}],"predecessor-version":[{"id":9402,"href":"https:\/\/agricultura.sp.gov.br\/apta-regional\/wp-json\/wp\/v2\/pages\/9182\/revisions\/9402"}],"wp:attachment":[{"href":"https:\/\/agricultura.sp.gov.br\/apta-regional\/wp-json\/wp\/v2\/media?parent=9182"}],"curies":[{"name":"wp","href":"https:\/\/api.w.org\/{rel}","templated":true}]}}