{"id":8798,"date":"2025-05-16T15:24:05","date_gmt":"2025-05-16T18:24:05","guid":{"rendered":"https:\/\/agricultura.sp.gov.br\/apta-regional\/?page_id=8798"},"modified":"2025-08-01T16:43:20","modified_gmt":"2025-08-01T19:43:20","slug":"ceua-apta-regional","status":"publish","type":"page","link":"https:\/\/agricultura.sp.gov.br\/apta-regional\/ceua-apta-regional\/","title":{"rendered":"Ceua &#8211; Apta Regional"},"content":{"rendered":"\n<figure class=\"wp-block-image size-full is-resized\"><img loading=\"lazy\" decoding=\"async\" width=\"1024\" height=\"256\" src=\"https:\/\/storage.googleapis.com\/saa-repositorio\/prd\/saa-sites\/apta-regional\/imagens\/Ceua-\u2013-Apta-Regional-1.png\" alt=\"\" class=\"wp-image-9407\" style=\"object-fit:cover;width:1300px;height:300px\"\/><\/figure>\n\n\n\n<hr class=\"wp-block-separator has-text-color has-white-color has-alpha-channel-opacity has-white-background-color has-background is-style-dots\"\/>\n\n\n\n<p>A Comiss\u00e3o de \u00c9tica no Uso de Animais (CEUA) \u00e9 um \u00f3rg\u00e3o assessor da Apta Regional, tendo como finalidade examinar previamente os procedimentos, protocolos, projetos de ensino e\/ou pesquisa que envolvam o uso de animais vertebrados desenvolvidos pelas URPD&#8217;s.<\/p>\n\n\n\n<p>\u00c9 compet\u00eancia da CEUA cumprir e fazer cumprir, o disposto na Lei Federal 11.794, de 08\/10\/2008 que estabelece procedimentos para o uso cient\u00edfico de animais e na Lei Estadual 11.977, de 25\/08\/2005 que institui o C\u00f3digo de Prote\u00e7\u00e3o aos Animais do Estado de S\u00e3o Paulo e nas demais normas aplic\u00e1veis \u00e0 utiliza\u00e7\u00e3o de animais em atividade did\u00e1tica e cient\u00edfica. <\/p>\n\n\n\n<p>Os pesquisadores dever\u00e3o encaminhar o formul\u00e1rio e projeto com no m\u00ednimo 30 dias de anteced\u00eancia da previs\u00e3o do in\u00edcio da pesquisa ou ensino.<\/p>\n\n\n\n<p>Atendendo a Resolu\u00e7\u00e3o CONCEA\/MCTI n\u00b049\/2021, o pesquisador tamb\u00e9m dever\u00e1 encaminhar comprovantes de capacita\u00e7\u00e3o.<\/p>\n\n\n\n<p class=\"has-background\" style=\"background-color:#f8f9fa\"><a href=\"https:\/\/www.in.gov.br\/en\/web\/dou\/-\/resolucao-concea\/mcti-n-49-de-7-de-maio-de-2021-318712950\" target=\"_blank\" rel=\"noreferrer noopener\">RESOLU\u00c7\u00c3O CONCEA\/MCTI N\u00ba 49, DE 7 DE Maio DE 2021 &#8211; RESOLU\u00c7\u00c3O CONCEA\/MCTI N\u00ba 49, DE 7 DE Maio DE 2021 &#8211; DOU &#8211; Imprensa Nacional<\/a><\/p>\n\n\n\n<p>O Curr\u00edculo Lattes tamb\u00e9m dever\u00e1 ser enviado com as informa\u00e7\u00f5es de at\u00e9 cinco anos antes do envio do projeto com informa\u00e7\u00f5es relacionadas \u00e0 experi\u00eancia do pesquisador no manejo da esp\u00e9cie escolhida, bem estar animal e nas t\u00e9cnicas a serem utilizadas.<\/p>\n\n\n\n<p>Para fins de facilitar a comprova\u00e7\u00e3o \u00e0 CEUA, sugere-se que os certificados de capacita\u00e7\u00e3o contenham as seguintes informa\u00e7\u00f5es:<\/p>\n\n\n\n<ul class=\"wp-block-list\">\n<li><\/li>\n\n\n\n<li>Nome da capacita\u00e7\u00e3o;<\/li>\n\n\n\n<li>Institui\u00e7\u00e3o (s) promotora (s);<\/li>\n\n\n\n<li>Nome e assinatura do (s) respons\u00e1vel (is) pelo curso;<\/li>\n\n\n\n<li>Modalidade do curso: Presencial, online ou h\u00edbrido;<\/li>\n\n\n\n<li>Data da capacita\u00e7\u00e3o;<\/li>\n\n\n\n<li>Carga hor\u00e1ria;<\/li>\n\n\n\n<li>Conte\u00fado program\u00e1tico;<\/li>\n\n\n\n<li>Nome completo e CPF do usu\u00e1rio.<\/li>\n<\/ul>\n\n\n\n<p>Para mais informa\u00e7\u00f5es consultar a Legisla\u00e7\u00e3o do CONCEA no link:&nbsp;<a href=\"https:\/\/www.gov.br\/mcti\/pt-br\/composicao\/conselhos\/concea\/paginas\/publicacoes-legislacao-e-guia\/legislacao-do-concea\" target=\"_blank\" rel=\"noreferrer noopener\">Legisla\u00e7\u00e3o do Concea \u2014 Minist\u00e9rio da Ci\u00eancia, Tecnologia e Inova\u00e7\u00e3o (www.gov.br)<\/a><\/p>\n\n\n\n<p>\u00c9 importante destacar que, em atendimento a legisla\u00e7\u00e3o do CONCEA, a CEUA n\u00e3o ir\u00e1 analisar ou emitir qualquer parecer referente a projetos ou procedimentos j\u00e1 executados ou em andamento.<\/p>\n\n\n\n<p>Relat\u00f3rios finais dever\u00e3o ser entregues at\u00e9 o prazo de finaliza\u00e7\u00e3o do projeto e Relat\u00f3rios parciais entregues no m\u00eas de dezembro de cada ano.<\/p>\n\n\n\n<p>QUALQUER mudan\u00e7a no projeto ou aula envolvendo os animais dever\u00e1 ser comunicada a CEUA. Dever\u00e3o ser solicitadas com justificativa cient\u00edfica e relat\u00f3rio referente ao que j\u00e1 foi realizado sem a necessidade de apresentar todos os documentos da proposta novamente. Ex: mudan\u00e7a no n\u00famero de animais, prazos, entre outros.<\/p>\n\n\n\n<p>As URPD&#8217;s dever\u00e3o estar com seus RT&#8217;s devidamente inscritos no CRMV &#8211; SP.<\/p>\n\n\n\n<p>\u00c9 responsabilidade dos Diretores das URPD&#8217;s a atualiza\u00e7\u00e3o no CIUCA do n\u00famero de animais, esp\u00e9cies e instala\u00e7\u00f5es sempre que houver alguma altera\u00e7\u00e3o.<\/p>\n","protected":false},"excerpt":{"rendered":"<p>A Comiss\u00e3o de \u00c9tica no Uso de Animais (CEUA) \u00e9 um \u00f3rg\u00e3o assessor da Apta Regional, tendo como finalidade examinar previamente os procedimentos, protocolos, projetos de ensino e\/ou pesquisa que envolvam o uso de animais vertebrados desenvolvidos pelas URPD&#8217;s. \u00c9 compet\u00eancia da CEUA cumprir e fazer cumprir, o disposto na Lei Federal 11.794, de 08\/10\/2008 [&hellip;]<\/p>\n","protected":false},"author":1,"featured_media":0,"parent":0,"menu_order":0,"comment_status":"closed","ping_status":"closed","template":"","meta":{"_acf_changed":false,"footnotes":""},"class_list":["post-8798","page","type-page","status-publish","hentry"],"acf":[],"_links":{"self":[{"href":"https:\/\/agricultura.sp.gov.br\/apta-regional\/wp-json\/wp\/v2\/pages\/8798","targetHints":{"allow":["GET"]}}],"collection":[{"href":"https:\/\/agricultura.sp.gov.br\/apta-regional\/wp-json\/wp\/v2\/pages"}],"about":[{"href":"https:\/\/agricultura.sp.gov.br\/apta-regional\/wp-json\/wp\/v2\/types\/page"}],"author":[{"embeddable":true,"href":"https:\/\/agricultura.sp.gov.br\/apta-regional\/wp-json\/wp\/v2\/users\/1"}],"replies":[{"embeddable":true,"href":"https:\/\/agricultura.sp.gov.br\/apta-regional\/wp-json\/wp\/v2\/comments?post=8798"}],"version-history":[{"count":6,"href":"https:\/\/agricultura.sp.gov.br\/apta-regional\/wp-json\/wp\/v2\/pages\/8798\/revisions"}],"predecessor-version":[{"id":9409,"href":"https:\/\/agricultura.sp.gov.br\/apta-regional\/wp-json\/wp\/v2\/pages\/8798\/revisions\/9409"}],"wp:attachment":[{"href":"https:\/\/agricultura.sp.gov.br\/apta-regional\/wp-json\/wp\/v2\/media?parent=8798"}],"curies":[{"name":"wp","href":"https:\/\/api.w.org\/{rel}","templated":true}]}}